{"id":806,"date":"2022-01-15T19:55:18","date_gmt":"2022-01-15T18:55:18","guid":{"rendered":"https:\/\/lauraperezmacho.com\/?post_type=product&#038;p=806"},"modified":"2023-07-23T13:51:35","modified_gmt":"2023-07-23T11:51:35","slug":"guion-para-cortometraje-de-ficcion","status":"publish","type":"product","link":"https:\/\/lauraperezmacho.com\/es_es\/product\/guion-para-cortometraje-de-ficcion\/","title":{"rendered":"Gui\u00f3n para cortometraje de ficci\u00f3n"},"content":{"rendered":"<p><a href=\"https:\/\/lauraperezmacho.com\/escritores-espanoles-bibliografia\/\"><em>\u00abAidan\u00bb<\/em> es el primer guion para cortometraje de ficci\u00f3n que escribo.<\/a><\/p>\n<p>Desarrollado como proyecto para el<strong> curso de Dom\u00e9stika: <a href=\"https:\/\/www.domestika.org\/es\/projects\/889324-mi-proyecto-del-curso-escritura-de-guion-para-cortometrajes-de-ficcion\"><em>Escritura de gui\u00f3n para cortometrajes de ficci\u00f3n,<\/em> <\/a><\/strong><strong>con la escritora y guionista Alejandra Moffat como profesora.<\/strong><\/p>\n<p>Fue un curso muy completo y ameno.<\/p>\n<p>Para desarrollar este guion part\u00ed de:<\/p>\n<p><strong><em>-Un tema:\u00a0 desconfianza<\/em><\/strong><br \/>\n<strong><em>-Una acci\u00f3n: enfrentar<\/em><\/strong><br \/>\n<strong><em>-Un personaje: sin techo<\/em><\/strong><br \/>\n<strong><em>-Una locaci\u00f3n: parque<\/em><\/strong><br \/>\n<strong><em>-Unas emociones: <\/em><em>miedo y soledad<\/em><\/strong><\/p>\n<p>Y con esto, empec\u00e9 a desarrollar una escaleta de un sin techo que se encuentra en un parque enfrent\u00e1ndose al miedo y a la soledad que supone estar en su situaci\u00f3n. Es vulnerable y desconf\u00eda de todos. Es un ejemplo que puede dar pie a un relato, incluso a una novela.<\/p>\n<p>Al realizar este guion para cortometraje de ficci\u00f3n <strong>aprend\u00ed\u00a0 varias cosas<\/strong>:<\/p>\n<p>-Un nuevo m\u00e9todo de escritura creativa para adquirir distintas ideas a desarrollar.<\/p>\n<p>-Varios tipos de finales.<\/p>\n<p>-Tipos de conflicto.<\/p>\n<p>-Descripci\u00f3n detallada de escenas.<\/p>\n<p>-Diferencias con la escritura de novela, ya que, no deja de ser solo un guion. En un guion de cortometraje de ficci\u00f3n, la narraci\u00f3n se basa en aspectos m\u00e1s \u00abvisuales\u00bb que se deben plasmar en la escaleta. Es una escritura m\u00e1s audiovisual, ya que est\u00e1 m\u00e1s enfocada en el cine.<\/p>\n<p>-No se\u00a0 profundiza en los pensamientos de los personajes tanto como en la escritura de novela o relato. Pero se pueden mostrar los estados de \u00e1nimo mediante acciones que los personajes realizan.<\/p>\n<p>-El tiempo verbal que se suele utilizar en este caso es el presente.<\/p>\n<p>-Fue muy \u00fatil para aprender a esquematizar, ordenar y planificar ideas de manera simple.<\/p>\n","protected":false},"excerpt":{"rendered":"<p><span style=\"font-weight: 400;\">\u00abAidan\u00bb es el primer guion que escribo para cortometraje de ficci\u00f3n.<\/span><\/p>\n","protected":false},"featured_media":809,"comment_status":"closed","ping_status":"closed","template":"","meta":{"_monsterinsights_skip_tracking":false,"_monsterinsights_sitenote_active":false,"_monsterinsights_sitenote_note":"","_monsterinsights_sitenote_category":0},"product_cat":[61],"product_tag":[62,63,44,64],"yoast_head":"<!-- This site is optimized with the Yoast SEO plugin v20.1 - https:\/\/yoast.com\/wordpress\/plugins\/seo\/ -->\n<title>Gui\u00f3n para cortometraje de ficci\u00f3n - Lauraperezmacho.com<\/title>\n<meta name=\"description\" content=\"&quot;Aidan&quot; es el primer gui\u00f3n que escribo para cortometraje de ficci\u00f3n, gracias a Alejandra Moffat por su curso y su feedback.\" \/>\n<meta name=\"robots\" content=\"index, follow, max-snippet:-1, max-image-preview:large, max-video-preview:-1\" \/>\n<link rel=\"canonical\" href=\"https:\/\/lauraperezmacho.com\/es_es\/product\/guion-para-cortometraje-de-ficcion\/\" \/>\n<meta property=\"og:locale\" content=\"es_ES\" \/>\n<meta property=\"og:type\" content=\"article\" \/>\n<meta property=\"og:title\" content=\"Gui\u00f3n para cortometraje de ficci\u00f3n - Lauraperezmacho.com\" \/>\n<meta property=\"og:description\" content=\"&quot;Aidan&quot; es el primer gui\u00f3n que escribo para cortometraje de ficci\u00f3n, gracias a Alejandra Moffat por su curso y su feedback.\" \/>\n<meta property=\"og:url\" content=\"https:\/\/lauraperezmacho.com\/es_es\/product\/guion-para-cortometraje-de-ficcion\/\" \/>\n<meta property=\"og:site_name\" content=\"Lauraperezmacho.com\" \/>\n<meta property=\"article:modified_time\" content=\"2023-07-23T11:51:35+00:00\" \/>\n<meta property=\"og:image\" content=\"https:\/\/lauraperezmacho.com\/wp-content\/uploads\/2022\/01\/\u00a1dentro-de-nada-es-navidad-\u00bfbuscas-un-regalo-original-2-1-1.png\" \/>\n\t<meta property=\"og:image:width\" content=\"1080\" \/>\n\t<meta property=\"og:image:height\" content=\"716\" \/>\n\t<meta property=\"og:image:type\" content=\"image\/png\" \/>\n<meta name=\"twitter:card\" content=\"summary_large_image\" \/>\n<meta name=\"twitter:label1\" content=\"Tiempo de lectura\" \/>\n\t<meta name=\"twitter:data1\" content=\"2 minutos\" \/>\n<script type=\"application\/ld+json\" class=\"yoast-schema-graph\">{\"@context\":\"https:\/\/schema.org\",\"@graph\":[{\"@type\":\"WebPage\",\"@id\":\"https:\/\/lauraperezmacho.com\/product\/guion-para-cortometraje-de-ficcion\/\",\"url\":\"https:\/\/lauraperezmacho.com\/product\/guion-para-cortometraje-de-ficcion\/\",\"name\":\"Gui\u00f3n para cortometraje de ficci\u00f3n - Lauraperezmacho.com\",\"isPartOf\":{\"@id\":\"https:\/\/lauraperezmacho.com\/#website\"},\"datePublished\":\"2022-01-15T18:55:18+00:00\",\"dateModified\":\"2023-07-23T11:51:35+00:00\",\"description\":\"\\\"Aidan\\\" es el primer gui\u00f3n que escribo para cortometraje de ficci\u00f3n, gracias a Alejandra Moffat por su curso y su feedback.\",\"breadcrumb\":{\"@id\":\"https:\/\/lauraperezmacho.com\/product\/guion-para-cortometraje-de-ficcion\/#breadcrumb\"},\"inLanguage\":\"es\",\"potentialAction\":[{\"@type\":\"ReadAction\",\"target\":[\"https:\/\/lauraperezmacho.com\/product\/guion-para-cortometraje-de-ficcion\/\"]}]},{\"@type\":\"BreadcrumbList\",\"@id\":\"https:\/\/lauraperezmacho.com\/product\/guion-para-cortometraje-de-ficcion\/#breadcrumb\",\"itemListElement\":[{\"@type\":\"ListItem\",\"position\":1,\"name\":\"Home\",\"item\":\"https:\/\/lauraperezmacho.com\/\"},{\"@type\":\"ListItem\",\"position\":2,\"name\":\"Mi tienda\",\"item\":\"https:\/\/lauraperezmacho.com\/mi-tienda\/\"},{\"@type\":\"ListItem\",\"position\":3,\"name\":\"Gui\u00f3n para cortometraje de ficci\u00f3n\"}]},{\"@type\":\"WebSite\",\"@id\":\"https:\/\/lauraperezmacho.com\/#website\",\"url\":\"https:\/\/lauraperezmacho.com\/\",\"name\":\"Lauraperezmacho.com\",\"description\":\"Web de autora Laura Perez Macho\",\"potentialAction\":[{\"@type\":\"SearchAction\",\"target\":{\"@type\":\"EntryPoint\",\"urlTemplate\":\"https:\/\/lauraperezmacho.com\/?s={search_term_string}\"},\"query-input\":\"required name=search_term_string\"}],\"inLanguage\":\"es\"}]}<\/script>\n<!-- \/ Yoast SEO plugin. -->","yoast_head_json":{"title":"Gui\u00f3n para cortometraje de ficci\u00f3n - Lauraperezmacho.com","description":"\"Aidan\" es el primer gui\u00f3n que escribo para cortometraje de ficci\u00f3n, gracias a Alejandra Moffat por su curso y su feedback.","robots":{"index":"index","follow":"follow","max-snippet":"max-snippet:-1","max-image-preview":"max-image-preview:large","max-video-preview":"max-video-preview:-1"},"canonical":"https:\/\/lauraperezmacho.com\/es_es\/product\/guion-para-cortometraje-de-ficcion\/","og_locale":"es_ES","og_type":"article","og_title":"Gui\u00f3n para cortometraje de ficci\u00f3n - Lauraperezmacho.com","og_description":"\"Aidan\" es el primer gui\u00f3n que escribo para cortometraje de ficci\u00f3n, gracias a Alejandra Moffat por su curso y su feedback.","og_url":"https:\/\/lauraperezmacho.com\/es_es\/product\/guion-para-cortometraje-de-ficcion\/","og_site_name":"Lauraperezmacho.com","article_modified_time":"2023-07-23T11:51:35+00:00","og_image":[{"width":1080,"height":716,"url":"https:\/\/lauraperezmacho.com\/wp-content\/uploads\/2022\/01\/\u00a1dentro-de-nada-es-navidad-\u00bfbuscas-un-regalo-original-2-1-1.png","type":"image\/png"}],"twitter_card":"summary_large_image","twitter_misc":{"Tiempo de lectura":"2 minutos"},"schema":{"@context":"https:\/\/schema.org","@graph":[{"@type":"WebPage","@id":"https:\/\/lauraperezmacho.com\/product\/guion-para-cortometraje-de-ficcion\/","url":"https:\/\/lauraperezmacho.com\/product\/guion-para-cortometraje-de-ficcion\/","name":"Gui\u00f3n para cortometraje de ficci\u00f3n - Lauraperezmacho.com","isPartOf":{"@id":"https:\/\/lauraperezmacho.com\/#website"},"datePublished":"2022-01-15T18:55:18+00:00","dateModified":"2023-07-23T11:51:35+00:00","description":"\"Aidan\" es el primer gui\u00f3n que escribo para cortometraje de ficci\u00f3n, gracias a Alejandra Moffat por su curso y su feedback.","breadcrumb":{"@id":"https:\/\/lauraperezmacho.com\/product\/guion-para-cortometraje-de-ficcion\/#breadcrumb"},"inLanguage":"es","potentialAction":[{"@type":"ReadAction","target":["https:\/\/lauraperezmacho.com\/product\/guion-para-cortometraje-de-ficcion\/"]}]},{"@type":"BreadcrumbList","@id":"https:\/\/lauraperezmacho.com\/product\/guion-para-cortometraje-de-ficcion\/#breadcrumb","itemListElement":[{"@type":"ListItem","position":1,"name":"Home","item":"https:\/\/lauraperezmacho.com\/"},{"@type":"ListItem","position":2,"name":"Mi tienda","item":"https:\/\/lauraperezmacho.com\/mi-tienda\/"},{"@type":"ListItem","position":3,"name":"Gui\u00f3n para cortometraje de ficci\u00f3n"}]},{"@type":"WebSite","@id":"https:\/\/lauraperezmacho.com\/#website","url":"https:\/\/lauraperezmacho.com\/","name":"Lauraperezmacho.com","description":"Web de autora Laura Perez Macho","potentialAction":[{"@type":"SearchAction","target":{"@type":"EntryPoint","urlTemplate":"https:\/\/lauraperezmacho.com\/?s={search_term_string}"},"query-input":"required name=search_term_string"}],"inLanguage":"es"}]}},"_links":{"self":[{"href":"https:\/\/lauraperezmacho.com\/es_es\/wp-json\/wp\/v2\/product\/806"}],"collection":[{"href":"https:\/\/lauraperezmacho.com\/es_es\/wp-json\/wp\/v2\/product"}],"about":[{"href":"https:\/\/lauraperezmacho.com\/es_es\/wp-json\/wp\/v2\/types\/product"}],"replies":[{"embeddable":true,"href":"https:\/\/lauraperezmacho.com\/es_es\/wp-json\/wp\/v2\/comments?post=806"}],"wp:featuredmedia":[{"embeddable":true,"href":"https:\/\/lauraperezmacho.com\/es_es\/wp-json\/wp\/v2\/media\/809"}],"wp:attachment":[{"href":"https:\/\/lauraperezmacho.com\/es_es\/wp-json\/wp\/v2\/media?parent=806"}],"wp:term":[{"taxonomy":"product_cat","embeddable":true,"href":"https:\/\/lauraperezmacho.com\/es_es\/wp-json\/wp\/v2\/product_cat?post=806"},{"taxonomy":"product_tag","embeddable":true,"href":"https:\/\/lauraperezmacho.com\/es_es\/wp-json\/wp\/v2\/product_tag?post=806"}],"curies":[{"name":"wp","href":"https:\/\/api.w.org\/{rel}","templated":true}]}}