{"id":804,"date":"2022-01-15T19:40:11","date_gmt":"2022-01-15T18:40:11","guid":{"rendered":"https:\/\/lauraperezmacho.com\/?post_type=product&#038;p=804"},"modified":"2023-07-23T13:51:55","modified_gmt":"2023-07-23T11:51:55","slug":"mini-relatos","status":"publish","type":"product","link":"https:\/\/lauraperezmacho.com\/es_es\/product\/mini-relatos\/","title":{"rendered":"MINI RELATOS"},"content":{"rendered":"<p>Mini relatos de varios g\u00e9neros que voy escribiendo. Los que presento a continuaci\u00f3n, los hice a lo largo del curso <em><strong>M\u00e9todo PEN<\/strong><\/em> <em>(Planificaci\u00f3n Evolutiva de Novela)<\/em> con el escritor <em><strong>Teo Palacios<\/strong><\/em>, y fueron corregidos por el tambi\u00e9n escritor, y crimin\u00f3logo, <strong><em>Iv\u00e1n Mourin.<\/em><\/strong><\/p>\n<p>Puedes leer los siguientes en el <strong>segundo especial de Agosto 2021 de la <em>Revista Cultural Digital<\/em><\/strong> <em><a href=\"https:\/\/edculturadosrces.wordpress.com\/2021\/08\/12\/el-segundo-especial-sobre-el-metodo-pen-esta-compuesto-por\/\">ED CULTURA DOS<\/a>:<\/em><\/p>\n<p><a href=\"https:\/\/edculturadosrces.wordpress.com\/2021\/08\/12\/titulo-scorpius-8\/\">SCORPIUS-8 (Ciencia Ficci\u00f3n)<\/a><\/p>\n<p><em><a href=\"https:\/\/www.youtube.com\/watch?v=zZd4CfqTPaU&amp;t=7s\">Scorpius-8 en v\u00eddeo narrado por Ingrid Ferrer (En mi canal de Youtube: Mi biblioteca oscura)<\/a><\/em><\/p>\n<p><a href=\"https:\/\/edculturadosrces.wordpress.com\/2021\/08\/12\/cryo-xxi\/\">CRYO XXI (Ciencia Ficci\u00f3n &#8211; Subg\u00e9nero Cyberpunk)<\/a><\/p>\n<p><a href=\"https:\/\/edculturadosrces.wordpress.com\/2021\/08\/12\/titulo-aniversario-sangriento\/\">ANIVERSARIO SANGRIENTO (Polic\u00edaco)<\/a><\/p>\n<p>Puedes leer los siguientes mini relatos en el <strong>tercer especial de Octubre 2021 de la <em>Revista Cultural Digital<\/em><\/strong> <em><a href=\"https:\/\/edculturadosrces.wordpress.com\/2021\/08\/12\/el-segundo-especial-sobre-el-metodo-pen-esta-compuesto-por\/\">ED CULTURA DOS<\/a>:<\/em><\/p>\n<p><a href=\"https:\/\/edculturadosrces.wordpress.com\/2021\/10\/17\/un-extrano-lugar\/\">UN EXTRA\u00d1O LUGAR (Terror)<\/a><\/p>\n<p><a href=\"https:\/\/edculturadosrces.wordpress.com\/2021\/10\/17\/bruce-campbell-el-highlander-oscuro\/\">BRUCE CAMPBELL, EL HIGHLANDER OSCURO (Hist\u00f3rico y Fant\u00e1stico)<\/a><\/p>\n<p><a href=\"https:\/\/edculturadosrces.wordpress.com\/2021\/10\/17\/batalla-de-flodden\/\">BATALLA DE FLODDEN (Hist\u00f3rico)<\/a><\/p>\n<p>Si quieres conocerme un poco mejor, saber el m\u00e9todo de escritura que tengo, mis influencias, autores favoritos&#8230; Te invito a visitar estas p\u00e1ginas:<\/p>\n<p><em><a href=\"https:\/\/lauraperezmacho.com\/como-escribo\/\"><strong>DESCUBRE AQU\u00cd C\u00d3MO ESCRIBO<\/strong><\/a><\/em><\/p>\n<p><em><strong><a href=\"https:\/\/lauraperezmacho.com\/mis-influencias\/\">DESCUBRE AQU\u00cd MIS INFLUENCIAS<\/a><\/strong><\/em><\/p>\n<p>El mini relato CRYO XXI me lo inspir\u00f3 un documental de Netflix sobre la criog\u00e9nesis. En este documental se explica en qu\u00e9 consiste todo el proceso, y la experiencia de un cient\u00edfico tailand\u00e9s que decidi\u00f3 criogenizar a su hija beb\u00e9 tras su fallecimiento. Con la esperanza de que la ciencia del futuro pueda devolverle la vida. Un tema que me resulta muy interesante. Tanto, que lo estoy desarrollando para crear la que ser\u00e1 mi tercera novela escrita.<\/p>\n","protected":false},"excerpt":{"rendered":"<p>Mini relatos de varios g\u00e9neros que voy escribiendo<\/p>\n<p>Puedes leer los siguientes en el <strong>segundo especial de Agosto 2021 de la <em>Revista Cultural Digital<\/em><\/strong> <em><a href=\"https:\/\/edculturadosrces.wordpress.com\/2021\/08\/12\/el-segundo-especial-sobre-el-metodo-pen-esta-compuesto-por\/\">ED CULTURA DOS<\/a>:<\/em><\/p>\n<p><a href=\"https:\/\/edculturadosrces.wordpress.com\/2021\/08\/12\/titulo-scorpius-8\/\">SCORPIUS-8<\/a><\/p>\n<p><em><a href=\"https:\/\/www.youtube.com\/watch?v=zZd4CfqTPaU&amp;t=7s\">Scorpius-8 en v\u00eddeo narrado por Ingrid Ferrer<\/a><\/em><\/p>\n<p><a href=\"https:\/\/edculturadosrces.wordpress.com\/2021\/08\/12\/cryo-xxi\/\">CRYO XXI<\/a><\/p>\n<p><a href=\"https:\/\/edculturadosrces.wordpress.com\/2021\/08\/12\/titulo-aniversario-sangriento\/\">ANIVERSARIO SANGRIENTO<\/a><\/p>\n<p>Puedes leer los siguientes en el <strong>tercer especial de Octubre 2021 de la <em>Revista Cultural Digital<\/em><\/strong> <em><a href=\"https:\/\/edculturadosrces.wordpress.com\/2021\/08\/12\/el-segundo-especial-sobre-el-metodo-pen-esta-compuesto-por\/\">ED CULTURA DOS<\/a>:<\/em><\/p>\n<p><a href=\"https:\/\/edculturadosrces.wordpress.com\/2021\/10\/17\/un-extrano-lugar\/\">UN EXTRA\u00d1O LUGAR<\/a><\/p>\n<p><a href=\"https:\/\/edculturadosrces.wordpress.com\/2021\/10\/17\/bruce-campbell-el-highlander-oscuro\/\">BRUCE CAMPBELL, EL HIGHLANDER OSCURO<\/a><\/p>\n<p><a href=\"https:\/\/edculturadosrces.wordpress.com\/2021\/10\/17\/batalla-de-flodden\/\">BATALLA DE FLODDEN<\/a><\/p>\n","protected":false},"featured_media":805,"comment_status":"closed","ping_status":"closed","template":"","meta":{"_monsterinsights_skip_tracking":false,"_monsterinsights_sitenote_active":false,"_monsterinsights_sitenote_note":"","_monsterinsights_sitenote_category":0},"product_cat":[57],"product_tag":[58,59,60],"yoast_head":"<!-- This site is optimized with the Yoast SEO plugin v20.1 - https:\/\/yoast.com\/wordpress\/plugins\/seo\/ -->\n<title>MINI RELATOS - Laura P\u00e9rez Macho<\/title>\n<meta name=\"description\" content=\"Mini relatos que voy escribiendo en el curso de narrativa &quot;M\u00e9todo PEN&quot; con los autores Teo Palacios e Iv\u00e1n Mourin, como profesores.\" \/>\n<meta name=\"robots\" content=\"index, follow, max-snippet:-1, max-image-preview:large, max-video-preview:-1\" \/>\n<link rel=\"canonical\" href=\"https:\/\/lauraperezmacho.com\/es_es\/product\/mini-relatos\/\" \/>\n<meta property=\"og:locale\" content=\"es_ES\" \/>\n<meta property=\"og:type\" content=\"article\" \/>\n<meta property=\"og:title\" content=\"MINI RELATOS - Laura P\u00e9rez Macho\" \/>\n<meta property=\"og:description\" content=\"Mini relatos que voy escribiendo en el curso de narrativa &quot;M\u00e9todo PEN&quot; con los autores Teo Palacios e Iv\u00e1n Mourin, como profesores.\" \/>\n<meta property=\"og:url\" content=\"https:\/\/lauraperezmacho.com\/es_es\/product\/mini-relatos\/\" \/>\n<meta property=\"og:site_name\" content=\"Lauraperezmacho.com\" \/>\n<meta property=\"article:modified_time\" content=\"2023-07-23T11:51:55+00:00\" \/>\n<meta property=\"og:image\" content=\"https:\/\/lauraperezmacho.com\/wp-content\/uploads\/2022\/01\/Frases-para-Facebook-con-Imagen-de-Libro-Abierto-1.jpg\" \/>\n\t<meta property=\"og:image:width\" content=\"1390\" \/>\n\t<meta property=\"og:image:height\" content=\"900\" \/>\n\t<meta property=\"og:image:type\" content=\"image\/jpeg\" \/>\n<meta name=\"twitter:card\" content=\"summary_large_image\" \/>\n<meta name=\"twitter:label1\" content=\"Tiempo de lectura\" \/>\n\t<meta name=\"twitter:data1\" content=\"2 minutos\" \/>\n<script type=\"application\/ld+json\" class=\"yoast-schema-graph\">{\"@context\":\"https:\/\/schema.org\",\"@graph\":[{\"@type\":\"WebPage\",\"@id\":\"https:\/\/lauraperezmacho.com\/product\/mini-relatos\/\",\"url\":\"https:\/\/lauraperezmacho.com\/product\/mini-relatos\/\",\"name\":\"MINI RELATOS - Laura P\u00e9rez Macho\",\"isPartOf\":{\"@id\":\"https:\/\/lauraperezmacho.com\/#website\"},\"datePublished\":\"2022-01-15T18:40:11+00:00\",\"dateModified\":\"2023-07-23T11:51:55+00:00\",\"description\":\"Mini relatos que voy escribiendo en el curso de narrativa \\\"M\u00e9todo PEN\\\" con los autores Teo Palacios e Iv\u00e1n Mourin, como profesores.\",\"breadcrumb\":{\"@id\":\"https:\/\/lauraperezmacho.com\/product\/mini-relatos\/#breadcrumb\"},\"inLanguage\":\"es\",\"potentialAction\":[{\"@type\":\"ReadAction\",\"target\":[\"https:\/\/lauraperezmacho.com\/product\/mini-relatos\/\"]}]},{\"@type\":\"BreadcrumbList\",\"@id\":\"https:\/\/lauraperezmacho.com\/product\/mini-relatos\/#breadcrumb\",\"itemListElement\":[{\"@type\":\"ListItem\",\"position\":1,\"name\":\"Home\",\"item\":\"https:\/\/lauraperezmacho.com\/\"},{\"@type\":\"ListItem\",\"position\":2,\"name\":\"Mi tienda\",\"item\":\"https:\/\/lauraperezmacho.com\/mi-tienda\/\"},{\"@type\":\"ListItem\",\"position\":3,\"name\":\"MINI RELATOS\"}]},{\"@type\":\"WebSite\",\"@id\":\"https:\/\/lauraperezmacho.com\/#website\",\"url\":\"https:\/\/lauraperezmacho.com\/\",\"name\":\"Lauraperezmacho.com\",\"description\":\"Web de autora Laura Perez Macho\",\"potentialAction\":[{\"@type\":\"SearchAction\",\"target\":{\"@type\":\"EntryPoint\",\"urlTemplate\":\"https:\/\/lauraperezmacho.com\/?s={search_term_string}\"},\"query-input\":\"required name=search_term_string\"}],\"inLanguage\":\"es\"}]}<\/script>\n<!-- \/ Yoast SEO plugin. -->","yoast_head_json":{"title":"MINI RELATOS - Laura P\u00e9rez Macho","description":"Mini relatos que voy escribiendo en el curso de narrativa \"M\u00e9todo PEN\" con los autores Teo Palacios e Iv\u00e1n Mourin, como profesores.","robots":{"index":"index","follow":"follow","max-snippet":"max-snippet:-1","max-image-preview":"max-image-preview:large","max-video-preview":"max-video-preview:-1"},"canonical":"https:\/\/lauraperezmacho.com\/es_es\/product\/mini-relatos\/","og_locale":"es_ES","og_type":"article","og_title":"MINI RELATOS - Laura P\u00e9rez Macho","og_description":"Mini relatos que voy escribiendo en el curso de narrativa \"M\u00e9todo PEN\" con los autores Teo Palacios e Iv\u00e1n Mourin, como profesores.","og_url":"https:\/\/lauraperezmacho.com\/es_es\/product\/mini-relatos\/","og_site_name":"Lauraperezmacho.com","article_modified_time":"2023-07-23T11:51:55+00:00","og_image":[{"width":1390,"height":900,"url":"https:\/\/lauraperezmacho.com\/wp-content\/uploads\/2022\/01\/Frases-para-Facebook-con-Imagen-de-Libro-Abierto-1.jpg","type":"image\/jpeg"}],"twitter_card":"summary_large_image","twitter_misc":{"Tiempo de lectura":"2 minutos"},"schema":{"@context":"https:\/\/schema.org","@graph":[{"@type":"WebPage","@id":"https:\/\/lauraperezmacho.com\/product\/mini-relatos\/","url":"https:\/\/lauraperezmacho.com\/product\/mini-relatos\/","name":"MINI RELATOS - Laura P\u00e9rez Macho","isPartOf":{"@id":"https:\/\/lauraperezmacho.com\/#website"},"datePublished":"2022-01-15T18:40:11+00:00","dateModified":"2023-07-23T11:51:55+00:00","description":"Mini relatos que voy escribiendo en el curso de narrativa \"M\u00e9todo PEN\" con los autores Teo Palacios e Iv\u00e1n Mourin, como profesores.","breadcrumb":{"@id":"https:\/\/lauraperezmacho.com\/product\/mini-relatos\/#breadcrumb"},"inLanguage":"es","potentialAction":[{"@type":"ReadAction","target":["https:\/\/lauraperezmacho.com\/product\/mini-relatos\/"]}]},{"@type":"BreadcrumbList","@id":"https:\/\/lauraperezmacho.com\/product\/mini-relatos\/#breadcrumb","itemListElement":[{"@type":"ListItem","position":1,"name":"Home","item":"https:\/\/lauraperezmacho.com\/"},{"@type":"ListItem","position":2,"name":"Mi tienda","item":"https:\/\/lauraperezmacho.com\/mi-tienda\/"},{"@type":"ListItem","position":3,"name":"MINI RELATOS"}]},{"@type":"WebSite","@id":"https:\/\/lauraperezmacho.com\/#website","url":"https:\/\/lauraperezmacho.com\/","name":"Lauraperezmacho.com","description":"Web de autora Laura Perez Macho","potentialAction":[{"@type":"SearchAction","target":{"@type":"EntryPoint","urlTemplate":"https:\/\/lauraperezmacho.com\/?s={search_term_string}"},"query-input":"required name=search_term_string"}],"inLanguage":"es"}]}},"_links":{"self":[{"href":"https:\/\/lauraperezmacho.com\/es_es\/wp-json\/wp\/v2\/product\/804"}],"collection":[{"href":"https:\/\/lauraperezmacho.com\/es_es\/wp-json\/wp\/v2\/product"}],"about":[{"href":"https:\/\/lauraperezmacho.com\/es_es\/wp-json\/wp\/v2\/types\/product"}],"replies":[{"embeddable":true,"href":"https:\/\/lauraperezmacho.com\/es_es\/wp-json\/wp\/v2\/comments?post=804"}],"wp:featuredmedia":[{"embeddable":true,"href":"https:\/\/lauraperezmacho.com\/es_es\/wp-json\/wp\/v2\/media\/805"}],"wp:attachment":[{"href":"https:\/\/lauraperezmacho.com\/es_es\/wp-json\/wp\/v2\/media?parent=804"}],"wp:term":[{"taxonomy":"product_cat","embeddable":true,"href":"https:\/\/lauraperezmacho.com\/es_es\/wp-json\/wp\/v2\/product_cat?post=804"},{"taxonomy":"product_tag","embeddable":true,"href":"https:\/\/lauraperezmacho.com\/es_es\/wp-json\/wp\/v2\/product_tag?post=804"}],"curies":[{"name":"wp","href":"https:\/\/api.w.org\/{rel}","templated":true}]}}