{"id":799,"date":"2022-01-15T18:59:08","date_gmt":"2022-01-15T17:59:08","guid":{"rendered":"https:\/\/lauraperezmacho.com\/?post_type=product&#038;p=799"},"modified":"2024-10-25T21:23:30","modified_gmt":"2024-10-25T19:23:30","slug":"poemario-vivir-sentir-morir","status":"publish","type":"product","link":"https:\/\/lauraperezmacho.com\/es_es\/product\/poemario-vivir-sentir-morir\/","title":{"rendered":"Poemario: Vivir, Sentir, Morir"},"content":{"rendered":"<div class=\"col-xs-12 col-sm-3 end-sm\" style=\"text-align: left;\">\n<p><strong>Distribuido en:<\/strong><\/p>\n<\/div>\n<div class=\"col-xs-12 col-sm-9\" style=\"text-align: left;\">\n<p><strong><em>24symbols \/ Anyplay \/ Apple \/ Audiobooks.com \/ AudiobooksNow \/ AudiobooksNZ \/ BajaLibros \/ BAM \/ Beek \/ BingeBooks \/ Bokus Play \/ Bookmate \/ Chirp \/ Cliq \/ Downpour \/ eStories \/ Google Play \/ Hummingbird \/ Instaread \/ Kobo, Walmart \/ Leamos \/ Libro.FM \/ Milkbox \/ Nextory \/ NOOK Audiobooks \/ Scribd \/ Storytel \/ Ubook \/ 3Leaf Group \/ Axiell \/ Baker &amp; Taylor \/ Bibliotheca \/ Bidi \/ EBSCO \/ Follett \/ hoopla \/ MLOL \/ Odilo \/ Overdrive \/ Perma-Bound \/ Ulverscroft \/ Wheelers<\/em><\/strong><\/p>\n<\/div>\n<p style=\"text-align: left;\"><strong><em>Autora: <\/em><\/strong><em>Laury P. M. <\/em><strong><em>ISBN: 9781667089270 <\/em><\/strong><\/p>\n<p style=\"text-align: left;\"><strong>Fecha de subida: <\/strong>18-9-2021 <strong style=\"text-align: center;\">Narraci\u00f3n, m\u00fasica y efectos: <\/strong><span style=\"text-align: center;\">Ingrid Ferrer <\/span><\/p>\n<p style=\"text-align: left;\"><strong style=\"text-align: center;\">Publicado por: <\/strong><a style=\"text-align: center;\" href=\"https:\/\/www.letraminuscula.com\/publicar-audiolibro\/\">Editorial Letra Min\u00fascula <\/a><strong>Audio Copyright: <\/strong>2021 Laury P.M.<\/p>\n<div class=\"col-xs-12 col-sm-9\">\n<p style=\"text-align: left;\">El poemario: vivir, sentir morir, es una recopilaci\u00f3n de <strong>8 poemas en total, escritos a lo largo de mi vida<\/strong>.<\/p>\n<p style=\"text-align: left;\">El principal g\u00e9nero es la <strong>fantas\u00eda<\/strong>. Algunos poemas est\u00e1n basados en <strong>experiencias personales<\/strong>.<\/p>\n<p style=\"text-align: left;\">El poemario: vivir, sentir, morir, es el primer poemario que publico. Y tambi\u00e9n, es la primera publicaci\u00f3n en formato audiolibro que hago.<\/p>\n<p style=\"text-align: left;\">La portada tan Shakesperiana, representa el nombre del poemario:<\/p>\n<ul style=\"text-align: left;\">\n<li><em><strong>El libro<\/strong><\/em> representa la sabidur\u00eda que se adquiere al <strong>VIVIR.<\/strong><\/li>\n<li><em><strong>Las rosas rojas<\/strong><\/em> representan al <strong>SENTIR.<\/strong><\/li>\n<li><em><strong>La calavera<\/strong><\/em> representa el <strong>MORIR.<\/strong><\/li>\n<\/ul>\n<div class=\"ABgcGb vmod\" style=\"text-align: left;\"><a href=\"https:\/\/lauraperezmacho.com\/escritores-espanoles-bibliografia\/\">Descubre AQU\u00cd MIS CREACIONES<\/a><\/div>\n<\/div>\n<div><\/div>\n<div>\n<p>&nbsp;<\/p>\n<figure id=\"attachment_1933\" aria-describedby=\"caption-attachment-1933\" style=\"width: 1024px\" class=\"wp-caption alignnone\"><img loading=\"lazy\" class=\"size-large wp-image-1933\" src=\"https:\/\/lauraperezmacho.com\/wp-content\/uploads\/2022\/01\/post-Sergibooks-para-el-poemario-1024x780.jpg\" alt=\"Post Sergibooks para el poemario\" width=\"1024\" height=\"780\" srcset=\"https:\/\/lauraperezmacho.com\/wp-content\/uploads\/2022\/01\/post-Sergibooks-para-el-poemario-1024x780.jpg 1024w, https:\/\/lauraperezmacho.com\/wp-content\/uploads\/2022\/01\/post-Sergibooks-para-el-poemario-700x534.jpg 700w, https:\/\/lauraperezmacho.com\/wp-content\/uploads\/2022\/01\/post-Sergibooks-para-el-poemario-300x229.jpg 300w, https:\/\/lauraperezmacho.com\/wp-content\/uploads\/2022\/01\/post-Sergibooks-para-el-poemario-768x585.jpg 768w, https:\/\/lauraperezmacho.com\/wp-content\/uploads\/2022\/01\/post-Sergibooks-para-el-poemario-16x12.jpg 16w, https:\/\/lauraperezmacho.com\/wp-content\/uploads\/2022\/01\/post-Sergibooks-para-el-poemario-400x305.jpg 400w, https:\/\/lauraperezmacho.com\/wp-content\/uploads\/2022\/01\/post-Sergibooks-para-el-poemario.jpg 1106w\" sizes=\"(max-width: 1024px) 100vw, 1024px\" \/><figcaption id=\"caption-attachment-1933\" class=\"wp-caption-text\">Post Sergibooks para el poemario<\/figcaption><\/figure>\n<figure id=\"attachment_2043\" aria-describedby=\"caption-attachment-2043\" style=\"width: 573px\" class=\"wp-caption alignnone\"><img loading=\"lazy\" class=\"size-full wp-image-2043\" src=\"https:\/\/lauraperezmacho.com\/wp-content\/uploads\/2022\/01\/Resena-Poemario-Rosa.jpg\" alt=\"Opini\u00f3n de Rosa en Kobo para el Poemario en audiolibro\" width=\"573\" height=\"710\" srcset=\"https:\/\/lauraperezmacho.com\/wp-content\/uploads\/2022\/01\/Resena-Poemario-Rosa.jpg 573w, https:\/\/lauraperezmacho.com\/wp-content\/uploads\/2022\/01\/Resena-Poemario-Rosa-242x300.jpg 242w, https:\/\/lauraperezmacho.com\/wp-content\/uploads\/2022\/01\/Resena-Poemario-Rosa-10x12.jpg 10w, https:\/\/lauraperezmacho.com\/wp-content\/uploads\/2022\/01\/Resena-Poemario-Rosa-323x400.jpg 323w, https:\/\/lauraperezmacho.com\/wp-content\/uploads\/2022\/01\/Resena-Poemario-Rosa-565x700.jpg 565w\" sizes=\"(max-width: 573px) 100vw, 573px\" \/><figcaption id=\"caption-attachment-2043\" class=\"wp-caption-text\">Opini\u00f3n de Rosa en Kobo para el Poemario en audiolibro<\/figcaption><\/figure>\n<\/div>\n","protected":false},"excerpt":{"rendered":"<p><span style=\"font-size: 16px;\">Poemario en audiolibro con m\u00fasica y efectos de sonido <\/span>\u00a1Ya disponible! gracias a <em><strong>Editorial Letra Min\u00fascula<\/strong><\/em>, y a la artista narradora <strong><em>Ingrid Ferrer<\/em><\/strong><\/p>\n<p><strong><em>ISBN: 9781667089270<\/em><\/strong><\/p>\n<p><strong><em>Disponible en:\u00a0<\/em><\/strong><\/p>\n[button id=\"1ab12cd2f3b2d5fb8b44f3e638307b05\" label=\"Storytel\" button_type=\"{\u2039\u00b2\u203abutton_type_select\u2039\u00b2\u203a:\u2039\u00b2\u203anormal_button\u2039\u00b2\u203a,\u2039\u00b2\u203anormal_button\u2039\u00b2\u203a:{\u2039\u00b2\u203alink\u2039\u00b2\u203a:\u2039\u00b2\u203ahttps:\/\/www.storytel.com\/es\/es\/books\/vivir-sentir-morir-1426150\u2039\u00b2\u203a,\u2039\u00b2\u203atarget\u2039\u00b2\u203a:\u2039\u00b2\u203a_blank\u2039\u00b2\u203a},\u2039\u00b2\u203aproduct_button\u2039\u00b2\u203a:{\u2039\u00b2\u203aproduct\u2039\u00b2\u203a:\u2039\u00b2\u203a\u2039\u00b2\u203a,\u2039\u00b2\u203aproduct_button_type\u2039\u00b2\u203a:\u2039\u00b2\u203abuy\u2039\u00b2\u203a}}\" color=\"normal\" hide_on_desktop=\"false\" hide_on_mobile=\"false\" animation_on_scroll=\"{\u2039\u00b2\u203aanimation_enable\u2039\u00b2\u203a:\u2039\u00b2\u203ano\u2039\u00b2\u203a,\u2039\u00b2\u203ayes\u2039\u00b2\u203a:{\u2039\u00b2\u203aanimation_type\u2039\u00b2\u203a:\u2039\u00b2\u203afadeIn\u2039\u00b2\u203a,\u2039\u00b2\u203aanimation_delay\u2039\u00b2\u203a:\u2039\u00b2\u203a0\u2039\u00b2\u203a}}\" __fw_editor_shortcodes_id=\"81b0e6d58842d560f0623119b1564a0d\" _array_keys=\"{\u2039\u00b2\u203abutton_type\u2039\u00b2\u203a:\u2039\u00b2\u203abutton_type\u2039\u00b2\u203a,\u2039\u00b2\u203aanimation_on_scroll\u2039\u00b2\u203a:\u2039\u00b2\u203aanimation_on_scroll\u2039\u00b2\u203a}\" _fw_coder=\"aggressive\"][\/button]\n[button id=\"adc0f038cc58344a3d6fc690ecca7091\" label=\"Kobo\" button_type=\"{\u2039\u00b2\u203abutton_type_select\u2039\u00b2\u203a:\u2039\u00b2\u203anormal_button\u2039\u00b2\u203a,\u2039\u00b2\u203anormal_button\u2039\u00b2\u203a:{\u2039\u00b2\u203alink\u2039\u00b2\u203a:\u2039\u00b2\u203ahttps:\/\/www.kobo.com\/es\/es\/audiobook\/vivir-sentir-morir\u2039\u00b2\u203a,\u2039\u00b2\u203atarget\u2039\u00b2\u203a:\u2039\u00b2\u203a_blank\u2039\u00b2\u203a},\u2039\u00b2\u203aproduct_button\u2039\u00b2\u203a:{\u2039\u00b2\u203aproduct\u2039\u00b2\u203a:\u2039\u00b2\u203a\u2039\u00b2\u203a,\u2039\u00b2\u203aproduct_button_type\u2039\u00b2\u203a:\u2039\u00b2\u203abuy\u2039\u00b2\u203a}}\" color=\"normal\" hide_on_desktop=\"false\" hide_on_mobile=\"false\" animation_on_scroll=\"{\u2039\u00b2\u203aanimation_enable\u2039\u00b2\u203a:\u2039\u00b2\u203ano\u2039\u00b2\u203a,\u2039\u00b2\u203ayes\u2039\u00b2\u203a:{\u2039\u00b2\u203aanimation_type\u2039\u00b2\u203a:\u2039\u00b2\u203afadeIn\u2039\u00b2\u203a,\u2039\u00b2\u203aanimation_delay\u2039\u00b2\u203a:\u2039\u00b2\u203a0\u2039\u00b2\u203a}}\" __fw_editor_shortcodes_id=\"ca629bf8daa0043e3efbbd21c640d3fe\" _array_keys=\"{\u2039\u00b2\u203abutton_type\u2039\u00b2\u203a:\u2039\u00b2\u203abutton_type\u2039\u00b2\u203a,\u2039\u00b2\u203aanimation_on_scroll\u2039\u00b2\u203a:\u2039\u00b2\u203aanimation_on_scroll\u2039\u00b2\u203a}\" _fw_coder=\"aggressive\"][\/button]\n[button id=\"adc0f038cc58344a3d6fc690ecca7091\" label=\"Audiobooks\" button_type=\"{\u2039\u00b2\u203abutton_type_select\u2039\u00b2\u203a:\u2039\u00b2\u203anormal_button\u2039\u00b2\u203a,\u2039\u00b2\u203anormal_button\u2039\u00b2\u203a:{\u2039\u00b2\u203alink\u2039\u00b2\u203a:\u2039\u00b2\u203ahttps:\/\/www.audiobooks.com\/audiobook\/vivir-sentir-morir\/554216\u2039\u00b2\u203a,\u2039\u00b2\u203atarget\u2039\u00b2\u203a:\u2039\u00b2\u203a_blank\u2039\u00b2\u203a},\u2039\u00b2\u203aproduct_button\u2039\u00b2\u203a:{\u2039\u00b2\u203aproduct\u2039\u00b2\u203a:\u2039\u00b2\u203a\u2039\u00b2\u203a,\u2039\u00b2\u203aproduct_button_type\u2039\u00b2\u203a:\u2039\u00b2\u203abuy\u2039\u00b2\u203a}}\" color=\"normal\" hide_on_desktop=\"false\" hide_on_mobile=\"false\" animation_on_scroll=\"{\u2039\u00b2\u203aanimation_enable\u2039\u00b2\u203a:\u2039\u00b2\u203ano\u2039\u00b2\u203a,\u2039\u00b2\u203ayes\u2039\u00b2\u203a:{\u2039\u00b2\u203aanimation_type\u2039\u00b2\u203a:\u2039\u00b2\u203afadeIn\u2039\u00b2\u203a,\u2039\u00b2\u203aanimation_delay\u2039\u00b2\u203a:\u2039\u00b2\u203a0\u2039\u00b2\u203a}}\" __fw_editor_shortcodes_id=\"ca629bf8daa0043e3efbbd21c640d3fe\" _array_keys=\"{\u2039\u00b2\u203abutton_type\u2039\u00b2\u203a:\u2039\u00b2\u203abutton_type\u2039\u00b2\u203a,\u2039\u00b2\u203aanimation_on_scroll\u2039\u00b2\u203a:\u2039\u00b2\u203aanimation_on_scroll\u2039\u00b2\u203a}\" _fw_coder=\"aggressive\"]\n<p>[\/button][button id=\"1ab12cd2f3b2d5fb8b44f3e638307b05\" label=\"Scribd\" button_type=\"{\u2039\u00b2\u203abutton_type_select\u2039\u00b2\u203a:\u2039\u00b2\u203anormal_button\u2039\u00b2\u203a,\u2039\u00b2\u203anormal_button\u2039\u00b2\u203a:{\u2039\u00b2\u203alink\u2039\u00b2\u203a:\u2039\u00b2\u203a https:\/\/es.scribd.com\/audiobook\/532016869\/Vivir-sentir-morir \u2039\u00b2\u203a,\u2039\u00b2\u203atarget\u2039\u00b2\u203a:\u2039\u00b2\u203a_blank\u2039\u00b2\u203a},\u2039\u00b2\u203aproduct_button\u2039\u00b2\u203a:{\u2039\u00b2\u203aproduct\u2039\u00b2\u203a:\u2039\u00b2\u203a\u2039\u00b2\u203a,\u2039\u00b2\u203aproduct_button_type\u2039\u00b2\u203a:\u2039\u00b2\u203abuy\u2039\u00b2\u203a}}\" color=\"normal\" hide_on_desktop=\"false\" hide_on_mobile=\"false\" animation_on_scroll=\"{\u2039\u00b2\u203aanimation_enable\u2039\u00b2\u203a:\u2039\u00b2\u203ano\u2039\u00b2\u203a,\u2039\u00b2\u203ayes\u2039\u00b2\u203a:{\u2039\u00b2\u203aanimation_type\u2039\u00b2\u203a:\u2039\u00b2\u203afadeIn\u2039\u00b2\u203a,\u2039\u00b2\u203aanimation_delay\u2039\u00b2\u203a:\u2039\u00b2\u203a0\u2039\u00b2\u203a}}\" __fw_editor_shortcodes_id=\"81b0e6d58842d560f0623119b1564a0d\" _array_keys=\"{\u2039\u00b2\u203abutton_type\u2039\u00b2\u203a:\u2039\u00b2\u203abutton_type\u2039\u00b2\u203a,\u2039\u00b2\u203aanimation_on_scroll\u2039\u00b2\u203a:\u2039\u00b2\u203aanimation_on_scroll\u2039\u00b2\u203a}\" _fw_coder=\"aggressive\"]<\/p>\n<p>[\/button][button id=\"1ab12cd2f3b2d5fb8b44f3e638307b05\" label=\"Google Play\" button_type=\"{\u2039\u00b2\u203abutton_type_select\u2039\u00b2\u203a:\u2039\u00b2\u203anormal_button\u2039\u00b2\u203a,\u2039\u00b2\u203anormal_button\u2039\u00b2\u203a:{\u2039\u00b2\u203alink\u2039\u00b2\u203a:\u2039\u00b2\u203a https:\/\/play.google.com\/store\/audiobooks\/details\/Laury_P_M_Vivir_sentir_morir?id=AQAAAECCkDDQoM\u2039\u00b2\u203a,\u2039\u00b2\u203atarget\u2039\u00b2\u203a:\u2039\u00b2\u203a_blank\u2039\u00b2\u203a},\u2039\u00b2\u203aproduct_button\u2039\u00b2\u203a:{\u2039\u00b2\u203aproduct\u2039\u00b2\u203a:\u2039\u00b2\u203a\u2039\u00b2\u203a,\u2039\u00b2\u203aproduct_button_type\u2039\u00b2\u203a:\u2039\u00b2\u203abuy\u2039\u00b2\u203a}}\" color=\"normal\" hide_on_desktop=\"false\" hide_on_mobile=\"false\" animation_on_scroll=\"{\u2039\u00b2\u203aanimation_enable\u2039\u00b2\u203a:\u2039\u00b2\u203ano\u2039\u00b2\u203a,\u2039\u00b2\u203ayes\u2039\u00b2\u203a:{\u2039\u00b2\u203aanimation_type\u2039\u00b2\u203a:\u2039\u00b2\u203afadeIn\u2039\u00b2\u203a,\u2039\u00b2\u203aanimation_delay\u2039\u00b2\u203a:\u2039\u00b2\u203a0\u2039\u00b2\u203a}}\" __fw_editor_shortcodes_id=\"81b0e6d58842d560f0623119b1564a0d\" _array_keys=\"{\u2039\u00b2\u203abutton_type\u2039\u00b2\u203a:\u2039\u00b2\u203abutton_type\u2039\u00b2\u203a,\u2039\u00b2\u203aanimation_on_scroll\u2039\u00b2\u203a:\u2039\u00b2\u203aanimation_on_scroll\u2039\u00b2\u203a}\" _fw_coder=\"aggressive\"]<\/p>\n<p>[\/button][button id=\"1ab12cd2f3b2d5fb8b44f3e638307b05\" label=\"Barnes &amp; Noble\" button_type=\"{\u2039\u00b2\u203abutton_type_select\u2039\u00b2\u203a:\u2039\u00b2\u203anormal_button\u2039\u00b2\u203a,\u2039\u00b2\u203anormal_button\u2039\u00b2\u203a:{\u2039\u00b2\u203alink\u2039\u00b2\u203a:\u2039\u00b2\u203ahttps:\/\/www.barnesandnoble.com\/w\/vivir-sentir-morir-laury-p-m\/1140442807?ean=2940176377071 \u2039\u00b2\u203a,\u2039\u00b2\u203atarget\u2039\u00b2\u203a:\u2039\u00b2\u203a_blank\u2039\u00b2\u203a},\u2039\u00b2\u203aproduct_button\u2039\u00b2\u203a:{\u2039\u00b2\u203aproduct\u2039\u00b2\u203a:\u2039\u00b2\u203a\u2039\u00b2\u203a,\u2039\u00b2\u203aproduct_button_type\u2039\u00b2\u203a:\u2039\u00b2\u203abuy\u2039\u00b2\u203a}}\" color=\"normal\" hide_on_desktop=\"false\" hide_on_mobile=\"false\" animation_on_scroll=\"{\u2039\u00b2\u203aanimation_enable\u2039\u00b2\u203a:\u2039\u00b2\u203ano\u2039\u00b2\u203a,\u2039\u00b2\u203ayes\u2039\u00b2\u203a:{\u2039\u00b2\u203aanimation_type\u2039\u00b2\u203a:\u2039\u00b2\u203afadeIn\u2039\u00b2\u203a,\u2039\u00b2\u203aanimation_delay\u2039\u00b2\u203a:\u2039\u00b2\u203a0\u2039\u00b2\u203a}}\" __fw_editor_shortcodes_id=\"81b0e6d58842d560f0623119b1564a0d\" _array_keys=\"{\u2039\u00b2\u203abutton_type\u2039\u00b2\u203a:\u2039\u00b2\u203abutton_type\u2039\u00b2\u203a,\u2039\u00b2\u203aanimation_on_scroll\u2039\u00b2\u203a:\u2039\u00b2\u203aanimation_on_scroll\u2039\u00b2\u203a}\" _fw_coder=\"aggressive\"]<\/p>\n<p>[\/button][button id=\"1ab12cd2f3b2d5fb8b44f3e638307b05\" label=\"Libro.FM\" button_type=\"{\u2039\u00b2\u203abutton_type_select\u2039\u00b2\u203a:\u2039\u00b2\u203anormal_button\u2039\u00b2\u203a,\u2039\u00b2\u203anormal_button\u2039\u00b2\u203a:{\u2039\u00b2\u203alink\u2039\u00b2\u203a:\u2039\u00b2\u203ahttps:\/\/libro.fm\/audiobooks\/9781667089270-vivir-sentir-morir \u2039\u00b2\u203a,\u2039\u00b2\u203atarget\u2039\u00b2\u203a:\u2039\u00b2\u203a_blank\u2039\u00b2\u203a},\u2039\u00b2\u203aproduct_button\u2039\u00b2\u203a:{\u2039\u00b2\u203aproduct\u2039\u00b2\u203a:\u2039\u00b2\u203a\u2039\u00b2\u203a,\u2039\u00b2\u203aproduct_button_type\u2039\u00b2\u203a:\u2039\u00b2\u203abuy\u2039\u00b2\u203a}}\" color=\"normal\" hide_on_desktop=\"false\" hide_on_mobile=\"false\" animation_on_scroll=\"{\u2039\u00b2\u203aanimation_enable\u2039\u00b2\u203a:\u2039\u00b2\u203ano\u2039\u00b2\u203a,\u2039\u00b2\u203ayes\u2039\u00b2\u203a:{\u2039\u00b2\u203aanimation_type\u2039\u00b2\u203a:\u2039\u00b2\u203afadeIn\u2039\u00b2\u203a,\u2039\u00b2\u203aanimation_delay\u2039\u00b2\u203a:\u2039\u00b2\u203a0\u2039\u00b2\u203a}}\" __fw_editor_shortcodes_id=\"81b0e6d58842d560f0623119b1564a0d\" _array_keys=\"{\u2039\u00b2\u203abutton_type\u2039\u00b2\u203a:\u2039\u00b2\u203abutton_type\u2039\u00b2\u203a,\u2039\u00b2\u203aanimation_on_scroll\u2039\u00b2\u203a:\u2039\u00b2\u203aanimation_on_scroll\u2039\u00b2\u203a}\" _fw_coder=\"aggressive\"]<\/p>\n<p>[\/button][button id=\"1ab12cd2f3b2d5fb8b44f3e638307b05\" label=\"Hoopla\" button_type=\"{\u2039\u00b2\u203abutton_type_select\u2039\u00b2\u203a:\u2039\u00b2\u203anormal_button\u2039\u00b2\u203a,\u2039\u00b2\u203anormal_button\u2039\u00b2\u203a:{\u2039\u00b2\u203alink\u2039\u00b2\u203a:\u2039\u00b2\u203ahttps:\/\/www.hoopladigital.com\/title\/16033327\u2039\u00b2\u203a,\u2039\u00b2\u203atarget\u2039\u00b2\u203a:\u2039\u00b2\u203a_blank\u2039\u00b2\u203a},\u2039\u00b2\u203aproduct_button\u2039\u00b2\u203a:{\u2039\u00b2\u203aproduct\u2039\u00b2\u203a:\u2039\u00b2\u203a\u2039\u00b2\u203a,\u2039\u00b2\u203aproduct_button_type\u2039\u00b2\u203a:\u2039\u00b2\u203abuy\u2039\u00b2\u203a}}\" color=\"normal\" hide_on_desktop=\"false\" hide_on_mobile=\"false\" animation_on_scroll=\"{\u2039\u00b2\u203aanimation_enable\u2039\u00b2\u203a:\u2039\u00b2\u203ano\u2039\u00b2\u203a,\u2039\u00b2\u203ayes\u2039\u00b2\u203a:{\u2039\u00b2\u203aanimation_type\u2039\u00b2\u203a:\u2039\u00b2\u203afadeIn\u2039\u00b2\u203a,\u2039\u00b2\u203aanimation_delay\u2039\u00b2\u203a:\u2039\u00b2\u203a0\u2039\u00b2\u203a}}\" __fw_editor_shortcodes_id=\"81b0e6d58842d560f0623119b1564a0d\" _array_keys=\"{\u2039\u00b2\u203abutton_type\u2039\u00b2\u203a:\u2039\u00b2\u203abutton_type\u2039\u00b2\u203a,\u2039\u00b2\u203aanimation_on_scroll\u2039\u00b2\u203a:\u2039\u00b2\u203aanimation_on_scroll\u2039\u00b2\u203a}\" _fw_coder=\"aggressive\"]<\/p>\n","protected":false},"featured_media":800,"comment_status":"closed","ping_status":"closed","template":"","meta":{"_monsterinsights_skip_tracking":false,"_monsterinsights_sitenote_active":false,"_monsterinsights_sitenote_note":"","_monsterinsights_sitenote_category":0},"product_cat":[47],"product_tag":[48,49,50,51],"yoast_head":"<!-- This site is optimized with the Yoast SEO plugin v20.1 - https:\/\/yoast.com\/wordpress\/plugins\/seo\/ -->\n<title>Poemario: Vivir, Sentir, Morir - Laura P\u00e9rez Macho<\/title>\n<meta name=\"description\" content=\"El poemario: Vivir, sentir, morir, es la primera obra que publicar\u00e9 en formato audiolibro con la editorial Letra Min\u00fascula.\" \/>\n<meta name=\"robots\" content=\"index, follow, max-snippet:-1, max-image-preview:large, max-video-preview:-1\" \/>\n<link rel=\"canonical\" href=\"https:\/\/lauraperezmacho.com\/es_es\/product\/poemario-vivir-sentir-morir\/\" \/>\n<meta property=\"og:locale\" content=\"es_ES\" \/>\n<meta property=\"og:type\" content=\"article\" \/>\n<meta property=\"og:title\" content=\"Poemario: Vivir, Sentir, Morir - Laura P\u00e9rez Macho\" \/>\n<meta property=\"og:description\" content=\"El poemario: Vivir, sentir, morir, es la primera obra que publicar\u00e9 en formato audiolibro con la editorial Letra Min\u00fascula.\" \/>\n<meta property=\"og:url\" content=\"https:\/\/lauraperezmacho.com\/es_es\/product\/poemario-vivir-sentir-morir\/\" \/>\n<meta property=\"og:site_name\" content=\"Lauraperezmacho.com\" \/>\n<meta property=\"article:modified_time\" content=\"2024-10-25T19:23:30+00:00\" \/>\n<meta property=\"og:image\" content=\"https:\/\/lauraperezmacho.com\/wp-content\/uploads\/2022\/01\/Portada.png\" \/>\n\t<meta property=\"og:image:width\" content=\"512\" \/>\n\t<meta property=\"og:image:height\" content=\"512\" \/>\n\t<meta property=\"og:image:type\" content=\"image\/png\" \/>\n<meta name=\"twitter:card\" content=\"summary_large_image\" \/>\n<meta name=\"twitter:label1\" content=\"Tiempo de lectura\" \/>\n\t<meta name=\"twitter:data1\" content=\"2 minutos\" \/>\n<script type=\"application\/ld+json\" class=\"yoast-schema-graph\">{\"@context\":\"https:\/\/schema.org\",\"@graph\":[{\"@type\":\"WebPage\",\"@id\":\"https:\/\/lauraperezmacho.com\/product\/poemario-vivir-sentir-morir\/\",\"url\":\"https:\/\/lauraperezmacho.com\/product\/poemario-vivir-sentir-morir\/\",\"name\":\"Poemario: Vivir, Sentir, Morir - Laura P\u00e9rez Macho\",\"isPartOf\":{\"@id\":\"https:\/\/lauraperezmacho.com\/#website\"},\"datePublished\":\"2022-01-15T17:59:08+00:00\",\"dateModified\":\"2024-10-25T19:23:30+00:00\",\"description\":\"El poemario: Vivir, sentir, morir, es la primera obra que publicar\u00e9 en formato audiolibro con la editorial Letra Min\u00fascula.\",\"breadcrumb\":{\"@id\":\"https:\/\/lauraperezmacho.com\/product\/poemario-vivir-sentir-morir\/#breadcrumb\"},\"inLanguage\":\"es\",\"potentialAction\":[{\"@type\":\"ReadAction\",\"target\":[\"https:\/\/lauraperezmacho.com\/product\/poemario-vivir-sentir-morir\/\"]}]},{\"@type\":\"BreadcrumbList\",\"@id\":\"https:\/\/lauraperezmacho.com\/product\/poemario-vivir-sentir-morir\/#breadcrumb\",\"itemListElement\":[{\"@type\":\"ListItem\",\"position\":1,\"name\":\"Home\",\"item\":\"https:\/\/lauraperezmacho.com\/\"},{\"@type\":\"ListItem\",\"position\":2,\"name\":\"Mi tienda\",\"item\":\"https:\/\/lauraperezmacho.com\/mi-tienda\/\"},{\"@type\":\"ListItem\",\"position\":3,\"name\":\"Poemario: Vivir, Sentir, Morir\"}]},{\"@type\":\"WebSite\",\"@id\":\"https:\/\/lauraperezmacho.com\/#website\",\"url\":\"https:\/\/lauraperezmacho.com\/\",\"name\":\"Lauraperezmacho.com\",\"description\":\"Web de autora Laura Perez Macho\",\"potentialAction\":[{\"@type\":\"SearchAction\",\"target\":{\"@type\":\"EntryPoint\",\"urlTemplate\":\"https:\/\/lauraperezmacho.com\/?s={search_term_string}\"},\"query-input\":\"required name=search_term_string\"}],\"inLanguage\":\"es\"}]}<\/script>\n<!-- \/ Yoast SEO plugin. -->","yoast_head_json":{"title":"Poemario: Vivir, Sentir, Morir - Laura P\u00e9rez Macho","description":"El poemario: Vivir, sentir, morir, es la primera obra que publicar\u00e9 en formato audiolibro con la editorial Letra Min\u00fascula.","robots":{"index":"index","follow":"follow","max-snippet":"max-snippet:-1","max-image-preview":"max-image-preview:large","max-video-preview":"max-video-preview:-1"},"canonical":"https:\/\/lauraperezmacho.com\/es_es\/product\/poemario-vivir-sentir-morir\/","og_locale":"es_ES","og_type":"article","og_title":"Poemario: Vivir, Sentir, Morir - Laura P\u00e9rez Macho","og_description":"El poemario: Vivir, sentir, morir, es la primera obra que publicar\u00e9 en formato audiolibro con la editorial Letra Min\u00fascula.","og_url":"https:\/\/lauraperezmacho.com\/es_es\/product\/poemario-vivir-sentir-morir\/","og_site_name":"Lauraperezmacho.com","article_modified_time":"2024-10-25T19:23:30+00:00","og_image":[{"width":512,"height":512,"url":"https:\/\/lauraperezmacho.com\/wp-content\/uploads\/2022\/01\/Portada.png","type":"image\/png"}],"twitter_card":"summary_large_image","twitter_misc":{"Tiempo de lectura":"2 minutos"},"schema":{"@context":"https:\/\/schema.org","@graph":[{"@type":"WebPage","@id":"https:\/\/lauraperezmacho.com\/product\/poemario-vivir-sentir-morir\/","url":"https:\/\/lauraperezmacho.com\/product\/poemario-vivir-sentir-morir\/","name":"Poemario: Vivir, Sentir, Morir - Laura P\u00e9rez Macho","isPartOf":{"@id":"https:\/\/lauraperezmacho.com\/#website"},"datePublished":"2022-01-15T17:59:08+00:00","dateModified":"2024-10-25T19:23:30+00:00","description":"El poemario: Vivir, sentir, morir, es la primera obra que publicar\u00e9 en formato audiolibro con la editorial Letra Min\u00fascula.","breadcrumb":{"@id":"https:\/\/lauraperezmacho.com\/product\/poemario-vivir-sentir-morir\/#breadcrumb"},"inLanguage":"es","potentialAction":[{"@type":"ReadAction","target":["https:\/\/lauraperezmacho.com\/product\/poemario-vivir-sentir-morir\/"]}]},{"@type":"BreadcrumbList","@id":"https:\/\/lauraperezmacho.com\/product\/poemario-vivir-sentir-morir\/#breadcrumb","itemListElement":[{"@type":"ListItem","position":1,"name":"Home","item":"https:\/\/lauraperezmacho.com\/"},{"@type":"ListItem","position":2,"name":"Mi tienda","item":"https:\/\/lauraperezmacho.com\/mi-tienda\/"},{"@type":"ListItem","position":3,"name":"Poemario: Vivir, Sentir, Morir"}]},{"@type":"WebSite","@id":"https:\/\/lauraperezmacho.com\/#website","url":"https:\/\/lauraperezmacho.com\/","name":"Lauraperezmacho.com","description":"Web de autora Laura Perez Macho","potentialAction":[{"@type":"SearchAction","target":{"@type":"EntryPoint","urlTemplate":"https:\/\/lauraperezmacho.com\/?s={search_term_string}"},"query-input":"required name=search_term_string"}],"inLanguage":"es"}]}},"_links":{"self":[{"href":"https:\/\/lauraperezmacho.com\/es_es\/wp-json\/wp\/v2\/product\/799"}],"collection":[{"href":"https:\/\/lauraperezmacho.com\/es_es\/wp-json\/wp\/v2\/product"}],"about":[{"href":"https:\/\/lauraperezmacho.com\/es_es\/wp-json\/wp\/v2\/types\/product"}],"replies":[{"embeddable":true,"href":"https:\/\/lauraperezmacho.com\/es_es\/wp-json\/wp\/v2\/comments?post=799"}],"wp:featuredmedia":[{"embeddable":true,"href":"https:\/\/lauraperezmacho.com\/es_es\/wp-json\/wp\/v2\/media\/800"}],"wp:attachment":[{"href":"https:\/\/lauraperezmacho.com\/es_es\/wp-json\/wp\/v2\/media?parent=799"}],"wp:term":[{"taxonomy":"product_cat","embeddable":true,"href":"https:\/\/lauraperezmacho.com\/es_es\/wp-json\/wp\/v2\/product_cat?post=799"},{"taxonomy":"product_tag","embeddable":true,"href":"https:\/\/lauraperezmacho.com\/es_es\/wp-json\/wp\/v2\/product_tag?post=799"}],"curies":[{"name":"wp","href":"https:\/\/api.w.org\/{rel}","templated":true}]}}