{"id":1899,"date":"2022-06-10T20:51:32","date_gmt":"2022-06-10T18:51:32","guid":{"rendered":"https:\/\/lauraperezmacho.com\/?post_type=product&#038;p=1899"},"modified":"2023-07-23T13:50:40","modified_gmt":"2023-07-23T11:50:40","slug":"pack-bestia-de-lectura-librovela-aromaticajabon-apto-para-mascotas","status":"publish","type":"product","link":"https:\/\/lauraperezmacho.com\/es_es\/product\/pack-bestia-de-lectura-librovela-aromaticajabon-apto-para-mascotas\/","title":{"rendered":"Pack \u00abBestia\u00bb de lectura: Libro+vela arom\u00e1tica+jab\u00f3n apto para mascotas"},"content":{"rendered":"<div id=\"product-component-1654874011019\"><\/div>\n<p><script type=\"text\/javascript\">\n\/*<![CDATA[*\/ (function () { var scriptURL = 'https:\/\/sdks.shopifycdn.com\/buy-button\/latest\/buy-button-storefront.min.js'; if (window.ShopifyBuy) { if (window.ShopifyBuy.UI) { ShopifyBuyInit(); } else { loadScript(); } } else { loadScript(); } function loadScript() { var script = document.createElement('script'); script.async = true; script.src = scriptURL; (document.getElementsByTagName('head')[0] || document.getElementsByTagName('body')[0]).appendChild(script); script.onload = ShopifyBuyInit; } function ShopifyBuyInit() { var client = ShopifyBuy.buildClient({ domain: 'laury-perez-macho.myshopify.com', storefrontAccessToken: '5db193e465f22dc47859f4d798bfeae4', }); ShopifyBuy.UI.onReady(client).then(function (ui) { ui.createComponent('product', { id: '7837841916133', node: document.getElementById('product-component-1654874011019'), moneyFormat: '%E2%82%AC%7B%7Bamount_with_comma_separator%7D%7D', options: { \"product\": { \"styles\": { \"product\": { \"@media (min-width: 601px)\": { \"max-width\": \"calc(25% - 20px)\", \"margin-left\": \"20px\", \"margin-bottom\": \"50px\" } }, \"button\": { \"color\": \"#f5f2e9\", \":hover\": { \"color\": \"#f5f2e9\", \"background-color\": \"#8bae7f\" }, \"background-color\": \"#9ac18d\", \":focus\": { \"background-color\": \"#8bae7f\" }, \"border-radius\": \"40px\" } }, \"text\": { \"button\": \"Add to cart\" } }, \"productSet\": { \"styles\": { \"products\": { \"@media (min-width: 601px)\": { \"margin-left\": \"-20px\" } } } }, \"modalProduct\": { \"contents\": { \"img\": false, \"imgWithCarousel\": true, \"button\": false, \"buttonWithQuantity\": true }, \"styles\": { \"product\": { \"@media (min-width: 601px)\": { \"max-width\": \"100%\", \"margin-left\": \"0px\", \"margin-bottom\": \"0px\" } }, \"button\": { \"color\": \"#f5f2e9\", \":hover\": { \"color\": \"#f5f2e9\", \"background-color\": \"#8bae7f\" }, \"background-color\": \"#9ac18d\", \":focus\": { \"background-color\": \"#8bae7f\" }, \"border-radius\": \"40px\" } }, \"text\": { \"button\": \"Add to cart\" } }, \"option\": {}, \"cart\": { \"styles\": { \"button\": { \"color\": \"#f5f2e9\", \":hover\": { \"color\": \"#f5f2e9\", \"background-color\": \"#8bae7f\" }, \"background-color\": \"#9ac18d\", \":focus\": { \"background-color\": \"#8bae7f\" }, \"border-radius\": \"40px\" } }, \"text\": { \"total\": \"Subtotal\", \"button\": \"Checkout\" } }, \"toggle\": { \"styles\": { \"toggle\": { \"background-color\": \"#9ac18d\", \":hover\": { \"background-color\": \"#8bae7f\" }, \":focus\": { \"background-color\": \"#8bae7f\" } }, \"count\": { \"color\": \"#f5f2e9\", \":hover\": { \"color\": \"#f5f2e9\" } }, \"iconPath\": { \"fill\": \"#f5f2e9\" } } } }, }); }); } })(); \/*]]>*\/\n<\/script><\/p>\n<p><em>Elige en el desplegable la fragancia que m\u00e1s te guste para la vela arom\u00e1tica vegana de tu pack<\/em><\/p>\n<p><em>Haz click en el bot\u00f3n verde para comprarlo directamente<\/em><\/p>\n<p><strong>Disfruta de una nueva experiencia de lectura con una vela arom\u00e1tica y un jab\u00f3n\u00a0vegano de avena apto para mascotas. Todo 100% natural, hecho a mano por m\u00ed<\/strong><\/p>\n<p><a href=\"https:\/\/www.nuevasexperienciascreativas.com\/\">DESCUBRE AQU\u00cd TU NUEVO RINC\u00d3N CREATIVO EN SHOPIFY<\/a><\/p>\n","protected":false},"excerpt":{"rendered":"<p>Elige en el desplegable la fragancia que m\u00e1s te guste para la vela arom\u00e1tica vegana de tu pack Haz click en el bot\u00f3n verde para comprarlo directamente Disfruta de una nueva experiencia de lectura con una vela arom\u00e1tica y un jab\u00f3n\u00a0vegano de avena apto para mascotas. Todo 100% natural, hecho a mano por m\u00ed DESCUBRE&#8230;<\/p>\n","protected":false},"featured_media":1901,"comment_status":"closed","ping_status":"closed","template":"","meta":{"_monsterinsights_skip_tracking":false,"_monsterinsights_sitenote_active":false,"_monsterinsights_sitenote_note":"","_monsterinsights_sitenote_category":0},"product_cat":[91],"product_tag":[],"yoast_head":"<!-- This site is optimized with the Yoast SEO plugin v20.1 - https:\/\/yoast.com\/wordpress\/plugins\/seo\/ -->\n<title>Pack &quot;Bestia&quot; de lectura: Libro+vela arom\u00e1tica+jab\u00f3n apto para mascotas<\/title>\n<meta name=\"description\" content=\"Pack bestia de lectura: libro + vela arom\u00e1tica + jab\u00f3n apto para mascotas, para que lleves tu experiencia de lectura a otro nivel\" \/>\n<meta name=\"robots\" content=\"index, follow, max-snippet:-1, max-image-preview:large, max-video-preview:-1\" \/>\n<link rel=\"canonical\" href=\"https:\/\/lauraperezmacho.com\/es_es\/product\/pack-bestia-de-lectura-librovela-aromaticajabon-apto-para-mascotas\/\" \/>\n<meta property=\"og:locale\" content=\"es_ES\" \/>\n<meta property=\"og:type\" content=\"article\" \/>\n<meta property=\"og:title\" content=\"Pack &quot;Bestia&quot; de lectura: Libro+vela arom\u00e1tica+jab\u00f3n apto para mascotas\" \/>\n<meta property=\"og:description\" content=\"Pack bestia de lectura: libro + vela arom\u00e1tica + jab\u00f3n apto para mascotas, para que lleves tu experiencia de lectura a otro nivel\" \/>\n<meta property=\"og:url\" content=\"https:\/\/lauraperezmacho.com\/es_es\/product\/pack-bestia-de-lectura-librovela-aromaticajabon-apto-para-mascotas\/\" \/>\n<meta property=\"og:site_name\" content=\"Lauraperezmacho.com\" \/>\n<meta property=\"article:modified_time\" content=\"2023-07-23T11:50:40+00:00\" \/>\n<meta property=\"og:image\" content=\"https:\/\/lauraperezmacho.com\/wp-content\/uploads\/2022\/06\/Libro-con-velas-y-jabones-artesanos.jpg\" \/>\n\t<meta property=\"og:image:width\" content=\"696\" \/>\n\t<meta property=\"og:image:height\" content=\"923\" \/>\n\t<meta property=\"og:image:type\" content=\"image\/jpeg\" \/>\n<meta name=\"twitter:card\" content=\"summary_large_image\" \/>\n<meta name=\"twitter:label1\" content=\"Tiempo de lectura\" \/>\n\t<meta name=\"twitter:data1\" content=\"1 minuto\" \/>\n<script type=\"application\/ld+json\" class=\"yoast-schema-graph\">{\"@context\":\"https:\/\/schema.org\",\"@graph\":[{\"@type\":\"WebPage\",\"@id\":\"https:\/\/lauraperezmacho.com\/product\/pack-bestia-de-lectura-librovela-aromaticajabon-apto-para-mascotas\/\",\"url\":\"https:\/\/lauraperezmacho.com\/product\/pack-bestia-de-lectura-librovela-aromaticajabon-apto-para-mascotas\/\",\"name\":\"Pack \\\"Bestia\\\" de lectura: Libro+vela arom\u00e1tica+jab\u00f3n apto para mascotas\",\"isPartOf\":{\"@id\":\"https:\/\/lauraperezmacho.com\/#website\"},\"datePublished\":\"2022-06-10T18:51:32+00:00\",\"dateModified\":\"2023-07-23T11:50:40+00:00\",\"description\":\"Pack bestia de lectura: libro + vela arom\u00e1tica + jab\u00f3n apto para mascotas, para que lleves tu experiencia de lectura a otro nivel\",\"breadcrumb\":{\"@id\":\"https:\/\/lauraperezmacho.com\/product\/pack-bestia-de-lectura-librovela-aromaticajabon-apto-para-mascotas\/#breadcrumb\"},\"inLanguage\":\"es\",\"potentialAction\":[{\"@type\":\"ReadAction\",\"target\":[\"https:\/\/lauraperezmacho.com\/product\/pack-bestia-de-lectura-librovela-aromaticajabon-apto-para-mascotas\/\"]}]},{\"@type\":\"BreadcrumbList\",\"@id\":\"https:\/\/lauraperezmacho.com\/product\/pack-bestia-de-lectura-librovela-aromaticajabon-apto-para-mascotas\/#breadcrumb\",\"itemListElement\":[{\"@type\":\"ListItem\",\"position\":1,\"name\":\"Home\",\"item\":\"https:\/\/lauraperezmacho.com\/\"},{\"@type\":\"ListItem\",\"position\":2,\"name\":\"Mi tienda\",\"item\":\"https:\/\/lauraperezmacho.com\/mi-tienda\/\"},{\"@type\":\"ListItem\",\"position\":3,\"name\":\"Pack \u00abBestia\u00bb de lectura: Libro+vela arom\u00e1tica+jab\u00f3n apto para mascotas\"}]},{\"@type\":\"WebSite\",\"@id\":\"https:\/\/lauraperezmacho.com\/#website\",\"url\":\"https:\/\/lauraperezmacho.com\/\",\"name\":\"Lauraperezmacho.com\",\"description\":\"Web de autora Laura Perez Macho\",\"potentialAction\":[{\"@type\":\"SearchAction\",\"target\":{\"@type\":\"EntryPoint\",\"urlTemplate\":\"https:\/\/lauraperezmacho.com\/?s={search_term_string}\"},\"query-input\":\"required name=search_term_string\"}],\"inLanguage\":\"es\"}]}<\/script>\n<!-- \/ Yoast SEO plugin. -->","yoast_head_json":{"title":"Pack \"Bestia\" de lectura: Libro+vela arom\u00e1tica+jab\u00f3n apto para mascotas","description":"Pack bestia de lectura: libro + vela arom\u00e1tica + jab\u00f3n apto para mascotas, para que lleves tu experiencia de lectura a otro nivel","robots":{"index":"index","follow":"follow","max-snippet":"max-snippet:-1","max-image-preview":"max-image-preview:large","max-video-preview":"max-video-preview:-1"},"canonical":"https:\/\/lauraperezmacho.com\/es_es\/product\/pack-bestia-de-lectura-librovela-aromaticajabon-apto-para-mascotas\/","og_locale":"es_ES","og_type":"article","og_title":"Pack \"Bestia\" de lectura: Libro+vela arom\u00e1tica+jab\u00f3n apto para mascotas","og_description":"Pack bestia de lectura: libro + vela arom\u00e1tica + jab\u00f3n apto para mascotas, para que lleves tu experiencia de lectura a otro nivel","og_url":"https:\/\/lauraperezmacho.com\/es_es\/product\/pack-bestia-de-lectura-librovela-aromaticajabon-apto-para-mascotas\/","og_site_name":"Lauraperezmacho.com","article_modified_time":"2023-07-23T11:50:40+00:00","og_image":[{"width":696,"height":923,"url":"https:\/\/lauraperezmacho.com\/wp-content\/uploads\/2022\/06\/Libro-con-velas-y-jabones-artesanos.jpg","type":"image\/jpeg"}],"twitter_card":"summary_large_image","twitter_misc":{"Tiempo de lectura":"1 minuto"},"schema":{"@context":"https:\/\/schema.org","@graph":[{"@type":"WebPage","@id":"https:\/\/lauraperezmacho.com\/product\/pack-bestia-de-lectura-librovela-aromaticajabon-apto-para-mascotas\/","url":"https:\/\/lauraperezmacho.com\/product\/pack-bestia-de-lectura-librovela-aromaticajabon-apto-para-mascotas\/","name":"Pack \"Bestia\" de lectura: Libro+vela arom\u00e1tica+jab\u00f3n apto para mascotas","isPartOf":{"@id":"https:\/\/lauraperezmacho.com\/#website"},"datePublished":"2022-06-10T18:51:32+00:00","dateModified":"2023-07-23T11:50:40+00:00","description":"Pack bestia de lectura: libro + vela arom\u00e1tica + jab\u00f3n apto para mascotas, para que lleves tu experiencia de lectura a otro nivel","breadcrumb":{"@id":"https:\/\/lauraperezmacho.com\/product\/pack-bestia-de-lectura-librovela-aromaticajabon-apto-para-mascotas\/#breadcrumb"},"inLanguage":"es","potentialAction":[{"@type":"ReadAction","target":["https:\/\/lauraperezmacho.com\/product\/pack-bestia-de-lectura-librovela-aromaticajabon-apto-para-mascotas\/"]}]},{"@type":"BreadcrumbList","@id":"https:\/\/lauraperezmacho.com\/product\/pack-bestia-de-lectura-librovela-aromaticajabon-apto-para-mascotas\/#breadcrumb","itemListElement":[{"@type":"ListItem","position":1,"name":"Home","item":"https:\/\/lauraperezmacho.com\/"},{"@type":"ListItem","position":2,"name":"Mi tienda","item":"https:\/\/lauraperezmacho.com\/mi-tienda\/"},{"@type":"ListItem","position":3,"name":"Pack \u00abBestia\u00bb de lectura: Libro+vela arom\u00e1tica+jab\u00f3n apto para mascotas"}]},{"@type":"WebSite","@id":"https:\/\/lauraperezmacho.com\/#website","url":"https:\/\/lauraperezmacho.com\/","name":"Lauraperezmacho.com","description":"Web de autora Laura Perez Macho","potentialAction":[{"@type":"SearchAction","target":{"@type":"EntryPoint","urlTemplate":"https:\/\/lauraperezmacho.com\/?s={search_term_string}"},"query-input":"required name=search_term_string"}],"inLanguage":"es"}]}},"_links":{"self":[{"href":"https:\/\/lauraperezmacho.com\/es_es\/wp-json\/wp\/v2\/product\/1899"}],"collection":[{"href":"https:\/\/lauraperezmacho.com\/es_es\/wp-json\/wp\/v2\/product"}],"about":[{"href":"https:\/\/lauraperezmacho.com\/es_es\/wp-json\/wp\/v2\/types\/product"}],"replies":[{"embeddable":true,"href":"https:\/\/lauraperezmacho.com\/es_es\/wp-json\/wp\/v2\/comments?post=1899"}],"wp:featuredmedia":[{"embeddable":true,"href":"https:\/\/lauraperezmacho.com\/es_es\/wp-json\/wp\/v2\/media\/1901"}],"wp:attachment":[{"href":"https:\/\/lauraperezmacho.com\/es_es\/wp-json\/wp\/v2\/media?parent=1899"}],"wp:term":[{"taxonomy":"product_cat","embeddable":true,"href":"https:\/\/lauraperezmacho.com\/es_es\/wp-json\/wp\/v2\/product_cat?post=1899"},{"taxonomy":"product_tag","embeddable":true,"href":"https:\/\/lauraperezmacho.com\/es_es\/wp-json\/wp\/v2\/product_tag?post=1899"}],"curies":[{"name":"wp","href":"https:\/\/api.w.org\/{rel}","templated":true}]}}