{"id":1419,"date":"2022-02-16T21:00:22","date_gmt":"2022-02-16T20:00:22","guid":{"rendered":"https:\/\/lauraperezmacho.com\/?post_type=product&#038;p=1419"},"modified":"2023-07-23T13:51:07","modified_gmt":"2023-07-23T11:51:07","slug":"curso-escritura-creativa-online","status":"publish","type":"product","link":"https:\/\/lauraperezmacho.com\/es_es\/product\/curso-escritura-creativa-online\/","title":{"rendered":"Curso de escritura creativa online"},"content":{"rendered":"<p><a href=\"https:\/\/www.youtube.com\/watch?v=HfUEewWm5ek\">https:\/\/www.youtube.com\/watch?v=HfUEewWm5ek<\/a><\/p>\n<div class=\"uk-margin-medium-bottom\">\n<div class=\"uk-h4 uk-text-bold uk-margin-small-bottom uk-margin-remove-adjacent\">-Este Curso de Escritura Creativa Online est\u00e1 orientado para:<\/div>\n<ul class=\"uk-list\">\n<li>Personas que disfrutan escribiendo, por hobby<\/li>\n<li>Personas que quieren escribir su primera novela, pero no saben c\u00f3mo<\/li>\n<li>Escritores principiantes que han empezado su obra pero no saben c\u00f3mo continuar<\/li>\n<li>Escritores noveles que quieren adquirir m\u00e1s conocimientos y un h\u00e1bito de escritura<\/li>\n<li>Escritores que quieran pulir su novela y publicarla<\/li>\n<li>Escritores que quieran contar con asesor\u00eda y representaci\u00f3n literaria<\/li>\n<\/ul>\n<\/div>\n<div>\n<div class=\"uk-h4 uk-text-bold uk-margin-small-bottom uk-margin-remove-adjacent\">-Requerimientos:<\/div>\n<ul class=\"uk-list\">\n<li>No son necesarios conocimientos previos para realizar este curso<\/li>\n<li>Solo necesitas muchas ganas de escribir y conexi\u00f3n a internet, para ver los v\u00eddeos y poder descargarte los ejercicios y la teor\u00eda<\/li>\n<\/ul>\n<p class=\"uk-first-column\">-Este curso se compone de 6 m\u00f3dulos con varias lecciones cada uno. Cada lecci\u00f3n tiene una video-presentaci\u00f3n y un pdf con la teor\u00eda explicada. Adem\u00e1s, en algunas lecciones, se incluyen ejercicios pr\u00e1cticos, esquemas y plantillas. Como material extra, comparto tambi\u00e9n algunos ejercicios propios que yo misma hice en otros cursos.<\/p>\n<p class=\"uk-margin-small-top uk-first-column\">Una vez que se liberen todos los m\u00f3dulos, dispondr\u00e1s de todo el contenido para siempre, as\u00ed aprender\u00e1s a tu ritmo.<\/p>\n<\/div>\n<p>&#8211;<a href=\"https:\/\/lauraperezmacho.com\/curso-online-escritura\/\">M\u00e1s informaci\u00f3n sobre el Curso de Escritura Creativa Online AQU\u00cd<\/a><\/p>\n<p>-Rellena <a href=\"https:\/\/docs.google.com\/forms\/d\/e\/1FAIpQLSdhpMQLgu7M6E5zR900u23aBdoqfiKGxp5klJpoRQMRZNCT5g\/viewform\">AQU\u00cd<\/a> un <strong>breve cuestionario previo<\/strong> para que pueda conocer un poco mejor<strong> tus intereses de escritura<\/strong><\/p>\n<p>&#8211;<a href=\"https:\/\/pay.hotmart.com\/C72606597B\">COMPRA AQU\u00cd EL CURSO<\/a><\/p>\n<p>-\u00bfYa hiciste el curso? <strong>Tu opini\u00f3n es muy importante para m\u00ed<\/strong> <a href=\"https:\/\/docs.google.com\/forms\/d\/e\/1FAIpQLSeq5TSvhW8NA119woaWjfEkWssSso_m8dtUWq6Vx4bVEaNF3g\/viewform\">\u00a1Cu\u00e9ntame qu\u00e9 te pareci\u00f3 AQU\u00cd!<\/a><\/p>\n","protected":false},"excerpt":{"rendered":"<p>Un curso de escritura sencillo, y \u00fatil, que te ayudar\u00e1 a aprender todo lo que necesitas para ordenar tus ideas en un primer borrador y convertirlo en una novela terminada. Con una base s\u00f3lida. Te ense\u00f1o desde cero. Paso a paso. Desde las ideas que te van surgiendo a tener la novela terminada de esa historia que tanto quieres contar. Comparto contigo mi experiencia, ejercicios que yo misma hice, los m\u00e9todos que a m\u00ed me funcionan. Desde la sencillez, con muchas plantillas y ejercicios pr\u00e1cticos, para que te pongas desde el principio a escribir. Tambi\u00e9n tendr\u00e1s un grupo privado de Telegram y sesi\u00f3n 1 a 1 conmigo. Adem\u00e1s, tras el curso, tendr\u00e1s la oportunidad de pulir tu novela y publicarla con el asesoramiento y representaci\u00f3n literaria de Amalia S\u00e1nchez, fundadora de Hera Ediciones.<\/p>\n<p>Si quieres:<\/p>\n<p>&#x2705; EMPEZAR A ESCRIBIR UNA NOVELA, O ACABAR LA QUE YA EMPEZASTE<\/p>\n<p>&#x2705; VENCER EL S\u00cdNDROME DE LA P\u00c1GINA EN BLANCO<\/p>\n<p>&#x2705; SABER C\u00d3MO PLANIFICARTE<\/p>\n<p>&#x2705; CONOCER M\u00c9TODOS DE ESCRITORES DE BR\u00daJULA Y DE MAPA<\/p>\n<p>&#x2705; VENCER TUS BLOQUEOS CREATIVOS<\/p>\n<p>&#x2705; ADQUIRIR CONOCIMIENTOS B\u00c1SICOS PARA ESCRIBIR TU NOVELA<\/p>\n<p>&#x2705; ADQUIRIR UN H\u00c1BITO DE ESCRITURA<\/p>\n<p>&#x2705; PULIR TU NOVELA Y PUBLICARLA<\/p>\n<p>Crear\u00e1s una base s\u00f3lida de conocimientos, con los que ganar\u00e1s confianza en ti. Sabr\u00e1s planificar tu novela seg\u00fan el g\u00e9nero que hayas escogido. Con ello lograr\u00e1s evitar bloqueos Y TERMINAR TU OBRA.<\/p>\n<p>Inscr\u00edbete en la formaci\u00f3n que te brindar\u00e1 los conocimientos que necesitas para que consigas empezar, construir, terminar tu novela y contar con asesoramiento y representaci\u00f3n literaria con Hera Ediciones _ TODO LO QUE NECESITAS PARA ESCRIBIR Y PUBLICAR \u00a1\u00c9STE ES TU CURSO!<\/p>\n<p>[button id=\"1ab12cd2f3b2d5fb8b44f3e638307b05\" label=\"Compra el curso aqu\u00ed\" button_type=\"{\u2039\u00b2\u203abutton_type_select\u2039\u00b2\u203a:\u2039\u00b2\u203anormal_button\u2039\u00b2\u203a,\u2039\u00b2\u203anormal_button\u2039\u00b2\u203a:{\u2039\u00b2\u203alink\u2039\u00b2\u203a:\u2039\u00b2\u203ahttps:\/\/pay.hotmart.com\/C72606597B\u2039\u00b2\u203a,\u2039\u00b2\u203atarget\u2039\u00b2\u203a:\u2039\u00b2\u203a_blank\u2039\u00b2\u203a},\u2039\u00b2\u203aproduct_button\u2039\u00b2\u203a:{\u2039\u00b2\u203aproduct\u2039\u00b2\u203a:\u2039\u00b2\u203a\u2039\u00b2\u203a,\u2039\u00b2\u203aproduct_button_type\u2039\u00b2\u203a:\u2039\u00b2\u203abuy\u2039\u00b2\u203a}}\" color=\"normal\" hide_on_desktop=\"false\" hide_on_mobile=\"false\" animation_on_scroll=\"{\u2039\u00b2\u203aanimation_enable\u2039\u00b2\u203a:\u2039\u00b2\u203ano\u2039\u00b2\u203a,\u2039\u00b2\u203ayes\u2039\u00b2\u203a:{\u2039\u00b2\u203aanimation_type\u2039\u00b2\u203a:\u2039\u00b2\u203afadeIn\u2039\u00b2\u203a,\u2039\u00b2\u203aanimation_delay\u2039\u00b2\u203a:\u2039\u00b2\u203a0\u2039\u00b2\u203a}}\" __fw_editor_shortcodes_id=\"f541ac8bb719a4cd2bbbe84fcbd21520\" _array_keys=\"{\u2039\u00b2\u203abutton_type\u2039\u00b2\u203a:\u2039\u00b2\u203abutton_type\u2039\u00b2\u203a,\u2039\u00b2\u203aanimation_on_scroll\u2039\u00b2\u203a:\u2039\u00b2\u203aanimation_on_scroll\u2039\u00b2\u203a}\" _fw_coder=\"aggressive\"][\/button][button id=\"1ab12cd2f3b2d5fb8b44f3e638307b05\" label=\" Cuestionario previo\" button_type=\"{\u2039\u00b2\u203abutton_type_select\u2039\u00b2\u203a:\u2039\u00b2\u203anormal_button\u2039\u00b2\u203a,\u2039\u00b2\u203anormal_button\u2039\u00b2\u203a:{\u2039\u00b2\u203alink\u2039\u00b2\u203a:\u2039\u00b2\u203ahttps:\/\/docs.google.com\/forms\/d\/e\/1FAIpQLSdhpMQLgu7M6E5zR900u23aBdoqfiKGxp5klJpoRQMRZNCT5g\/viewform\u2039\u00b2\u203a,\u2039\u00b2\u203atarget\u2039\u00b2\u203a:\u2039\u00b2\u203a_blank\u2039\u00b2\u203a},\u2039\u00b2\u203aproduct_button\u2039\u00b2\u203a:{\u2039\u00b2\u203aproduct\u2039\u00b2\u203a:\u2039\u00b2\u203a\u2039\u00b2\u203a,\u2039\u00b2\u203aproduct_button_type\u2039\u00b2\u203a:\u2039\u00b2\u203abuy\u2039\u00b2\u203a}}\" color=\"normal\" hide_on_desktop=\"false\" hide_on_mobile=\"false\" animation_on_scroll=\"{\u2039\u00b2\u203aanimation_enable\u2039\u00b2\u203a:\u2039\u00b2\u203ano\u2039\u00b2\u203a,\u2039\u00b2\u203ayes\u2039\u00b2\u203a:{\u2039\u00b2\u203aanimation_type\u2039\u00b2\u203a:\u2039\u00b2\u203afadeIn\u2039\u00b2\u203a,\u2039\u00b2\u203aanimation_delay\u2039\u00b2\u203a:\u2039\u00b2\u203a0\u2039\u00b2\u203a}}\" __fw_editor_shortcodes_id=\"ae79f342c6153f22700872cc58a87627\" _array_keys=\"{\u2039\u00b2\u203abutton_type\u2039\u00b2\u203a:\u2039\u00b2\u203abutton_type\u2039\u00b2\u203a,\u2039\u00b2\u203aanimation_on_scroll\u2039\u00b2\u203a:\u2039\u00b2\u203aanimation_on_scroll\u2039\u00b2\u203a}\" _fw_coder=\"aggressive\"][\/button][button id=\"1ab12cd2f3b2d5fb8b44f3e638307b05\" label=\" Cuestionario de valoraci\u00f3n\" button_type=\"{\u2039\u00b2\u203abutton_type_select\u2039\u00b2\u203a:\u2039\u00b2\u203anormal_button\u2039\u00b2\u203a,\u2039\u00b2\u203anormal_button\u2039\u00b2\u203a:{\u2039\u00b2\u203alink\u2039\u00b2\u203a:\u2039\u00b2\u203ahttps:\/\/docs.google.com\/forms\/d\/e\/1FAIpQLSeq5TSvhW8NA119woaWjfEkWssSso_m8dtUWq6Vx4bVEaNF3g\/viewform\u2039\u00b2\u203a,\u2039\u00b2\u203atarget\u2039\u00b2\u203a:\u2039\u00b2\u203a_blank\u2039\u00b2\u203a},\u2039\u00b2\u203aproduct_button\u2039\u00b2\u203a:{\u2039\u00b2\u203aproduct\u2039\u00b2\u203a:\u2039\u00b2\u203a\u2039\u00b2\u203a,\u2039\u00b2\u203aproduct_button_type\u2039\u00b2\u203a:\u2039\u00b2\u203abuy\u2039\u00b2\u203a}}\" color=\"normal\" hide_on_desktop=\"false\" hide_on_mobile=\"false\" animation_on_scroll=\"{\u2039\u00b2\u203aanimation_enable\u2039\u00b2\u203a:\u2039\u00b2\u203ano\u2039\u00b2\u203a,\u2039\u00b2\u203ayes\u2039\u00b2\u203a:{\u2039\u00b2\u203aanimation_type\u2039\u00b2\u203a:\u2039\u00b2\u203afadeIn\u2039\u00b2\u203a,\u2039\u00b2\u203aanimation_delay\u2039\u00b2\u203a:\u2039\u00b2\u203a0\u2039\u00b2\u203a}}\" __fw_editor_shortcodes_id=\"81b0e6d58842d560f0623119b1564a0d\" _array_keys=\"{\u2039\u00b2\u203abutton_type\u2039\u00b2\u203a:\u2039\u00b2\u203abutton_type\u2039\u00b2\u203a,\u2039\u00b2\u203aanimation_on_scroll\u2039\u00b2\u203a:\u2039\u00b2\u203aanimation_on_scroll\u2039\u00b2\u203a}\" _fw_coder=\"aggressive\"][\/button]<\/p>\n","protected":false},"featured_media":1260,"comment_status":"closed","ping_status":"closed","template":"","meta":{"_monsterinsights_skip_tracking":false,"_monsterinsights_sitenote_active":false,"_monsterinsights_sitenote_note":"","_monsterinsights_sitenote_category":0},"product_cat":[80],"product_tag":[83,81,82,84],"yoast_head":"<!-- This site is optimized with the Yoast SEO plugin v20.1 - https:\/\/yoast.com\/wordpress\/plugins\/seo\/ -->\n<title>Curso de escritura creativa online - Laura P\u00e9rez Macho<\/title>\n<meta name=\"description\" content=\"Curso de escritura creativa online &quot;Convierte tus ideas en tu novela terminada&quot; para ayudarte a empezar, construir, acabar tu obra y publicarla\" \/>\n<meta name=\"robots\" content=\"index, follow, max-snippet:-1, max-image-preview:large, max-video-preview:-1\" \/>\n<link rel=\"canonical\" href=\"https:\/\/lauraperezmacho.com\/es_es\/product\/curso-escritura-creativa-online\/\" \/>\n<meta property=\"og:locale\" content=\"es_ES\" \/>\n<meta property=\"og:type\" content=\"article\" \/>\n<meta property=\"og:title\" content=\"Curso de escritura creativa online - Laura P\u00e9rez Macho\" \/>\n<meta property=\"og:description\" content=\"Curso de escritura creativa online &quot;Convierte tus ideas en tu novela terminada&quot; para ayudarte a empezar, construir, acabar tu obra y publicarla\" \/>\n<meta property=\"og:url\" content=\"https:\/\/lauraperezmacho.com\/es_es\/product\/curso-escritura-creativa-online\/\" \/>\n<meta property=\"og:site_name\" content=\"Lauraperezmacho.com\" \/>\n<meta property=\"article:modified_time\" content=\"2023-07-23T11:51:07+00:00\" \/>\n<meta property=\"og:image\" content=\"https:\/\/lauraperezmacho.com\/wp-content\/uploads\/2022\/01\/\u00a1Convierte-tus-ideas-en-tu-novela-terminada-2-4.png\" \/>\n\t<meta property=\"og:image:width\" content=\"1200\" \/>\n\t<meta property=\"og:image:height\" content=\"628\" \/>\n\t<meta property=\"og:image:type\" content=\"image\/png\" \/>\n<meta name=\"twitter:card\" content=\"summary_large_image\" \/>\n<meta name=\"twitter:label1\" content=\"Tiempo de lectura\" \/>\n\t<meta name=\"twitter:data1\" content=\"1 minuto\" \/>\n<script type=\"application\/ld+json\" class=\"yoast-schema-graph\">{\"@context\":\"https:\/\/schema.org\",\"@graph\":[{\"@type\":\"WebPage\",\"@id\":\"https:\/\/lauraperezmacho.com\/product\/curso-escritura-creativa-online\/\",\"url\":\"https:\/\/lauraperezmacho.com\/product\/curso-escritura-creativa-online\/\",\"name\":\"Curso de escritura creativa online - Laura P\u00e9rez Macho\",\"isPartOf\":{\"@id\":\"https:\/\/lauraperezmacho.com\/#website\"},\"datePublished\":\"2022-02-16T20:00:22+00:00\",\"dateModified\":\"2023-07-23T11:51:07+00:00\",\"description\":\"Curso de escritura creativa online \\\"Convierte tus ideas en tu novela terminada\\\" para ayudarte a empezar, construir, acabar tu obra y publicarla\",\"breadcrumb\":{\"@id\":\"https:\/\/lauraperezmacho.com\/product\/curso-escritura-creativa-online\/#breadcrumb\"},\"inLanguage\":\"es\",\"potentialAction\":[{\"@type\":\"ReadAction\",\"target\":[\"https:\/\/lauraperezmacho.com\/product\/curso-escritura-creativa-online\/\"]}]},{\"@type\":\"BreadcrumbList\",\"@id\":\"https:\/\/lauraperezmacho.com\/product\/curso-escritura-creativa-online\/#breadcrumb\",\"itemListElement\":[{\"@type\":\"ListItem\",\"position\":1,\"name\":\"Home\",\"item\":\"https:\/\/lauraperezmacho.com\/\"},{\"@type\":\"ListItem\",\"position\":2,\"name\":\"Mi tienda\",\"item\":\"https:\/\/lauraperezmacho.com\/mi-tienda\/\"},{\"@type\":\"ListItem\",\"position\":3,\"name\":\"Curso de escritura creativa online\"}]},{\"@type\":\"WebSite\",\"@id\":\"https:\/\/lauraperezmacho.com\/#website\",\"url\":\"https:\/\/lauraperezmacho.com\/\",\"name\":\"Lauraperezmacho.com\",\"description\":\"Web de autora Laura Perez Macho\",\"potentialAction\":[{\"@type\":\"SearchAction\",\"target\":{\"@type\":\"EntryPoint\",\"urlTemplate\":\"https:\/\/lauraperezmacho.com\/?s={search_term_string}\"},\"query-input\":\"required name=search_term_string\"}],\"inLanguage\":\"es\"}]}<\/script>\n<!-- \/ Yoast SEO plugin. -->","yoast_head_json":{"title":"Curso de escritura creativa online - Laura P\u00e9rez Macho","description":"Curso de escritura creativa online \"Convierte tus ideas en tu novela terminada\" para ayudarte a empezar, construir, acabar tu obra y publicarla","robots":{"index":"index","follow":"follow","max-snippet":"max-snippet:-1","max-image-preview":"max-image-preview:large","max-video-preview":"max-video-preview:-1"},"canonical":"https:\/\/lauraperezmacho.com\/es_es\/product\/curso-escritura-creativa-online\/","og_locale":"es_ES","og_type":"article","og_title":"Curso de escritura creativa online - Laura P\u00e9rez Macho","og_description":"Curso de escritura creativa online \"Convierte tus ideas en tu novela terminada\" para ayudarte a empezar, construir, acabar tu obra y publicarla","og_url":"https:\/\/lauraperezmacho.com\/es_es\/product\/curso-escritura-creativa-online\/","og_site_name":"Lauraperezmacho.com","article_modified_time":"2023-07-23T11:51:07+00:00","og_image":[{"width":1200,"height":628,"url":"https:\/\/lauraperezmacho.com\/wp-content\/uploads\/2022\/01\/\u00a1Convierte-tus-ideas-en-tu-novela-terminada-2-4.png","type":"image\/png"}],"twitter_card":"summary_large_image","twitter_misc":{"Tiempo de lectura":"1 minuto"},"schema":{"@context":"https:\/\/schema.org","@graph":[{"@type":"WebPage","@id":"https:\/\/lauraperezmacho.com\/product\/curso-escritura-creativa-online\/","url":"https:\/\/lauraperezmacho.com\/product\/curso-escritura-creativa-online\/","name":"Curso de escritura creativa online - Laura P\u00e9rez Macho","isPartOf":{"@id":"https:\/\/lauraperezmacho.com\/#website"},"datePublished":"2022-02-16T20:00:22+00:00","dateModified":"2023-07-23T11:51:07+00:00","description":"Curso de escritura creativa online \"Convierte tus ideas en tu novela terminada\" para ayudarte a empezar, construir, acabar tu obra y publicarla","breadcrumb":{"@id":"https:\/\/lauraperezmacho.com\/product\/curso-escritura-creativa-online\/#breadcrumb"},"inLanguage":"es","potentialAction":[{"@type":"ReadAction","target":["https:\/\/lauraperezmacho.com\/product\/curso-escritura-creativa-online\/"]}]},{"@type":"BreadcrumbList","@id":"https:\/\/lauraperezmacho.com\/product\/curso-escritura-creativa-online\/#breadcrumb","itemListElement":[{"@type":"ListItem","position":1,"name":"Home","item":"https:\/\/lauraperezmacho.com\/"},{"@type":"ListItem","position":2,"name":"Mi tienda","item":"https:\/\/lauraperezmacho.com\/mi-tienda\/"},{"@type":"ListItem","position":3,"name":"Curso de escritura creativa online"}]},{"@type":"WebSite","@id":"https:\/\/lauraperezmacho.com\/#website","url":"https:\/\/lauraperezmacho.com\/","name":"Lauraperezmacho.com","description":"Web de autora Laura Perez Macho","potentialAction":[{"@type":"SearchAction","target":{"@type":"EntryPoint","urlTemplate":"https:\/\/lauraperezmacho.com\/?s={search_term_string}"},"query-input":"required name=search_term_string"}],"inLanguage":"es"}]}},"_links":{"self":[{"href":"https:\/\/lauraperezmacho.com\/es_es\/wp-json\/wp\/v2\/product\/1419"}],"collection":[{"href":"https:\/\/lauraperezmacho.com\/es_es\/wp-json\/wp\/v2\/product"}],"about":[{"href":"https:\/\/lauraperezmacho.com\/es_es\/wp-json\/wp\/v2\/types\/product"}],"replies":[{"embeddable":true,"href":"https:\/\/lauraperezmacho.com\/es_es\/wp-json\/wp\/v2\/comments?post=1419"}],"wp:featuredmedia":[{"embeddable":true,"href":"https:\/\/lauraperezmacho.com\/es_es\/wp-json\/wp\/v2\/media\/1260"}],"wp:attachment":[{"href":"https:\/\/lauraperezmacho.com\/es_es\/wp-json\/wp\/v2\/media?parent=1419"}],"wp:term":[{"taxonomy":"product_cat","embeddable":true,"href":"https:\/\/lauraperezmacho.com\/es_es\/wp-json\/wp\/v2\/product_cat?post=1419"},{"taxonomy":"product_tag","embeddable":true,"href":"https:\/\/lauraperezmacho.com\/es_es\/wp-json\/wp\/v2\/product_tag?post=1419"}],"curies":[{"name":"wp","href":"https:\/\/api.w.org\/{rel}","templated":true}]}}