{"id":379,"date":"2017-08-15T11:31:34","date_gmt":"2017-08-15T11:31:34","guid":{"rendered":"https:\/\/lauraperezmacho.com\/?page_id=379"},"modified":"2023-11-18T18:54:09","modified_gmt":"2023-11-18T17:54:09","slug":"mis-influencias","status":"publish","type":"page","link":"https:\/\/lauraperezmacho.com\/es_es\/mis-influencias\/","title":{"rendered":"Mis influencias"},"content":{"rendered":"<p>\r\n<section class=\"pos-r section-light  \"  id=\"shortcode-b8f23d1300300fadeaddf085339cd6fd\" >\r\n\t\t<div class=\"fw-container\">\r\n\t\t<div class=\"fw-row\">\r\n\t\t\t<div id=\"shortcode-82e1389053671040ad00beb9967d8dfe\" class=\"fw-col-xs-12 fw-col-sm-12 fw-col-md-6 text-left \" >\r\n\t<\/div>\r\n<div id=\"shortcode-0dbc5b78b868836f63ebba8d3c36d680\" class=\"fw-col-xs-12 fw-col-sm-12 fw-col-md-6 text-left \" >\r\n\t<div class=\"SpecialHeading fw-heading  text-left mt-20 mb-60  \" id=\"shortcode-e95532e1c22ed58d5c65f39d1b8adb58\" >\r\n\t\t\t\t\t<h1 class=\"special-title special-heading-letter\">Mis influencias<\/h1>\t<\/div>\r\n\r\n<div class=\"TextBlock  \" id=\"shortcode-a01ce98937bf3f7bc53cb8e43392511f\" >\r\n\t<p>CON\u00d3CEME UN POQUITO M\u00c1S...<\/p><\/div><\/div>\r\n\t\t<\/div>\r\n\t<\/div>\r\n\t<\/section>\r\n\r\n<section class=\"pos-r hidden-md hidden-lg hidden-xs hidden-sm \"  id=\"shortcode-49edf4a4d0689dd5edc78e7cb334a0be\" >\r\n\t\t\t<div class=\"overlay-color\"><\/div>\r\n\t\t<div class=\"fw-container\">\r\n\t\t<div class=\"fw-row\">\r\n\t\t\t<div id=\"shortcode-19605c343d4bd41038a518f3dd5fed52\" class=\"fw-col-xs-12 fw-col-sm-12 fw-col-md-12 text-left hidden-md hidden-lg \" >\r\n\t<div class=\"SpecialHeading fw-heading  text-left mt-20 mb-60 hidden-xs hidden-sm \" id=\"shortcode-bc013f9581135bbec4e4656a858f952d\" >\r\n\t\t\t\t\t<h1 class=\"special-title special-heading-letter\">Mis influencias<\/h1>\t\t<div class=\"special-subtitle\">CON\u00d3CEME UN POQUITO M\u00c1S...<\/div>\r\n\t<\/div><\/div>\r\n\t\t<\/div>\r\n\t<\/div>\r\n\t<\/section>\r\n\r\n<section class=\"pos-r  \"  id=\"shortcode-83d6d20934722b7b86a0abc4c29a1dec\" >\r\n\t\t<div class=\"fw-container\">\r\n\t\t<div class=\"fw-row\">\r\n\t\t\t<div id=\"shortcode-2daf1d5ebd102e524d62015a81407c06\" class=\"fw-col-xs-12 fw-col-sm-12 fw-col-md-6 text-left \" >\r\n\t\r\n\r\n<div class=\"fw-accordion  \" id=\"shortcode-8458ff5b8990cc75c2992824375d2ad1\" >\r\n\t\t\t<h3 class=\"fw-accordion-title font-subheading\">Inspiraciones<\/h3>\r\n\t\t<div class=\"fw-accordion-content\">\r\n\t\t\t<p><p>Documentales, libros, pel\u00edculas, m\u00fasica, mitolog\u00eda... Todo me vale.<\/p><p>Me gustan autores tan dispares como Dean R. Koontz (Odd Thomas, El lugar maldito), George R.R Martin (Canci\u00f3n de hielo y fuego y la serie Juego de Tronos),&nbsp;Andrzej Sapkowski (toda la saga de Geralt de Rivia, los libros, tambi\u00e9n los videojuegos, comics y la serie),&nbsp;Adam Nevill (El ritual, Apartamento 16), Clive Barker (Cabal),&nbsp;John Katzenbach (El psicoanalista), Bram Stoker (Dr\u00e1cula), H.P. Lovecraft (En las monta\u00f1as de la locura) Edgar Alan Poe...<\/p><\/p>\r\n\t\t<\/div>\r\n\t\t\t<h3 class=\"fw-accordion-title font-subheading\">Sobre mis libros<\/h3>\r\n\t\t<div class=\"fw-accordion-content\">\r\n\t\t\t<p><p>Me gusta escribir varios g\u00e9neros y hacer mezcla en las novelas:<\/p><ul><li><em><strong>Donde mora la bestia<\/strong><\/em> es fantas\u00eda hist\u00f3rica.<\/li><li><strong><em>Saol Eile<\/em><\/strong> es terror y misterio.<\/li><li><em><strong>Sue\u00f1os del m\u00e1s all\u00e1: Relatos cortos<\/strong><\/em> son historias paranormales, de terror, fantas\u00eda y ciencia ficci\u00f3n.<\/li><li><em><strong>Dante XXIII<\/strong><\/em> es una distop\u00eda <em>cyberpunk<\/em>.<\/li><\/ul><p>Estos son tambi\u00e9n mis g\u00e9neros favoritos.<\/p><\/p>\r\n\t\t<\/div>\r\n\t\t\t<h3 class=\"fw-accordion-title font-subheading\">\u00bfQuieres conocerme?<\/h3>\r\n\t\t<div class=\"fw-accordion-content\">\r\n\t\t\t<p><p>Como no te vengas a Alemania va a ser complicado, pero no hay nada que Zoom o Teams no pueda arreglar.<\/p><p>Tambi\u00e9n procuro ir cuando puedo a la Feria del Libro de Madrid.<\/p><\/p>\r\n\t\t<\/div>\r\n\t<\/div><\/div>\r\n<div id=\"shortcode-89ccfb0a9eed8df1321d455a0f52818f\" class=\"fw-col-xs-12 fw-col-sm-12 fw-col-md-6 text-left \" >\r\n\t\r\n\r\n<blockquote id=\"shortcode-41d5b4ed7ce317dd3996a6fc5c6fe980\" class=\" \" >\r\n\t<i class=\"blockquote-icon\"><\/i>\r\n\t<i class=\"blockquote-icon\"><\/i>\r\n\t<div class=\"blockquote-content font-subheading\">\r\n\t\t<p>Lo que realmente me choca es un libro que, cuando lo terminas de leer, desear\u00edas que el autor que lo ha escrito fuera un gran amigo tuyo y pudieras llamarle por tel\u00e9fono cuando te apeteciera. Aunque eso no ocurre mucho.<\/p>\r\n\t<\/div>\r\n\t\t<footer><cite> J.D. Salinger<\/cite><\/footer>\r\n\t<\/blockquote><\/div>\r\n<div class=\"video-wrapper shortcode-container hidden-xs hidden-sm \" id=\"shortcode-24430a29a2fa08cfa5153e202baadeaf\" >\r\n\t\t<iframe title=\"ESCRIBIR NOVELA HIST\u00d3RICA \u2694\ufe0f INFLUENCIAS en mi NOVELA DE FICCI\u00d3N HIST\u00d3RICA + CONSEJOS DE ESCRITURA\" width=\"1400\" height=\"788\" src=\"https:\/\/www.youtube.com\/embed\/OJMLLvZR5kA?start=7&feature=oembed\" frameborder=\"0\" allow=\"accelerometer; autoplay; clipboard-write; encrypted-media; gyroscope; picture-in-picture; web-share\" referrerpolicy=\"strict-origin-when-cross-origin\" allowfullscreen><\/iframe><\/div>\r\n<div class=\"video-wrapper shortcode-container hidden-xs hidden-sm \" id=\"shortcode-a9327ecaa0e41d2a4419b7724a7b8235\" >\r\n\t\t<iframe title=\"\ud83d\udda4 Thriller de Terror Psicol\u00f3gico\ud83d\udc80mi Nueva Novela Saol Eile + Sorpresa \ud83c\udf81\" width=\"1400\" height=\"788\" src=\"https:\/\/www.youtube.com\/embed\/H0Q5f7iBNTk?start=10&feature=oembed\" frameborder=\"0\" allow=\"accelerometer; autoplay; clipboard-write; encrypted-media; gyroscope; picture-in-picture; web-share\" referrerpolicy=\"strict-origin-when-cross-origin\" allowfullscreen><\/iframe><\/div>\r\n\t\t<\/div>\r\n\t<\/div>\r\n\t<\/section>\r\n\r\n<section class=\"pos-r  \"  id=\"shortcode-29929a3a42de51574892ee528dc7712b\" >\r\n\t\t<div class=\"fw-container\">\r\n\t\t<div class=\"fw-row\">\r\n\t\t\t<div class=\"video-wrapper shortcode-container hidden-md hidden-lg  \" id=\"shortcode-d13f076de1d91f1c100e79f28e4d86e3\" >\r\n\t\t<iframe title=\"ESCRIBIR NOVELA HIST\u00d3RICA \u2694\ufe0f INFLUENCIAS en mi NOVELA DE FICCI\u00d3N HIST\u00d3RICA + CONSEJOS DE ESCRITURA\" width=\"400\" height=\"225\" src=\"https:\/\/www.youtube.com\/embed\/OJMLLvZR5kA?start=7&feature=oembed\" frameborder=\"0\" allow=\"accelerometer; autoplay; clipboard-write; encrypted-media; gyroscope; picture-in-picture; web-share\" referrerpolicy=\"strict-origin-when-cross-origin\" allowfullscreen><\/iframe><\/div>\r\n<div class=\"video-wrapper shortcode-container hidden-md hidden-lg  \" id=\"shortcode-85d325a4efd73e987b11a51695096669\" >\r\n\t\t<iframe title=\"\ud83d\udda4 Thriller de Terror Psicol\u00f3gico\ud83d\udc80mi Nueva Novela Saol Eile + Sorpresa \ud83c\udf81\" width=\"400\" height=\"225\" src=\"https:\/\/www.youtube.com\/embed\/H0Q5f7iBNTk?start=10&feature=oembed\" frameborder=\"0\" allow=\"accelerometer; autoplay; clipboard-write; encrypted-media; gyroscope; picture-in-picture; web-share\" referrerpolicy=\"strict-origin-when-cross-origin\" allowfullscreen><\/iframe><\/div>\r\n\r\n\r\n\t\t<a href=\"https:\/\/lauraperezmacho.com\/como-escribo\/\" target=\"_blank\" class=\"shortcode-button btn btn-normal  \" id=\"shortcode-a839cdff814ea0515c3fe81cb1d518cf\" >\r\n\t\t<span>DESCUBRE AQU\u00cd C\u00d3MO ESCRIBO<\/span>\r\n\t<\/a>\r\n\r\n\r\n\r\n\t\t<a href=\"https:\/\/lauraperezmacho.com\/curso-online-escritura\/\" target=\"_blank\" class=\"shortcode-button btn btn-normal  \" id=\"shortcode-c970375e1dcaeb35ddda00fb04dc7819\" >\r\n\t\t<span>\u00a1AP\u00daNTATE AL CURSO DE ESCRITURA!<\/span>\r\n\t<\/a>\r\n\r\n\r\n\r\n\t\t<a href=\"https:\/\/www.youtube.com\/channel\/UC8z7S2tRyFZCkSOcUJQS6yw?sub_confirmation=1\" target=\"_blank\" class=\"shortcode-button btn btn-normal  \" id=\"shortcode-f2608bc6ca51095a4545b15b379ae6a7\" >\r\n\t\t<span>Visita mi canal de YOUTUBE<\/span>\r\n\t<\/a>\r\n\r\n\r\n\r\n<div class=\"TextBlock  \" id=\"shortcode-cae02999d513570e97dd24ccde64d45e\" >\r\n\t<p><script src=\"https:\/\/apis.google.com\/js\/platform.js\"><\/script><\/p><div class=\"g-ytsubscribe\" data-channelid=\"UC8z7S2tRyFZCkSOcUJQS6yw\" data-layout=\"full\" data-count=\"default\"><\/div><\/div>\r\n\r\n<div class=\"spacer \" id=\"shortcode-195231f9d54ad08e8aef11eb649d509f\"><\/div>\t\t<\/div>\r\n\t<\/div>\r\n\t<\/section>\r\n\r\n<div class =\" \" id=\"shortcode-f756bd0743d6cf9df6dc988f70547fbb\" >\r\n\r\n\r\n\t<div class=\"EventsWrapper is-matchheight-group c-elements-cols-2\">\r\n\r\n\t\t\r\n\t\t\r\n\t<\/div> <!-- end EventsWrapper -->\r\n\r\n\t\t\t\t\t<div class=\"c-element-show-more special-link text-right\">\r\n\t\t\t<a href=\"https:\/\/lauraperezmacho.com\/es_es\/eventos-ferias-presentaciones-firmas\/\">View All<\/a>\r\n\t\t<\/div>\r\n\t\t\t\t\r\n<\/div><!-- end shortcode-id -->\r\n\r\n<div class=\"fw-tabs-container tabs-justified tabs-horizontal  \" id=\"fw-tabs-69e733e31daaa\" >\r\n\t<div class=\"fw-tabs\">\r\n\t\t<ul>\r\n\t\t\t\t\t\t<li>\r\n\t\t\t\t<a class=\"font-heading element-title\" href=\"#fw-tabs-69e733e31daaa-1\">\r\n\t\t\t\t\t<i class=\" tabs-icon\"><\/i>\r\n\t\t\t\t\t<span><\/span>\r\n\t\t\t\t<\/a>\r\n\t\t\t<\/li>\r\n\t\t\t\t\t<\/ul>\r\n\t<\/div>\r\n\t\t\t<div class=\"fw-tab-content\" id=\"fw-tabs-69e733e31daaa-1\">\r\n\t\t\t<p><script src='https:\/\/storage.ko-fi.com\/cdn\/scripts\/overlay-widget.js'><\/script><br \/><script>  kofiWidgetOverlay.draw('lauryperezmacholibros', {    'type': 'floating-chat',    'floating-chat.donateButton.text': 'Me apoyas?',    'floating-chat.donateButton.background-color': '#814098',    'floating-chat.donateButton.text-color': '#fff'  });<\/script><\/p>\t\t<\/div>\r\n\t<\/div><\/p>\n","protected":false},"excerpt":{"rendered":"<p>Eventos, Ferias, Presentaciones, Firmas&#8230; Lo que vaya surgiendo, en Espa\u00f1a y Alemania (virtual y\/o presencial)<\/p>\n","protected":false},"author":1,"featured_media":1364,"parent":0,"menu_order":0,"comment_status":"closed","ping_status":"closed","template":"","meta":{"_monsterinsights_skip_tracking":false,"_monsterinsights_sitenote_active":false,"_monsterinsights_sitenote_note":"","_monsterinsights_sitenote_category":0},"yoast_head":"<!-- This site is optimized with the Yoast SEO plugin v20.1 - https:\/\/yoast.com\/wordpress\/plugins\/seo\/ -->\n<title>Mis influencias - Lauraperezmacho.com<\/title>\n<meta name=\"description\" content=\"Mis influencias: con\u00f3ceme un poquito m\u00e1s. Comparto autores preferidos y los g\u00e9neros que m\u00e1s me gustan para escribir y leer\" \/>\n<meta name=\"robots\" content=\"index, follow, max-snippet:-1, max-image-preview:large, max-video-preview:-1\" \/>\n<link rel=\"canonical\" href=\"https:\/\/lauraperezmacho.com\/es_es\/mis-influencias\/\" \/>\n<meta property=\"og:locale\" content=\"es_ES\" \/>\n<meta property=\"og:type\" content=\"article\" \/>\n<meta property=\"og:title\" content=\"Mis influencias - Lauraperezmacho.com\" \/>\n<meta property=\"og:description\" content=\"Mis influencias: con\u00f3ceme un poquito m\u00e1s. Comparto autores preferidos y los g\u00e9neros que m\u00e1s me gustan para escribir y leer\" \/>\n<meta property=\"og:url\" content=\"https:\/\/lauraperezmacho.com\/es_es\/mis-influencias\/\" \/>\n<meta property=\"og:site_name\" content=\"Lauraperezmacho.com\" \/>\n<meta property=\"article:modified_time\" content=\"2023-11-18T17:54:09+00:00\" \/>\n<meta property=\"og:image\" content=\"https:\/\/lauraperezmacho.com\/wp-content\/uploads\/2022\/02\/Diseno-sin-titulo-5.jpg\" \/>\n\t<meta property=\"og:image:width\" content=\"1920\" \/>\n\t<meta property=\"og:image:height\" content=\"1080\" \/>\n\t<meta property=\"og:image:type\" content=\"image\/jpeg\" \/>\n<meta name=\"twitter:card\" content=\"summary_large_image\" \/>\n<meta name=\"twitter:label1\" content=\"Tiempo de lectura\" \/>\n\t<meta name=\"twitter:data1\" content=\"2 minutos\" \/>\n<script type=\"application\/ld+json\" class=\"yoast-schema-graph\">{\"@context\":\"https:\/\/schema.org\",\"@graph\":[{\"@type\":\"WebPage\",\"@id\":\"https:\/\/lauraperezmacho.com\/mis-influencias\/\",\"url\":\"https:\/\/lauraperezmacho.com\/mis-influencias\/\",\"name\":\"Mis influencias - Lauraperezmacho.com\",\"isPartOf\":{\"@id\":\"https:\/\/lauraperezmacho.com\/#website\"},\"datePublished\":\"2017-08-15T11:31:34+00:00\",\"dateModified\":\"2023-11-18T17:54:09+00:00\",\"description\":\"Mis influencias: con\u00f3ceme un poquito m\u00e1s. Comparto autores preferidos y los g\u00e9neros que m\u00e1s me gustan para escribir y leer\",\"breadcrumb\":{\"@id\":\"https:\/\/lauraperezmacho.com\/mis-influencias\/#breadcrumb\"},\"inLanguage\":\"es\",\"potentialAction\":[{\"@type\":\"ReadAction\",\"target\":[\"https:\/\/lauraperezmacho.com\/mis-influencias\/\"]}]},{\"@type\":\"BreadcrumbList\",\"@id\":\"https:\/\/lauraperezmacho.com\/mis-influencias\/#breadcrumb\",\"itemListElement\":[{\"@type\":\"ListItem\",\"position\":1,\"name\":\"Home\",\"item\":\"https:\/\/lauraperezmacho.com\/\"},{\"@type\":\"ListItem\",\"position\":2,\"name\":\"Mis influencias\"}]},{\"@type\":\"WebSite\",\"@id\":\"https:\/\/lauraperezmacho.com\/#website\",\"url\":\"https:\/\/lauraperezmacho.com\/\",\"name\":\"Lauraperezmacho.com\",\"description\":\"Web de autora Laura Perez Macho\",\"potentialAction\":[{\"@type\":\"SearchAction\",\"target\":{\"@type\":\"EntryPoint\",\"urlTemplate\":\"https:\/\/lauraperezmacho.com\/?s={search_term_string}\"},\"query-input\":\"required name=search_term_string\"}],\"inLanguage\":\"es\"}]}<\/script>\n<!-- \/ Yoast SEO plugin. -->","yoast_head_json":{"title":"Mis influencias - Lauraperezmacho.com","description":"Mis influencias: con\u00f3ceme un poquito m\u00e1s. Comparto autores preferidos y los g\u00e9neros que m\u00e1s me gustan para escribir y leer","robots":{"index":"index","follow":"follow","max-snippet":"max-snippet:-1","max-image-preview":"max-image-preview:large","max-video-preview":"max-video-preview:-1"},"canonical":"https:\/\/lauraperezmacho.com\/es_es\/mis-influencias\/","og_locale":"es_ES","og_type":"article","og_title":"Mis influencias - Lauraperezmacho.com","og_description":"Mis influencias: con\u00f3ceme un poquito m\u00e1s. Comparto autores preferidos y los g\u00e9neros que m\u00e1s me gustan para escribir y leer","og_url":"https:\/\/lauraperezmacho.com\/es_es\/mis-influencias\/","og_site_name":"Lauraperezmacho.com","article_modified_time":"2023-11-18T17:54:09+00:00","og_image":[{"width":1920,"height":1080,"url":"https:\/\/lauraperezmacho.com\/wp-content\/uploads\/2022\/02\/Diseno-sin-titulo-5.jpg","type":"image\/jpeg"}],"twitter_card":"summary_large_image","twitter_misc":{"Tiempo de lectura":"2 minutos"},"schema":{"@context":"https:\/\/schema.org","@graph":[{"@type":"WebPage","@id":"https:\/\/lauraperezmacho.com\/mis-influencias\/","url":"https:\/\/lauraperezmacho.com\/mis-influencias\/","name":"Mis influencias - Lauraperezmacho.com","isPartOf":{"@id":"https:\/\/lauraperezmacho.com\/#website"},"datePublished":"2017-08-15T11:31:34+00:00","dateModified":"2023-11-18T17:54:09+00:00","description":"Mis influencias: con\u00f3ceme un poquito m\u00e1s. Comparto autores preferidos y los g\u00e9neros que m\u00e1s me gustan para escribir y leer","breadcrumb":{"@id":"https:\/\/lauraperezmacho.com\/mis-influencias\/#breadcrumb"},"inLanguage":"es","potentialAction":[{"@type":"ReadAction","target":["https:\/\/lauraperezmacho.com\/mis-influencias\/"]}]},{"@type":"BreadcrumbList","@id":"https:\/\/lauraperezmacho.com\/mis-influencias\/#breadcrumb","itemListElement":[{"@type":"ListItem","position":1,"name":"Home","item":"https:\/\/lauraperezmacho.com\/"},{"@type":"ListItem","position":2,"name":"Mis influencias"}]},{"@type":"WebSite","@id":"https:\/\/lauraperezmacho.com\/#website","url":"https:\/\/lauraperezmacho.com\/","name":"Lauraperezmacho.com","description":"Web de autora Laura Perez Macho","potentialAction":[{"@type":"SearchAction","target":{"@type":"EntryPoint","urlTemplate":"https:\/\/lauraperezmacho.com\/?s={search_term_string}"},"query-input":"required name=search_term_string"}],"inLanguage":"es"}]}},"_links":{"self":[{"href":"https:\/\/lauraperezmacho.com\/es_es\/wp-json\/wp\/v2\/pages\/379"}],"collection":[{"href":"https:\/\/lauraperezmacho.com\/es_es\/wp-json\/wp\/v2\/pages"}],"about":[{"href":"https:\/\/lauraperezmacho.com\/es_es\/wp-json\/wp\/v2\/types\/page"}],"author":[{"embeddable":true,"href":"https:\/\/lauraperezmacho.com\/es_es\/wp-json\/wp\/v2\/users\/1"}],"replies":[{"embeddable":true,"href":"https:\/\/lauraperezmacho.com\/es_es\/wp-json\/wp\/v2\/comments?post=379"}],"version-history":[{"count":65,"href":"https:\/\/lauraperezmacho.com\/es_es\/wp-json\/wp\/v2\/pages\/379\/revisions"}],"predecessor-version":[{"id":2688,"href":"https:\/\/lauraperezmacho.com\/es_es\/wp-json\/wp\/v2\/pages\/379\/revisions\/2688"}],"wp:featuredmedia":[{"embeddable":true,"href":"https:\/\/lauraperezmacho.com\/es_es\/wp-json\/wp\/v2\/media\/1364"}],"wp:attachment":[{"href":"https:\/\/lauraperezmacho.com\/es_es\/wp-json\/wp\/v2\/media?parent=379"}],"curies":[{"name":"wp","href":"https:\/\/api.w.org\/{rel}","templated":true}]}}