{"id":3039,"date":"2024-05-20T11:55:58","date_gmt":"2024-05-20T09:55:58","guid":{"rendered":"https:\/\/lauraperezmacho.com\/?page_id=3039"},"modified":"2025-11-12T15:25:47","modified_gmt":"2025-11-12T14:25:47","slug":"premios-y-reconocimientos","status":"publish","type":"page","link":"https:\/\/lauraperezmacho.com\/es_es\/premios-y-reconocimientos\/","title":{"rendered":"Premios y reconocimientos"},"content":{"rendered":"<p><img src=\"\/\/lauraperezmacho.com\/wp-content\/uploads\/2025\/03\/Premios-y-Reconocimientos-1.png\" alt=\"Premios y Reconocimientos\" class=\" \" data-wow-delay=\"\" \/>\r\n\r\n<div class=\"spacer \" id=\"shortcode-153b91dd0f8533a521b8ebe272de7b9d\"><\/div>\r\n\r\n<div class=\"TextBlock  \" id=\"shortcode-1f0c7b74e0513ac1f1451becb80be224\" >\r\n\t<p>\u00bfHas participado en cert\u00e1menes o concursos literarios?<\/p><p>Es muy com\u00fan que, como escritores, participemos con \u00e1nimo de darnos a conocer y de paso tener la posibilidad de ganar alg\u00fan premio o reconocimiento. Pero hay que tener mucho cuidado. Muchas veces piden un relato o novela in\u00e9ditos y es posible que no permitan publicarlos o enviarlos a otros concursos.<\/p><p>Por eso, antes de enviar el manuscrito es muy importante:<\/p><p>-Registrar la obra en <em>Safe Creative<\/em> y\/o en el <em>Registro de Propiedad Intelectual.\u00a0<\/em><\/p><p>-Revisar las bases de los concursos.<\/p><p>Obviamente, cada concurso es un mundo y cada uno es libre para decidir si participar o no.<\/p><p>Por mi parte no suelo participar en concursos literarios. Pero al publicar <strong><em><a href=\"https:\/\/lauraperezmacho.com\/es_es\/product\/dante-xxiii\/\">Dante XXIII<\/a><\/em><\/strong> con <a href=\"https:\/\/editorialcirculorojo.com\/dante-xxiii\/\"><strong>C\u00edrculo Rojo<\/strong> <\/a>y ver que hab\u00edan lanzado su <strong>primer Certamen de Relatos Navide\u00f1os<\/strong> me anim\u00e9. Mi relato fue seleccionado para incluirse en su antolog\u00eda navide\u00f1a de diciembre de 2023. Despu\u00e9s he ido recibiendo reconocimientos que mencionar\u00e9 aqu\u00ed.<\/p><\/div>\r\n\r\n<div class=\"spacer \" id=\"shortcode-df97275d5e562c632adcad94e73d5a5d\"><\/div><div class=\"SpecialHeading fw-heading  text-center mt-20 mb-60  \" id=\"shortcode-f1fad72d60ecfdcba8c04c3988e50d50\" >\r\n\t\t\t\t\t<h4 class=\"special-title special-heading-letter\">Menci\u00f3n de Honor a la Mejor novela de Ciencia ficci\u00f3n<\/h4>\t\t<div class=\"special-subtitle\">Premios International Latino Book Awards (ILBA) 2025<\/div>\r\n\t<\/div>\r\n\r\n<div class=\"TextBlock  \" id=\"shortcode-bd369a7e25bf0772284463f495367558\" >\r\n\t<p><em><strong>Dante XXIII<\/strong><\/em> ha recibido <em><strong>Menci\u00f3n de Honor a la Mejor Novela de Ciencia Ficci\u00f3n<\/strong><\/em> en los <strong>Premios International Latino Book Awards 2025<\/strong><\/p><\/div><img src=\"\/\/lauraperezmacho.com\/wp-content\/uploads\/2025\/11\/Honorable-Mention-ILBA-logo-.png\" alt=\"Honorable-Mention-ILBA-logo-\" class=\" \" data-wow-delay=\"\" \/>\r\n\r\n<div class=\"spacer \" id=\"shortcode-5e34748c1750287f3454673521dabde1\"><\/div><img src=\"\/\/lauraperezmacho.com\/wp-content\/uploads\/2023\/11\/EBOOK-DANTE-XXIII-MENCION-HONOR-ILBA-2025.jpg\" alt=\"EBOOK DANTE XXIII - MENCION HONOR ILBA 2025\" class=\" \" data-wow-delay=\"\" \/>\r\n\r\n<div class=\"spacer \" id=\"shortcode-3b8e1201abe89aebbd577067fb40a1ff\"><\/div><img src=\"\/\/lauraperezmacho.com\/wp-content\/uploads\/2025\/09\/International-Latino-Book-Awards_-Honorable-Mention-Laura-Perez-Macho-Dante-XXIII.jpg\" alt=\"\/\/lauraperezmacho.com\/wp-content\/uploads\/2025\/09\/International-Latino-Book-Awards_-Honorable-Mention-Laura-Perez-Macho-Dante-XXIII.jpg\" class=\" \" data-wow-delay=\"\" \/>\r\n\r\n<div class=\"spacer \" id=\"shortcode-765375da18bdbec0bacc0e1e156a9299\"><\/div><div class=\"SpecialHeading fw-heading  text-center mt-20 mb-60  \" id=\"shortcode-23f36bea907de1fbcef13503c508a199\" >\r\n\t\t\t\t\t<h4 class=\"special-title special-heading-letter\">Galard\u00f3n a la Excelencia Literaria<\/h4>\t\t<div class=\"special-subtitle\">PREMIOS EUROPA 2025<\/div>\r\n\t<\/div>\r\n\r\n<div class=\"TextBlock  \" id=\"shortcode-e78df93067f9f5fe8b96c8b2dd780932\" >\r\n\t<p>He tenido el honor de recibir el <em><strong>Galard\u00f3n a la Excelencia Literaria<\/strong><\/em> en los <strong>Premios Europa Multicultural 2025<\/strong><\/p><p>&nbsp;<\/p><blockquote class=\"instagram-media\" data-instgrm-captioned data-instgrm-permalink=\"https:\/\/www.instagram.com\/reel\/DJkEK0OM_8I\/?utm_source=ig_embed&amp;utm_campaign=loading\" data-instgrm-version=\"14\" style=\" background:#FFF; border:0; border-radius:3px; box-shadow:0 0 1px 0 rgba(0,0,0,0.5),0 1px 10px 0 rgba(0,0,0,0.15); margin: 1px; max-width:540px; min-width:326px; padding:0; width:99.375%; width:-webkit-calc(100% - 2px); width:calc(100% - 2px);\"><div style=\"padding:16px;\"> <a href=\"https:\/\/www.instagram.com\/reel\/DJkEK0OM_8I\/?utm_source=ig_embed&amp;utm_campaign=loading\" style=\" background:#FFFFFF; line-height:0; padding:0 0; text-align:center; text-decoration:none; width:100%;\" target=\"_blank\"> <\/p><div style=\" display: flex; flex-direction: row; align-items: center;\"><div style=\"background-color: #F4F4F4; border-radius: 50%; flex-grow: 0; height: 40px; margin-right: 14px; width: 40px;\"><\/div><div style=\"display: flex; flex-direction: column; flex-grow: 1; justify-content: center;\"><div style=\" background-color: #F4F4F4; border-radius: 4px; flex-grow: 0; height: 14px; margin-bottom: 6px; width: 100px;\"><\/div><div style=\" background-color: #F4F4F4; border-radius: 4px; flex-grow: 0; height: 14px; width: 60px;\"><\/div><\/div><\/div><div style=\"padding: 19% 0;\"><\/div><div style=\"display:block; height:50px; margin:0 auto 12px; width:50px;\"><svg width=\"50px\" height=\"50px\" viewBox=\"0 0 60 60\" version=\"1.1\" xmlns=\"https:\/\/www.w3.org\/2000\/svg\" xmlns:xlink=\"https:\/\/www.w3.org\/1999\/xlink\"><g stroke=\"none\" stroke-width=\"1\" fill=\"none\" fill-rule=\"evenodd\"><g transform=\"translate(-511.000000, -20.000000)\" fill=\"#000000\"><g><path d=\"M556.869,30.41 C554.814,30.41 553.148,32.076 553.148,34.131 C553.148,36.186 554.814,37.852 556.869,37.852 C558.924,37.852 560.59,36.186 560.59,34.131 C560.59,32.076 558.924,30.41 556.869,30.41 M541,60.657 C535.114,60.657 530.342,55.887 530.342,50 C530.342,44.114 535.114,39.342 541,39.342 C546.887,39.342 551.658,44.114 551.658,50 C551.658,55.887 546.887,60.657 541,60.657 M541,33.886 C532.1,33.886 524.886,41.1 524.886,50 C524.886,58.899 532.1,66.113 541,66.113 C549.9,66.113 557.115,58.899 557.115,50 C557.115,41.1 549.9,33.886 541,33.886 M565.378,62.101 C565.244,65.022 564.756,66.606 564.346,67.663 C563.803,69.06 563.154,70.057 562.106,71.106 C561.058,72.155 560.06,72.803 558.662,73.347 C557.607,73.757 556.021,74.244 553.102,74.378 C549.944,74.521 548.997,74.552 541,74.552 C533.003,74.552 532.056,74.521 528.898,74.378 C525.979,74.244 524.393,73.757 523.338,73.347 C521.94,72.803 520.942,72.155 519.894,71.106 C518.846,70.057 518.197,69.06 517.654,67.663 C517.244,66.606 516.755,65.022 516.623,62.101 C516.479,58.943 516.448,57.996 516.448,50 C516.448,42.003 516.479,41.056 516.623,37.899 C516.755,34.978 517.244,33.391 517.654,32.338 C518.197,30.938 518.846,29.942 519.894,28.894 C520.942,27.846 521.94,27.196 523.338,26.654 C524.393,26.244 525.979,25.756 528.898,25.623 C532.057,25.479 533.004,25.448 541,25.448 C548.997,25.448 549.943,25.479 553.102,25.623 C556.021,25.756 557.607,26.244 558.662,26.654 C560.06,27.196 561.058,27.846 562.106,28.894 C563.154,29.942 563.803,30.938 564.346,32.338 C564.756,33.391 565.244,34.978 565.378,37.899 C565.522,41.056 565.552,42.003 565.552,50 C565.552,57.996 565.522,58.943 565.378,62.101 M570.82,37.631 C570.674,34.438 570.167,32.258 569.425,30.349 C568.659,28.377 567.633,26.702 565.965,25.035 C564.297,23.368 562.623,22.342 560.652,21.575 C558.743,20.834 556.562,20.326 553.369,20.18 C550.169,20.033 549.148,20 541,20 C532.853,20 531.831,20.033 528.631,20.18 C525.438,20.326 523.257,20.834 521.349,21.575 C519.376,22.342 517.703,23.368 516.035,25.035 C514.368,26.702 513.342,28.377 512.574,30.349 C511.834,32.258 511.326,34.438 511.181,37.631 C511.035,40.831 511,41.851 511,50 C511,58.147 511.035,59.17 511.181,62.369 C511.326,65.562 511.834,67.743 512.574,69.651 C513.342,71.625 514.368,73.296 516.035,74.965 C517.703,76.634 519.376,77.658 521.349,78.425 C523.257,79.167 525.438,79.673 528.631,79.82 C531.831,79.965 532.853,80.001 541,80.001 C549.148,80.001 550.169,79.965 553.369,79.82 C556.562,79.673 558.743,79.167 560.652,78.425 C562.623,77.658 564.297,76.634 565.965,74.965 C567.633,73.296 568.659,71.625 569.425,69.651 C570.167,67.743 570.674,65.562 570.82,62.369 C570.966,59.17 571,58.147 571,50 C571,41.851 570.966,40.831 570.82,37.631\"><\/path><\/g><\/g><\/g><\/svg><\/div><div style=\"padding-top: 8px;\"><div style=\" color:#3897f0; font-family:Arial,sans-serif; font-size:14px; font-style:normal; font-weight:550; line-height:18px;\">Ver esta publicaci\u00f3n en Instagram<\/div><\/div><div style=\"padding: 12.5% 0;\"><\/div><div style=\"display: flex; flex-direction: row; margin-bottom: 14px; align-items: center;\"><div><div style=\"background-color: #F4F4F4; border-radius: 50%; height: 12.5px; width: 12.5px; transform: translateX(0px) translateY(7px);\"><\/div><div style=\"background-color: #F4F4F4; height: 12.5px; transform: rotate(-45deg) translateX(3px) translateY(1px); width: 12.5px; flex-grow: 0; margin-right: 14px; margin-left: 2px;\"><\/div><div style=\"background-color: #F4F4F4; border-radius: 50%; height: 12.5px; width: 12.5px; transform: translateX(9px) translateY(-18px);\"><\/div><\/div><div style=\"margin-left: 8px;\"><div style=\" background-color: #F4F4F4; border-radius: 50%; flex-grow: 0; height: 20px; width: 20px;\"><\/div><div style=\" width: 0; height: 0; border-top: 2px solid transparent; border-left: 6px solid #f4f4f4; border-bottom: 2px solid transparent; transform: translateX(16px) translateY(-4px) rotate(30deg)\"><\/div><\/div><div style=\"margin-left: auto;\"><div style=\" width: 0px; border-top: 8px solid #F4F4F4; border-right: 8px solid transparent; transform: translateY(16px);\"><\/div><div style=\" background-color: #F4F4F4; flex-grow: 0; height: 12px; width: 16px; transform: translateY(-4px);\"><\/div><div style=\" width: 0; height: 0; border-top: 8px solid #F4F4F4; border-left: 8px solid transparent; transform: translateY(-4px) translateX(8px);\"><\/div><\/div><\/div><div style=\"display: flex; flex-direction: column; flex-grow: 1; justify-content: center; margin-bottom: 24px;\"><div style=\" background-color: #F4F4F4; border-radius: 4px; flex-grow: 0; height: 14px; margin-bottom: 6px; width: 224px;\"><\/div><div style=\" background-color: #F4F4F4; border-radius: 4px; flex-grow: 0; height: 14px; width: 144px;\"><\/div><\/div><p><\/a><\/p><p style=\" color:#c9c8cd; font-family:Arial,sans-serif; font-size:14px; line-height:17px; margin-bottom:0; margin-top:8px; overflow:hidden; padding:8px 0 7px; text-align:center; text-overflow:ellipsis; white-space:nowrap;\"><a href=\"https:\/\/www.instagram.com\/reel\/DJkEK0OM_8I\/?utm_source=ig_embed&amp;utm_campaign=loading\" style=\" color:#c9c8cd; font-family:Arial,sans-serif; font-size:14px; font-style:normal; font-weight:normal; line-height:17px; text-decoration:none;\" target=\"_blank\">Una publicaci\u00f3n compartida de Premios Europa Multicultural (@premioseuropaoficial)<\/a><\/p><\/div><\/blockquote><p><script async src=\"\/\/www.instagram.com\/embed.js\"><\/script><\/p><\/div><img src=\"\/\/lauraperezmacho.com\/wp-content\/uploads\/2025\/04\/Premio-Europa-2025-a-la-escritora-Laura-Perez-Macho.jpg\" alt=\"Premio-Europa-2025-a-la-escritora-Laura-Perez-Macho\" class=\" \" data-wow-delay=\"\" \/><img src=\"\/\/lauraperezmacho.com\/wp-content\/uploads\/2025\/03\/Entrega-del-Galardon-a-la-Excelencia-Literaria-a-Laura-Perez-Macho-en-los-Premios-Europa-2025.jpeg\" alt=\"Entrega del Galard\u00f3n a la Excelencia Literaria a Laura P\u00e9rez Macho en los Premios Europa 2025\" class=\" \" data-wow-delay=\"\" \/>\r\n\r\n<div class=\"spacer \" id=\"shortcode-69d59309a9f91ed9d856068630dd5d88\"><\/div><div class=\"SpecialHeading fw-heading  text-center mt-20 mb-60  \" id=\"shortcode-3f4b2153d5240616f4c8ae1f82db51a1\" >\r\n\t\t\t\t\t<h4 class=\"special-title special-heading-letter\">Premio Literario RQB 2024<\/h4>\t\t<div class=\"special-subtitle\">MICRORRELATO<\/div>\r\n\t<\/div>\r\n\r\n<div class=\"TextBlock  \" id=\"shortcode-23b65253967f19805993d26ccd199982\" >\r\n\t<p>Mi relato <em><strong>Volchok y la anciana\u00a0<\/strong><\/em>ha ganado el <strong>primer puesto<\/strong> en la <strong>Categor\u00eda Literaria<\/strong> del <em><strong>Concurso Internacional RQB 2024<\/strong><\/em><\/p><p>&nbsp;<\/p><\/div><img src=\"\/\/lauraperezmacho.com\/wp-content\/uploads\/2025\/11\/Trofeo-del-primer-premio-del-Concurso-Internacional-RQB-2024-de-literatura-rotated.jpeg\" alt=\"Trofeo del primer premio del Concurso Internacional RQB 2024 de literatura\" class=\" \" data-wow-delay=\"\" \/><img src=\"https:\/\/lauraperezmacho.com\/wp-content\/uploads\/2024\/11\/Volchok-y-la-anciana_dibujo-color-500x800.png\" alt=\"Volchok y la anciana_dibujo color\" class=\" \" data-wow-delay=\"\" width=\"500\" height=\"800\" \/>\r\n\r\n<div class=\"spacer \" id=\"shortcode-75f9b64aa1163d8f3d5a774b8e63343e\"><\/div><div class=\"SpecialHeading fw-heading  text-center mt-20 mb-60  \" id=\"shortcode-3a410815b41ebedeadb5f9af71c8b78d\" >\r\n\t\t\t\t\t<h4 class=\"special-title special-heading-letter\">Relato seleccionado para Antolog\u00eda de Relatos Navide\u00f1os<\/h4>\t\t<div class=\"special-subtitle\">Editorial C\u00edrculo Rojo<\/div>\r\n\t<\/div>\r\n\r\n<div class=\"TextBlock  \" id=\"shortcode-80849d5a1c8f139b5a542218451d971d\" >\r\n\t<p><strong>Mi relato corto <em>\"Navidad sangrienta\" <\/em>fue seleccionado para formar parte de esta antolog\u00eda publicada en diciembre del 2023.<\/strong><\/p><p>Sum\u00e9rgete en un viaje literario lleno de encanto y emoci\u00f3n con <em>\u201cCartas Perdidas en el Polo Norte\u201d<\/em>. Es una colecci\u00f3n de los mejores relatos del<strong><em> I Certamen de Relatos Navide\u00f1os Editorial C\u00edrculo Rojo<\/em><\/strong>. En este libro la magia de la Navidad cobra vida de maneras asombrosas. Ofrece una experiencia \u00fanica que combina lo emocionante con lo melanc\u00f3lico y lo terror\u00edfico.<\/p><p><a href=\"https:\/\/www.libreriaeditorialcirculorojo.com\/producto\/cartas-perdidas-en-el-polo-norte\/\">La antolog\u00eda de relatos est\u00e1 a la venta en la web de C\u00edrculo Rojo<\/a> y en <a href=\"https:\/\/www.amazon.es\/Cartas-perdidas-Norte-Varios-Autores\/dp\/8410611155\/ref=sr_1_1?__mk_es_ES=%C3%85M%C3%85%C5%BD%C3%95%C3%91&amp;crid=27NRZVX0GDFHB&amp;dib=eyJ2IjoiMSJ9.zcvINt05R0pbIPTjOL9NDA.2Z13ZR66fZlQkj--wpK88LFvRcAoSjyyi1i9hTwhemw&amp;dib_tag=se&amp;keywords=cartas+perdidas+en+el+polo+norte&amp;qid=1716195008&amp;sprefix=cartas+perdidas+en+el+polo+norte%2Caps%2C94&amp;sr=8-1\">Amazon<\/a><\/p><\/div><img src=\"\/\/lauraperezmacho.com\/wp-content\/uploads\/2025\/11\/Cartas-perdidas-en-el-Polo-Norte-Diciembre-2023.jpeg\" alt=\"Cartas perdidas en el Polo Norte Diciembre 2023\" class=\" \" data-wow-delay=\"\" \/><img src=\"\/\/lauraperezmacho.com\/wp-content\/uploads\/2024\/05\/Cartas-perdidas-en-el-Polo-Norte-Diciembre-2023.jpg\" alt=\"Cartas perdidas en el Polo Norte Diciembre 2023\" class=\" \" data-wow-delay=\"\" \/><\/p>\n","protected":false},"excerpt":{"rendered":"<p>\u00bfHas participado en cert\u00e1menes o concursos literarios?Es muy com\u00fan que, como escritores, participemos con \u00e1nimo de darnos a conocer y de paso tener la posibilidad de ganar alg\u00fan premio o reconocimiento. Pero hay que tener mucho cuidado. Muchas veces piden un relato o novela in\u00e9ditos y es posible que no permitan publicarlos o enviarlos a&#8230;<\/p>\n","protected":false},"author":1,"featured_media":0,"parent":0,"menu_order":0,"comment_status":"closed","ping_status":"closed","template":"","meta":{"_monsterinsights_skip_tracking":false,"_monsterinsights_sitenote_active":false,"_monsterinsights_sitenote_note":"","_monsterinsights_sitenote_category":0},"yoast_head":"<!-- This site is optimized with the Yoast SEO plugin v20.1 - https:\/\/yoast.com\/wordpress\/plugins\/seo\/ -->\n<title>Premios y reconocimientos - Lauraperezmacho.com<\/title>\n<meta name=\"description\" content=\"Descubre en esta secci\u00f3n los premios y reconocimientos literarios que me han otorgado, aunque no suelo participar en concursos\" \/>\n<meta name=\"robots\" content=\"index, follow, max-snippet:-1, max-image-preview:large, max-video-preview:-1\" \/>\n<link rel=\"canonical\" href=\"https:\/\/lauraperezmacho.com\/es_es\/premios-y-reconocimientos\/\" \/>\n<meta property=\"og:locale\" content=\"es_ES\" \/>\n<meta property=\"og:type\" content=\"article\" \/>\n<meta property=\"og:title\" content=\"Premios y reconocimientos - Lauraperezmacho.com\" \/>\n<meta property=\"og:description\" content=\"Descubre en esta secci\u00f3n los premios y reconocimientos literarios que me han otorgado, aunque no suelo participar en concursos\" \/>\n<meta property=\"og:url\" content=\"https:\/\/lauraperezmacho.com\/es_es\/premios-y-reconocimientos\/\" \/>\n<meta property=\"og:site_name\" content=\"Lauraperezmacho.com\" \/>\n<meta property=\"article:modified_time\" content=\"2025-11-12T14:25:47+00:00\" \/>\n<meta property=\"og:image\" content=\"https:\/\/lauraperezmacho.com\/wp-content\/uploads\/2024\/11\/Volchok-y-la-anciana_dibujo-color-500x800.png\" \/>\n<meta name=\"twitter:card\" content=\"summary_large_image\" \/>\n<meta name=\"twitter:label1\" content=\"Tiempo de lectura\" \/>\n\t<meta name=\"twitter:data1\" content=\"4 minutos\" \/>\n<script type=\"application\/ld+json\" class=\"yoast-schema-graph\">{\"@context\":\"https:\/\/schema.org\",\"@graph\":[{\"@type\":\"WebPage\",\"@id\":\"https:\/\/lauraperezmacho.com\/premios-y-reconocimientos\/\",\"url\":\"https:\/\/lauraperezmacho.com\/premios-y-reconocimientos\/\",\"name\":\"Premios y reconocimientos - Lauraperezmacho.com\",\"isPartOf\":{\"@id\":\"https:\/\/lauraperezmacho.com\/#website\"},\"datePublished\":\"2024-05-20T09:55:58+00:00\",\"dateModified\":\"2025-11-12T14:25:47+00:00\",\"description\":\"Descubre en esta secci\u00f3n los premios y reconocimientos literarios que me han otorgado, aunque no suelo participar en concursos\",\"breadcrumb\":{\"@id\":\"https:\/\/lauraperezmacho.com\/premios-y-reconocimientos\/#breadcrumb\"},\"inLanguage\":\"es\",\"potentialAction\":[{\"@type\":\"ReadAction\",\"target\":[\"https:\/\/lauraperezmacho.com\/premios-y-reconocimientos\/\"]}]},{\"@type\":\"BreadcrumbList\",\"@id\":\"https:\/\/lauraperezmacho.com\/premios-y-reconocimientos\/#breadcrumb\",\"itemListElement\":[{\"@type\":\"ListItem\",\"position\":1,\"name\":\"Home\",\"item\":\"https:\/\/lauraperezmacho.com\/\"},{\"@type\":\"ListItem\",\"position\":2,\"name\":\"Premios y reconocimientos\"}]},{\"@type\":\"WebSite\",\"@id\":\"https:\/\/lauraperezmacho.com\/#website\",\"url\":\"https:\/\/lauraperezmacho.com\/\",\"name\":\"Lauraperezmacho.com\",\"description\":\"Web de autora Laura Perez Macho\",\"potentialAction\":[{\"@type\":\"SearchAction\",\"target\":{\"@type\":\"EntryPoint\",\"urlTemplate\":\"https:\/\/lauraperezmacho.com\/?s={search_term_string}\"},\"query-input\":\"required name=search_term_string\"}],\"inLanguage\":\"es\"}]}<\/script>\n<!-- \/ Yoast SEO plugin. -->","yoast_head_json":{"title":"Premios y reconocimientos - Lauraperezmacho.com","description":"Descubre en esta secci\u00f3n los premios y reconocimientos literarios que me han otorgado, aunque no suelo participar en concursos","robots":{"index":"index","follow":"follow","max-snippet":"max-snippet:-1","max-image-preview":"max-image-preview:large","max-video-preview":"max-video-preview:-1"},"canonical":"https:\/\/lauraperezmacho.com\/es_es\/premios-y-reconocimientos\/","og_locale":"es_ES","og_type":"article","og_title":"Premios y reconocimientos - Lauraperezmacho.com","og_description":"Descubre en esta secci\u00f3n los premios y reconocimientos literarios que me han otorgado, aunque no suelo participar en concursos","og_url":"https:\/\/lauraperezmacho.com\/es_es\/premios-y-reconocimientos\/","og_site_name":"Lauraperezmacho.com","article_modified_time":"2025-11-12T14:25:47+00:00","og_image":[{"url":"https:\/\/lauraperezmacho.com\/wp-content\/uploads\/2024\/11\/Volchok-y-la-anciana_dibujo-color-500x800.png"}],"twitter_card":"summary_large_image","twitter_misc":{"Tiempo de lectura":"4 minutos"},"schema":{"@context":"https:\/\/schema.org","@graph":[{"@type":"WebPage","@id":"https:\/\/lauraperezmacho.com\/premios-y-reconocimientos\/","url":"https:\/\/lauraperezmacho.com\/premios-y-reconocimientos\/","name":"Premios y reconocimientos - Lauraperezmacho.com","isPartOf":{"@id":"https:\/\/lauraperezmacho.com\/#website"},"datePublished":"2024-05-20T09:55:58+00:00","dateModified":"2025-11-12T14:25:47+00:00","description":"Descubre en esta secci\u00f3n los premios y reconocimientos literarios que me han otorgado, aunque no suelo participar en concursos","breadcrumb":{"@id":"https:\/\/lauraperezmacho.com\/premios-y-reconocimientos\/#breadcrumb"},"inLanguage":"es","potentialAction":[{"@type":"ReadAction","target":["https:\/\/lauraperezmacho.com\/premios-y-reconocimientos\/"]}]},{"@type":"BreadcrumbList","@id":"https:\/\/lauraperezmacho.com\/premios-y-reconocimientos\/#breadcrumb","itemListElement":[{"@type":"ListItem","position":1,"name":"Home","item":"https:\/\/lauraperezmacho.com\/"},{"@type":"ListItem","position":2,"name":"Premios y reconocimientos"}]},{"@type":"WebSite","@id":"https:\/\/lauraperezmacho.com\/#website","url":"https:\/\/lauraperezmacho.com\/","name":"Lauraperezmacho.com","description":"Web de autora Laura Perez Macho","potentialAction":[{"@type":"SearchAction","target":{"@type":"EntryPoint","urlTemplate":"https:\/\/lauraperezmacho.com\/?s={search_term_string}"},"query-input":"required name=search_term_string"}],"inLanguage":"es"}]}},"_links":{"self":[{"href":"https:\/\/lauraperezmacho.com\/es_es\/wp-json\/wp\/v2\/pages\/3039"}],"collection":[{"href":"https:\/\/lauraperezmacho.com\/es_es\/wp-json\/wp\/v2\/pages"}],"about":[{"href":"https:\/\/lauraperezmacho.com\/es_es\/wp-json\/wp\/v2\/types\/page"}],"author":[{"embeddable":true,"href":"https:\/\/lauraperezmacho.com\/es_es\/wp-json\/wp\/v2\/users\/1"}],"replies":[{"embeddable":true,"href":"https:\/\/lauraperezmacho.com\/es_es\/wp-json\/wp\/v2\/comments?post=3039"}],"version-history":[{"count":37,"href":"https:\/\/lauraperezmacho.com\/es_es\/wp-json\/wp\/v2\/pages\/3039\/revisions"}],"predecessor-version":[{"id":3808,"href":"https:\/\/lauraperezmacho.com\/es_es\/wp-json\/wp\/v2\/pages\/3039\/revisions\/3808"}],"wp:attachment":[{"href":"https:\/\/lauraperezmacho.com\/es_es\/wp-json\/wp\/v2\/media?parent=3039"}],"curies":[{"name":"wp","href":"https:\/\/api.w.org\/{rel}","templated":true}]}}