{"id":2291,"date":"2023-05-05T19:46:27","date_gmt":"2023-05-05T17:46:27","guid":{"rendered":"https:\/\/lauraperezmacho.com\/?page_id=2291"},"modified":"2025-11-12T14:59:18","modified_gmt":"2025-11-12T13:59:18","slug":"proximos-proyectos","status":"publish","type":"page","link":"https:\/\/lauraperezmacho.com\/es_es\/proximos-proyectos\/","title":{"rendered":"Pr\u00f3ximos proyectos"},"content":{"rendered":"<p>\r\n<section class=\"pos-r  \"  id=\"shortcode-23317ca8e040297dad95ce9b7b175405\" >\r\n\t\t<div class=\"fw-container\">\r\n\t\t<div class=\"fw-row\">\r\n\t\t\t<div id=\"shortcode-887038139c2bdf50fa775322d416025a\" class=\"fw-col-xs-12 fw-col-sm-12 fw-col-md-12 text-left \" >\r\n\t\r\n<div id=\"shortcode-8dfc9e638fa110c217fd5471ad7aa89c\" class=\"UpcomingBookWrapper pos-r  \" >\r\n\r\n\r\n\t\t\t<div class=\"upcoming-book-image\">\r\n\t\t<a href=\"https:\/\/festivaldecinemvd.com\/\" target=\"_self\" class=\"\" ><img src=\"\/\/lauraperezmacho.com\/wp-content\/uploads\/2025\/08\/MVD-post.jpg\" alt=\"MVD Festival de Cine_Laura Perez Macho como jurado\" \/><\/a>\t<\/div> <!-- end upcoming-book-image -->\r\n\r\n\t<div class=\"upcoming-book-content text-center\">\r\n\t\t\t\t<div class=\"special-link mb-60\">MVD Festival de Cine<\/div>\r\n\t\t\t\t\t\t\t\t<div class=\"upcoming-book-description mb-60\">\r\n\t\t\t<h3 style=\"text-align: left;\"><strong>He sido invitada a participar como jurado<\/strong><\/h3><p>El <strong><em>Festival de Cine MVD<\/em><\/strong> es una <strong>competencia para cineastas y guionistas de todo el mundo. Para m\u00ed es todo un honor que cuenten conmigo como parte del jurado.<\/strong><\/p><p style=\"text-align: left;\">\t\t<\/div>\r\n\t\t\t\t<div class=\"upcoming-book-release-date\">\r\n\t\t\t\t\t\t\t\t\t\t\t<div class=\"is-countdown\" data-release-date=\"2026\/04\/18 09:29:01\"><\/div>\r\n\t\t\t\t\t\t\t\t\t<\/div>\r\n\r\n\t<\/div> <!-- end upcoming-book-content -->\r\n\r\n<\/div><!-- end UpcomingBookWrapper --><\/div>\r\n\t\t<\/div>\r\n\t<\/div>\r\n\t<\/section>\r\n\r\n\r\n<div class=\"spacer \" id=\"shortcode-4bcac53cc835d2ade562326d3560aa0b\"><\/div>\r\n<section class=\"pos-r  \"  id=\"shortcode-c4d684e260586fd9cf2734b443f5b487\" >\r\n\t\t<div class=\"fw-container\">\r\n\t\t<div class=\"fw-row\">\r\n\t\t\t<div id=\"shortcode-b7f1f50f099e78b213c3417e50bb36c3\" class=\"fw-col-xs-12 fw-col-sm-12 fw-col-md-12 text-left \" >\r\n\t\r\n<div id=\"shortcode-f239d5bca88c440cf6f37fa9574ef2ce\" class=\"UpcomingBookWrapper pos-r  \" >\r\n\r\n\r\n\t\t\t<div class=\"upcoming-book-image\">\r\n\t\t<div class=\"\" ><img src=\"\/\/lauraperezmacho.com\/wp-content\/uploads\/2025\/09\/\u00a1dentro-de-nada-es-navidad-\u00bfbuscas-un-regalo-original-70.jpg\" alt=\"La autora Laura P\u00e9rez Macho es columnista de la Revista Best Books\" \/><\/div>\t<\/div> <!-- end upcoming-book-image -->\r\n\r\n\t<div class=\"upcoming-book-content text-center\">\r\n\t\t\t\t<div class=\"special-link mb-60\">REVISTA BEST BOOKS<\/div>\r\n\t\t\t\t\t\t\t\t<div class=\"upcoming-book-description mb-60\">\r\n\t\t\t<h3 style=\"text-align: left;\"><strong>Colaboro como columnista<\/strong><\/h3><p><strong>Revista trimestral<\/strong> fundada por la artista pl\u00e1stica y escritora venezolana Soraya Quintana Qui\u00f1ones<\/p><p style=\"text-align: left;\">\t\t<\/div>\r\n\t\t\t\t<div class=\"upcoming-book-release-date\">\r\n\t\t\t\t\t\t\t\t\t\t\t<div class=\"is-countdown\" data-release-date=\"2026\/04\/18 09:29:01\"><\/div>\r\n\t\t\t\t\t\t\t\t\t<\/div>\r\n\r\n\t<\/div> <!-- end upcoming-book-content -->\r\n\r\n<\/div><!-- end UpcomingBookWrapper --><\/div>\r\n\t\t<\/div>\r\n\t<\/div>\r\n\t<\/section>\r\n\r\n\r\n<div class=\"spacer \" id=\"shortcode-a9b095f8802eb8e18856719112160dd2\"><\/div>\r\n<section class=\"pos-r  \"  id=\"shortcode-660f890df490231caa28edea41503d88\" >\r\n\t\t<div class=\"fw-container\">\r\n\t\t<div class=\"fw-row\">\r\n\t\t\t<div id=\"shortcode-a30e6b34a93abea3fb9027e32a6d663d\" class=\"fw-col-xs-12 fw-col-sm-12 fw-col-md-12 text-left \" >\r\n\t\r\n<div id=\"shortcode-e394ad9163ef5b92c0128aa203c4d0a9\" class=\"UpcomingBookWrapper pos-r  \" >\r\n\r\n\r\n\t\t\t<div class=\"upcoming-book-image\">\r\n\t\t<div class=\"\" ><img src=\"\/\/lauraperezmacho.com\/wp-content\/uploads\/2023\/05\/Laura.png\" alt=\"La autora Laura P\u00e9rez Macho\" \/><\/div>\t<\/div> <!-- end upcoming-book-image -->\r\n\r\n\t<div class=\"upcoming-book-content text-center\">\r\n\t\t\t\t<div class=\"special-link mb-60\">CREACI\u00d3N DE UN VIDEOJUEGO<\/div>\r\n\t\t\t\t\t\t\t\t<div class=\"upcoming-book-description mb-60\">\r\n\t\t\t<h3 style=\"text-align: left;\"><strong>Netherware Entertainment<\/strong><\/h3><p><em><strong>Colaboro<\/strong> <\/em>con los <em><strong>desarrolladores de videojuegos de Netherware Entertainment <\/strong><\/em>\u00a0para <strong>crear<\/strong> un <strong>videojuego\u00a0in\u00e9dito<\/strong> basado en una de mis ideas.<\/p><p style=\"text-align: left;\">\t\t<\/div>\r\n\t\t\t\t<div class=\"upcoming-book-release-date\">\r\n\t\t\t\t\t\t\t\t\t\t\t<div class=\"is-countdown\" data-release-date=\"2026\/04\/18 09:29:01\"><\/div>\r\n\t\t\t\t\t\t\t\t\t<span class=\"countdown-expired-text countdown-text font-subheading\"><p>EN DESARROLLO...<\/p><\/span>\r\n\t\t\t\t\t\t\t\t\t<\/div>\r\n\r\n\t<\/div> <!-- end upcoming-book-content -->\r\n\r\n<\/div><!-- end UpcomingBookWrapper --><\/div>\r\n\t\t<\/div>\r\n\t<\/div>\r\n\t<\/section>\r\n\r\n\r\n<div class=\"spacer \" id=\"shortcode-865c477bccd8c9687d195c1928fa8446\"><\/div>\r\n<section class=\"pos-r  \"  id=\"shortcode-8dde1ca5dd23e0f9a92e78c0eaec9707\" >\r\n\t\t<div class=\"fw-container\">\r\n\t\t<div class=\"fw-row\">\r\n\t\t\t<div id=\"shortcode-5c6588a9348ba77f84240ffb3a07b1d3\" class=\"fw-col-xs-12 fw-col-sm-12 fw-col-md-12 text-left \" >\r\n\t\r\n<div id=\"shortcode-2b6df4ffb74fdfa81e210aa2a7258bcf\" class=\"UpcomingBookWrapper pos-r  \" >\r\n\r\n\r\n\t\t\t<div class=\"upcoming-book-image\">\r\n\t\t<a href=\"https:\/\/www.giuseppegiacri.com\/inicio\/serie-los-13\/\" target=\"_self\" class=\"\" ><img src=\"\/\/lauraperezmacho.com\/wp-content\/uploads\/2023\/05\/Circulo-de-los-13_Autora_Laura-Perez-Macho.jpeg\" alt=\"Circulo de los 13_Autora_Laura Perez Macho\" \/><\/a>\t<\/div> <!-- end upcoming-book-image -->\r\n\r\n\t<div class=\"upcoming-book-content text-center\">\r\n\t\t\t\t<div class=\"special-link mb-60\">Proyecto audiovisual \"Serie los 13\"<\/div>\r\n\t\t\t\t\t\t<div class=\"ElementHeading\">\r\n\t\t\t<h2 class=\"element-title\">El C\u00edrculo de los 13<\/h2>\r\n\t\t<\/div>\r\n\t\t\t\t\t\t<div class=\"upcoming-book-description mb-60\">\r\n\t\t\t<p><figure id=\"attachment_2425\" aria-describedby=\"caption-attachment-2425\" style=\"width: 322px\" class=\"wp-caption aligncenter\"><img class=\"size-full wp-image-2425\" src=\"https:\/\/lauraperezmacho.com\/wp-content\/uploads\/2023\/05\/Circulo-de-los-13.jpg\" alt=\"C\u00edrculo de los 13\" width=\"322\" height=\"312\" \/><figcaption id=\"caption-attachment-2425\" class=\"wp-caption-text\">C\u00edrculo de los 13<\/figcaption><\/figure><\/p><h3 style=\"text-align: left;\"><strong>\u00a1Ser parte de <em>El C\u00edrculo de los 13<\/em> es un sue\u00f1o hecho realidad!<\/strong><\/h3><p style=\"text-align: left;\">Es la primera vez que formo parte de un equipo para llevar a cabo un <strong>proyecto audiovisual<\/strong>, y todo gracias al director y productor \u00edtalo-uruguayo <strong>Giuseppe Giacri.<\/strong><\/p><p><strong>La serie consta de 13 cap\u00edtulos independientes pero con un nexo en com\u00fan y abordando temas e inquietudes muy trascendentales<\/strong>...<\/p><p><a href=\"https:\/\/www.instagram.com\/p\/CyTnGrcgtBV\/?utm_source=ig_web_copy_link&amp;igshid=MzRlODBiNWFlZA==\"><em><strong>\u00a1Como guionista ya he escrito dos cap\u00edtulos para esta serie!<\/strong><\/em><\/a><\/p><p>Y hasta aqu\u00ed puedo leer. \u00bfQuieres saber m\u00e1s?<\/p><p><a href=\"http:\/\/www.giuseppegiacri.com\/inicio\/serie-los-13\/\"><strong><em>\u00a1\u00c9chale un vistazo al proyecto en la web de Giuseppe!<\/em><\/strong><\/a><\/p><p><figure id=\"attachment_2422\" aria-describedby=\"caption-attachment-2422\" style=\"width: 207px\" class=\"wp-caption aligncenter\"><a href=\"http:\/\/www.giuseppegiacri.com\/inicio\/serie-los-13\/\"><img class=\"wp-image-2422 size-full\" title=\"Giuseppe Giacri - Director y Productor\" src=\"https:\/\/lauraperezmacho.com\/wp-content\/uploads\/2023\/05\/giuseppe-giacri.jpg\" alt=\"Giuseppe Giacri director y productor\" width=\"207\" height=\"174\" \/><\/a><figcaption id=\"caption-attachment-2422\" class=\"wp-caption-text\">Giuseppe Giacri - Director y Productor<\/figcaption><\/figure><\/p>\t\t<\/div>\r\n\t\t\t\t<div class=\"upcoming-book-release-date\">\r\n\t\t\t\t\t\t\t\t\t\t\t<div class=\"is-countdown\" data-release-date=\"2026\/04\/18 09:29:01\"><\/div>\r\n\t\t\t\t\t\t\t\t\t<span class=\"countdown-expired-text countdown-text font-subheading\"><p>EN FASE DE DESARROLLO...<\/p><p><\/p><\/span>\r\n\t\t\t\t\t\t\t\t\t<\/div>\r\n\r\n\t<\/div> <!-- end upcoming-book-content -->\r\n\r\n<\/div><!-- end UpcomingBookWrapper -->\r\n\r\n<div class=\"spacer \" id=\"shortcode-29a9243e78d90f5a5d3990e6b2b0447c\"><\/div><div class=\"video-wrapper shortcode-container  \" id=\"shortcode-bcfa9fd35f0063b78aa444355a61b8f9\" >\r\n\t\t<\/div>\r\n<img src=\"\/\/lauraperezmacho.com\/wp-content\/uploads\/2023\/10\/GiusepeGiacriPostparaLaura.jpg\" alt=\"Giusepe Giacri Post para Laura\" class=\" \" data-wow-delay=\"\" \/><\/div>\r\n\t\t<\/div>\r\n\t<\/div>\r\n\t<\/section>\r\n\r\n\r\n<div class=\"spacer \" id=\"shortcode-815aa628540b16364b17b51f73bb4f46\"><\/div><\/p>\n","protected":false},"excerpt":{"rendered":"<p>MVD Festival de Cine He sido invitada a participar como juradoEl Festival de Cine MVD es una competencia para cineastas y guionistas de todo el mundo. Para m\u00ed es todo un honor que cuenten conmigo como parte del jurado. REVISTA BEST BOOKS Colaboro como columnistaRevista trimestral fundada por la artista pl\u00e1stica y escritora venezolana Soraya&#8230;<\/p>\n","protected":false},"author":1,"featured_media":0,"parent":0,"menu_order":0,"comment_status":"closed","ping_status":"closed","template":"","meta":{"_monsterinsights_skip_tracking":false,"_monsterinsights_sitenote_active":false,"_monsterinsights_sitenote_note":"","_monsterinsights_sitenote_category":0},"yoast_head":"<!-- This site is optimized with the Yoast SEO plugin v20.1 - https:\/\/yoast.com\/wordpress\/plugins\/seo\/ -->\n<title>Pr\u00f3ximos proyectos - Lauraperezmacho.com<\/title>\n<meta name=\"description\" content=\"Pr\u00f3ximos proyectos: en esta secci\u00f3n informar\u00e9 en qu\u00e9 ando metida \u00faltimamente, nuevos libros, escrituras colectivas...\" \/>\n<meta name=\"robots\" content=\"index, follow, max-snippet:-1, max-image-preview:large, max-video-preview:-1\" \/>\n<link rel=\"canonical\" href=\"https:\/\/lauraperezmacho.com\/es_es\/proximos-proyectos\/\" \/>\n<meta property=\"og:locale\" content=\"es_ES\" \/>\n<meta property=\"og:type\" content=\"article\" \/>\n<meta property=\"og:title\" content=\"Pr\u00f3ximos proyectos - Lauraperezmacho.com\" \/>\n<meta property=\"og:description\" content=\"Pr\u00f3ximos proyectos: en esta secci\u00f3n informar\u00e9 en qu\u00e9 ando metida \u00faltimamente, nuevos libros, escrituras colectivas...\" \/>\n<meta property=\"og:url\" content=\"https:\/\/lauraperezmacho.com\/es_es\/proximos-proyectos\/\" \/>\n<meta property=\"og:site_name\" content=\"Lauraperezmacho.com\" \/>\n<meta property=\"article:modified_time\" content=\"2025-11-12T13:59:18+00:00\" \/>\n<meta property=\"og:image\" content=\"https:\/\/lauraperezmacho.com\/wp-content\/uploads\/2023\/05\/Circulo-de-los-13.jpg\" \/>\n<meta name=\"twitter:card\" content=\"summary_large_image\" \/>\n<meta name=\"twitter:label1\" content=\"Tiempo de lectura\" \/>\n\t<meta name=\"twitter:data1\" content=\"5 minutos\" \/>\n<script type=\"application\/ld+json\" class=\"yoast-schema-graph\">{\"@context\":\"https:\/\/schema.org\",\"@graph\":[{\"@type\":\"WebPage\",\"@id\":\"https:\/\/lauraperezmacho.com\/proximos-proyectos\/\",\"url\":\"https:\/\/lauraperezmacho.com\/proximos-proyectos\/\",\"name\":\"Pr\u00f3ximos proyectos - Lauraperezmacho.com\",\"isPartOf\":{\"@id\":\"https:\/\/lauraperezmacho.com\/#website\"},\"datePublished\":\"2023-05-05T17:46:27+00:00\",\"dateModified\":\"2025-11-12T13:59:18+00:00\",\"description\":\"Pr\u00f3ximos proyectos: en esta secci\u00f3n informar\u00e9 en qu\u00e9 ando metida \u00faltimamente, nuevos libros, escrituras colectivas...\",\"breadcrumb\":{\"@id\":\"https:\/\/lauraperezmacho.com\/proximos-proyectos\/#breadcrumb\"},\"inLanguage\":\"es\",\"potentialAction\":[{\"@type\":\"ReadAction\",\"target\":[\"https:\/\/lauraperezmacho.com\/proximos-proyectos\/\"]}]},{\"@type\":\"BreadcrumbList\",\"@id\":\"https:\/\/lauraperezmacho.com\/proximos-proyectos\/#breadcrumb\",\"itemListElement\":[{\"@type\":\"ListItem\",\"position\":1,\"name\":\"Home\",\"item\":\"https:\/\/lauraperezmacho.com\/\"},{\"@type\":\"ListItem\",\"position\":2,\"name\":\"Pr\u00f3ximos proyectos\"}]},{\"@type\":\"WebSite\",\"@id\":\"https:\/\/lauraperezmacho.com\/#website\",\"url\":\"https:\/\/lauraperezmacho.com\/\",\"name\":\"Lauraperezmacho.com\",\"description\":\"Web de autora Laura Perez Macho\",\"potentialAction\":[{\"@type\":\"SearchAction\",\"target\":{\"@type\":\"EntryPoint\",\"urlTemplate\":\"https:\/\/lauraperezmacho.com\/?s={search_term_string}\"},\"query-input\":\"required name=search_term_string\"}],\"inLanguage\":\"es\"}]}<\/script>\n<!-- \/ Yoast SEO plugin. -->","yoast_head_json":{"title":"Pr\u00f3ximos proyectos - Lauraperezmacho.com","description":"Pr\u00f3ximos proyectos: en esta secci\u00f3n informar\u00e9 en qu\u00e9 ando metida \u00faltimamente, nuevos libros, escrituras colectivas...","robots":{"index":"index","follow":"follow","max-snippet":"max-snippet:-1","max-image-preview":"max-image-preview:large","max-video-preview":"max-video-preview:-1"},"canonical":"https:\/\/lauraperezmacho.com\/es_es\/proximos-proyectos\/","og_locale":"es_ES","og_type":"article","og_title":"Pr\u00f3ximos proyectos - Lauraperezmacho.com","og_description":"Pr\u00f3ximos proyectos: en esta secci\u00f3n informar\u00e9 en qu\u00e9 ando metida \u00faltimamente, nuevos libros, escrituras colectivas...","og_url":"https:\/\/lauraperezmacho.com\/es_es\/proximos-proyectos\/","og_site_name":"Lauraperezmacho.com","article_modified_time":"2025-11-12T13:59:18+00:00","og_image":[{"url":"https:\/\/lauraperezmacho.com\/wp-content\/uploads\/2023\/05\/Circulo-de-los-13.jpg"}],"twitter_card":"summary_large_image","twitter_misc":{"Tiempo de lectura":"5 minutos"},"schema":{"@context":"https:\/\/schema.org","@graph":[{"@type":"WebPage","@id":"https:\/\/lauraperezmacho.com\/proximos-proyectos\/","url":"https:\/\/lauraperezmacho.com\/proximos-proyectos\/","name":"Pr\u00f3ximos proyectos - Lauraperezmacho.com","isPartOf":{"@id":"https:\/\/lauraperezmacho.com\/#website"},"datePublished":"2023-05-05T17:46:27+00:00","dateModified":"2025-11-12T13:59:18+00:00","description":"Pr\u00f3ximos proyectos: en esta secci\u00f3n informar\u00e9 en qu\u00e9 ando metida \u00faltimamente, nuevos libros, escrituras colectivas...","breadcrumb":{"@id":"https:\/\/lauraperezmacho.com\/proximos-proyectos\/#breadcrumb"},"inLanguage":"es","potentialAction":[{"@type":"ReadAction","target":["https:\/\/lauraperezmacho.com\/proximos-proyectos\/"]}]},{"@type":"BreadcrumbList","@id":"https:\/\/lauraperezmacho.com\/proximos-proyectos\/#breadcrumb","itemListElement":[{"@type":"ListItem","position":1,"name":"Home","item":"https:\/\/lauraperezmacho.com\/"},{"@type":"ListItem","position":2,"name":"Pr\u00f3ximos proyectos"}]},{"@type":"WebSite","@id":"https:\/\/lauraperezmacho.com\/#website","url":"https:\/\/lauraperezmacho.com\/","name":"Lauraperezmacho.com","description":"Web de autora Laura Perez Macho","potentialAction":[{"@type":"SearchAction","target":{"@type":"EntryPoint","urlTemplate":"https:\/\/lauraperezmacho.com\/?s={search_term_string}"},"query-input":"required name=search_term_string"}],"inLanguage":"es"}]}},"_links":{"self":[{"href":"https:\/\/lauraperezmacho.com\/es_es\/wp-json\/wp\/v2\/pages\/2291"}],"collection":[{"href":"https:\/\/lauraperezmacho.com\/es_es\/wp-json\/wp\/v2\/pages"}],"about":[{"href":"https:\/\/lauraperezmacho.com\/es_es\/wp-json\/wp\/v2\/types\/page"}],"author":[{"embeddable":true,"href":"https:\/\/lauraperezmacho.com\/es_es\/wp-json\/wp\/v2\/users\/1"}],"replies":[{"embeddable":true,"href":"https:\/\/lauraperezmacho.com\/es_es\/wp-json\/wp\/v2\/comments?post=2291"}],"version-history":[{"count":109,"href":"https:\/\/lauraperezmacho.com\/es_es\/wp-json\/wp\/v2\/pages\/2291\/revisions"}],"predecessor-version":[{"id":3802,"href":"https:\/\/lauraperezmacho.com\/es_es\/wp-json\/wp\/v2\/pages\/2291\/revisions\/3802"}],"wp:attachment":[{"href":"https:\/\/lauraperezmacho.com\/es_es\/wp-json\/wp\/v2\/media?parent=2291"}],"curies":[{"name":"wp","href":"https:\/\/api.w.org\/{rel}","templated":true}]}}