{"id":3721,"date":"2025-07-26T10:22:32","date_gmt":"2025-07-26T08:22:32","guid":{"rendered":"https:\/\/lauraperezmacho.com\/?post_type=product&#038;p=3721"},"modified":"2025-10-09T12:26:30","modified_gmt":"2025-10-09T10:26:30","slug":"librojuego-basado-en-videojuego-horror-retro-rpg","status":"publish","type":"product","link":"https:\/\/lauraperezmacho.com\/en\/product\/librojuego-basado-en-videojuego-horror-retro-rpg\/","title":{"rendered":"Librojuego Ian, el benjam\u00edn arrugado"},"content":{"rendered":"<p><strong>\u00a1Ya disponible en Amazon mi primer librojuego!<\/strong> <a href=\"https:\/\/www.amazon.es\/Ian-benjam%C3%ADn-arrugado-Librojuego-videojuego-ebook\/dp\/B0FHF7SVSV\/ref=sr_1_1?crid=2JYBP8WL1E9V8&amp;dib=eyJ2IjoiMSJ9.PbEEgeOylXbXxG3YFVJPgQ.biZAm0qUnsYO2jmIvJVraK83ac3fyGdYO17NxmUPLiA&amp;dib_tag=se&amp;keywords=ian+el+benjamin+arrugado&amp;qid=1753518750&amp;sprefix=%2Caps%2C98&amp;sr=8-1\">Ebook<\/a>, <a href=\"https:\/\/www.amazon.es\/Ian-benjam%C3%ADn-arrugado-Librojuego-videojuego\/dp\/B0FHQ1WSV1\/ref=tmm_hrd_swatch_0?_encoding=UTF8&amp;dib_tag=se&amp;dib=eyJ2IjoiMSJ9.PbEEgeOylXbXxG3YFVJPgQ.biZAm0qUnsYO2jmIvJVraK83ac3fyGdYO17NxmUPLiA&amp;qid=1753518750&amp;sr=8-1\">tapa dura<\/a> y\u00a0<a href=\"https:\/\/www.amazon.es\/Ian-benjam%C3%ADn-arrugado-Librojuego-videojuego\/dp\/B0FHKFH3SW\/ref=tmm_pap_swatch_0?_encoding=UTF8&amp;dib_tag=se&amp;dib=eyJ2IjoiMSJ9.PbEEgeOylXbXxG3YFVJPgQ.biZAm0qUnsYO2jmIvJVraK83ac3fyGdYO17NxmUPLiA&amp;qid=1753518750&amp;sr=8-1\">tapa blanda<\/a><\/p>\n<p>Ponte en la piel de\u00a0<span class=\"a-text-bold\">Edwin Costa, un investigador paranormal\u00a0<\/span>harto de lidiar con supersticiosos hasta que recibe el caso de su vida: un millonario obsesionado con el ocultismo le pide\u00a0<span class=\"a-text-bold\">desentra\u00f1ar los misterios de una olvidada aldea perdida<\/span>\u00a0en los Alpes B\u00e1varos que, por alguna raz\u00f3n, fue\u00a0<span class=\"a-text-bold\">borrada de todos los mapas<\/span>.<\/p>\n<p>Con\u00a0<span class=\"a-text-bold\">varios finales posibles<\/span>, tus decisiones no solo guiar\u00e1n el destino de Edwin, sino que tambi\u00e9n dar\u00e1n forma a una historia que te mantendr\u00e1 en\u00a0<span class=\"a-text-bold\">suspense hasta el \u00faltimo momento.<\/span><\/p>\n<p>\u00bfLograr\u00e1s salir ileso o quedar\u00e1s atrapado para siempre entre las sombras de lo oculto?<\/p>\n<p><span class=\"a-text-bold\">\u00a1Elige con cuidado!<\/span><\/p>\n<p><span class=\"a-text-bold\">\u00a1Vive este inquietante librojuego donde t\u00fa eres el protagonista!<\/span><\/p>\n<div class=\"single-post-content-inner special-first-letter mb-60\">\n<p><strong>\u00bfTe gustar\u00eda asistir a la feria del libro m\u00e1s grande del mundo?<\/strong>\u00a0<strong>\u00bfQu\u00e9 m\u00e1s razones necesitas para escribir esa historia que llevas dentro?<\/strong>\u00a0<strong><em><a href=\"https:\/\/hotmart.com\/es\/marketplace\/productos\/curso-online-de-escritura-convierte-tus-ideas-en-tu-novela-terminada\/C72606597B\">Ap\u00fantate aqu\u00ed al CURSO ONLINE DE ESCRITURA<\/a><\/em><\/strong><\/p>\n<p>Visita mi\u00a0<a href=\"https:\/\/www.youtube.com\/@MiBibliotecaOscura\">canal de YouTube.<\/a><\/p>\n<p><strong><em><a href=\"https:\/\/lauraperezmacho.com\/en\/como-escribo\/\">Descubre aqu\u00ed C\u00d3MO ESCRIBO<\/a><\/em><\/strong><\/p>\n<p><strong><em><a href=\"https:\/\/lauraperezmacho.com\/en\/mis-influencias\/\">MIS INFLUENCIAS<\/a><\/em><\/strong><\/p>\n<\/div>\n<div class=\"SinglePostFooter text-center mb-100\"><\/div>\n<p>&nbsp;<\/p>\n<p>&nbsp;<\/p>\n<div class=\"SimplifiedPosts AdjacentPosts is-matchheight-group text-center pos-r mb-60\">\n<div class=\"simplified-post-wrapper prev-post mb-40\">\n<div class=\"mb-40\"><\/div>\n<div class=\"simplified-post-meta\"><\/div>\n<\/div>\n<\/div>","protected":false},"excerpt":{"rendered":"<p class=\"a-spacing-base\">Descubre este original\u00a0<span class=\"a-text-bold\"><strong>librojuego<\/strong> basado<\/span>\u00a0en el videojuego de\u00a0<em><span class=\"a-text-bold\"><span class=\"a-text-italic\">horror retro RPG<\/span><\/span><\/em>\u00a0de\u00a0<span class=\"a-text-bold\"><span class=\"a-text-italic\"><strong><em>Netherware Entertainment<\/em><\/strong>:<\/span><\/span><\/p>\n<ul class=\"a-unordered-list a-vertical\">\n<li><span class=\"a-list-item\"><span class=\"a-text-bold\"><span class=\"a-text-italic\">Narrativa y ambientaci\u00f3n que introducen de lleno en la historia<\/span><\/span><\/span><\/li>\n<li><span class=\"a-list-item\"><span class=\"a-text-bold\"><span class=\"a-text-italic\">Engancha desde el principio<\/span><\/span><\/span><\/li>\n<li><span class=\"a-list-item\"><span class=\"a-text-bold\"><span class=\"a-text-italic\">Varios finales posibles<\/span><\/span><\/span><\/li>\n<li><span class=\"a-list-item\"><span class=\"a-text-bold\"><span class=\"a-text-italic\">Tus elecciones en el pre\u00e1mbulo afectan a tu hoja de personaje<\/span><\/span><\/span><\/li>\n<li><span class=\"a-list-item\"><span class=\"a-text-bold\"><span class=\"a-text-italic\">Sistema simple de juego con tiradas y elecciones<\/span><\/span><\/span><\/li>\n<li><span class=\"a-list-item\"><span class=\"a-text-bold\"><span class=\"a-text-italic\">Con lista de logros y descubrimientos<\/span><\/span><\/span><\/li>\n<\/ul>\n<p>&nbsp;<\/p>\n<blockquote class=\"instagram-media\" style=\"background: #FFF; border: 0; border-radius: 3px; box-shadow: 0 0 1px 0 rgba(0,0,0,0.5),0 1px 10px 0 rgba(0,0,0,0.15); margin: 1px; max-width: 540px; min-width: 326px; padding: 0; width: calc(100% - 2px);\" data-instgrm-captioned=\"\" data-instgrm-permalink=\"https:\/\/www.instagram.com\/p\/DPjn6wHDGw9\/?utm_source=ig_embed&amp;utm_campaign=loading\" data-instgrm-version=\"14\">\n<div style=\"padding: 16px;\">\n<p>&nbsp;<\/p>\n<div style=\"display: flex; flex-direction: row; align-items: center;\">\n<div style=\"background-color: #f4f4f4; border-radius: 50%; flex-grow: 0; height: 40px; margin-right: 14px; width: 40px;\"><\/div>\n<div style=\"display: flex; flex-direction: column; flex-grow: 1; justify-content: center;\">\n<div style=\"background-color: #f4f4f4; border-radius: 4px; flex-grow: 0; height: 14px; margin-bottom: 6px; width: 100px;\"><\/div>\n<div style=\"background-color: #f4f4f4; border-radius: 4px; flex-grow: 0; height: 14px; width: 60px;\"><\/div>\n<\/div>\n<\/div>\n<div style=\"padding: 19% 0;\"><\/div>\n<div style=\"display: block; height: 50px; margin: 0 auto 12px; width: 50px;\"><\/div>\n<div style=\"padding-top: 8px;\">\n<div style=\"color: #3897f0; font-family: Arial,sans-serif; font-size: 14px; font-style: normal; font-weight: 550; line-height: 18px;\">Ver esta publicaci\u00f3n en Instagram<\/div>\n<\/div>\n<div style=\"padding: 12.5% 0;\"><\/div>\n<div style=\"display: flex; flex-direction: row; margin-bottom: 14px; align-items: center;\">\n<div>\n<div style=\"background-color: #f4f4f4; border-radius: 50%; height: 12.5px; width: 12.5px; transform: translateX(0px) translateY(7px);\"><\/div>\n<div style=\"background-color: #f4f4f4; height: 12.5px; transform: rotate(-45deg) translateX(3px) translateY(1px); width: 12.5px; flex-grow: 0; margin-right: 14px; margin-left: 2px;\"><\/div>\n<div style=\"background-color: #f4f4f4; border-radius: 50%; height: 12.5px; width: 12.5px; transform: translateX(9px) translateY(-18px);\"><\/div>\n<\/div>\n<div style=\"margin-left: 8px;\">\n<div style=\"background-color: #f4f4f4; border-radius: 50%; flex-grow: 0; height: 20px; width: 20px;\"><\/div>\n<div style=\"width: 0; height: 0; border-top: 2px solid transparent; border-left: 6px solid #f4f4f4; border-bottom: 2px solid transparent; transform: translateX(16px) translateY(-4px) rotate(30deg);\"><\/div>\n<\/div>\n<div style=\"margin-left: auto;\">\n<div style=\"width: 0px; border-top: 8px solid #F4F4F4; border-right: 8px solid transparent; transform: translateY(16px);\"><\/div>\n<div style=\"background-color: #f4f4f4; flex-grow: 0; height: 12px; width: 16px; transform: translateY(-4px);\"><\/div>\n<div style=\"width: 0; height: 0; border-top: 8px solid #F4F4F4; border-left: 8px solid transparent; transform: translateY(-4px) translateX(8px);\"><\/div>\n<\/div>\n<\/div>\n<div style=\"display: flex; flex-direction: column; flex-grow: 1; justify-content: center; margin-bottom: 24px;\">\n<div style=\"background-color: #f4f4f4; border-radius: 4px; flex-grow: 0; height: 14px; margin-bottom: 6px; width: 224px;\"><\/div>\n<div style=\"background-color: #f4f4f4; border-radius: 4px; flex-grow: 0; height: 14px; width: 144px;\"><\/div>\n<\/div>\n<p>&nbsp;<\/p>\n<p style=\"color: #c9c8cd; font-family: Arial,sans-serif; font-size: 14px; line-height: 17px; margin-bottom: 0; margin-top: 8px; overflow: hidden; padding: 8px 0 7px; text-align: center; text-overflow: ellipsis; white-space: nowrap;\"><a style=\"color: #c9c8cd; font-family: Arial,sans-serif; font-size: 14px; font-style: normal; font-weight: normal; line-height: 17px; text-decoration: none;\" href=\"https:\/\/www.instagram.com\/p\/DPjn6wHDGw9\/?utm_source=ig_embed&amp;utm_campaign=loading\" target=\"_blank\" rel=\"noopener\">Una publicaci\u00f3n compartida de Oihane The Bookaholic (@oceanos_de_tinta)<\/a><\/p>\n<\/div>\n<\/blockquote>\n<p><script async src=\"\/\/www.instagram.com\/embed.js\"><\/script><\/p>","protected":false},"featured_media":3722,"comment_status":"open","ping_status":"closed","template":"","meta":{"_monsterinsights_skip_tracking":false,"_monsterinsights_sitenote_active":false,"_monsterinsights_sitenote_note":"","_monsterinsights_sitenote_category":0},"product_cat":[124,149,52],"product_tag":[152,150,151,84],"yoast_head":"<!-- This site is optimized with the Yoast SEO plugin v20.1 - https:\/\/yoast.com\/wordpress\/plugins\/seo\/ -->\n<title>Librojuego basado en videojuego horror retro RPG<\/title>\n<meta name=\"description\" content=\"La autora espa\u00f1ola Laura P\u00e9rez Macho ha creado su primer librojuego basado en un videojuego horror retro RPG: Ian, el benjam\u00edn arrugado\" \/>\n<meta name=\"robots\" content=\"index, follow, max-snippet:-1, max-image-preview:large, max-video-preview:-1\" \/>\n<link rel=\"canonical\" href=\"https:\/\/lauraperezmacho.com\/en\/product\/librojuego-basado-en-videojuego-horror-retro-rpg\/\" \/>\n<meta property=\"og:locale\" content=\"en_GB\" \/>\n<meta property=\"og:type\" content=\"article\" \/>\n<meta property=\"og:title\" content=\"Librojuego basado en videojuego horror retro RPG\" \/>\n<meta property=\"og:description\" content=\"La autora espa\u00f1ola Laura P\u00e9rez Macho ha creado su primer librojuego basado en un videojuego horror retro RPG: Ian, el benjam\u00edn arrugado\" \/>\n<meta property=\"og:url\" content=\"https:\/\/lauraperezmacho.com\/en\/product\/librojuego-basado-en-videojuego-horror-retro-rpg\/\" \/>\n<meta property=\"og:site_name\" content=\"Lauraperezmacho.com\" \/>\n<meta property=\"article:modified_time\" content=\"2025-10-09T10:26:30+00:00\" \/>\n<meta property=\"og:image\" content=\"https:\/\/lauraperezmacho.com\/wp-content\/uploads\/2025\/07\/Portada-de-Ebook-Ian.jpg\" \/>\n\t<meta property=\"og:image:width\" content=\"625\" \/>\n\t<meta property=\"og:image:height\" content=\"1000\" \/>\n\t<meta property=\"og:image:type\" content=\"image\/jpeg\" \/>\n<meta name=\"twitter:card\" content=\"summary_large_image\" \/>\n<meta name=\"twitter:label1\" content=\"Estimated reading time\" \/>\n\t<meta name=\"twitter:data1\" content=\"1 minute\" \/>\n<script type=\"application\/ld+json\" class=\"yoast-schema-graph\">{\"@context\":\"https:\/\/schema.org\",\"@graph\":[{\"@type\":\"WebPage\",\"@id\":\"https:\/\/lauraperezmacho.com\/product\/librojuego-basado-en-videojuego-horror-retro-rpg\/\",\"url\":\"https:\/\/lauraperezmacho.com\/product\/librojuego-basado-en-videojuego-horror-retro-rpg\/\",\"name\":\"Librojuego basado en videojuego horror retro RPG\",\"isPartOf\":{\"@id\":\"https:\/\/lauraperezmacho.com\/#website\"},\"datePublished\":\"2025-07-26T08:22:32+00:00\",\"dateModified\":\"2025-10-09T10:26:30+00:00\",\"description\":\"La autora espa\u00f1ola Laura P\u00e9rez Macho ha creado su primer librojuego basado en un videojuego horror retro RPG: Ian, el benjam\u00edn arrugado\",\"breadcrumb\":{\"@id\":\"https:\/\/lauraperezmacho.com\/product\/librojuego-basado-en-videojuego-horror-retro-rpg\/#breadcrumb\"},\"inLanguage\":\"en-GB\",\"potentialAction\":[{\"@type\":\"ReadAction\",\"target\":[\"https:\/\/lauraperezmacho.com\/product\/librojuego-basado-en-videojuego-horror-retro-rpg\/\"]}]},{\"@type\":\"BreadcrumbList\",\"@id\":\"https:\/\/lauraperezmacho.com\/product\/librojuego-basado-en-videojuego-horror-retro-rpg\/#breadcrumb\",\"itemListElement\":[{\"@type\":\"ListItem\",\"position\":1,\"name\":\"Home\",\"item\":\"https:\/\/lauraperezmacho.com\/\"},{\"@type\":\"ListItem\",\"position\":2,\"name\":\"Mi tienda\",\"item\":\"https:\/\/lauraperezmacho.com\/mi-tienda\/\"},{\"@type\":\"ListItem\",\"position\":3,\"name\":\"Librojuego Ian, el benjam\u00edn arrugado\"}]},{\"@type\":\"WebSite\",\"@id\":\"https:\/\/lauraperezmacho.com\/#website\",\"url\":\"https:\/\/lauraperezmacho.com\/\",\"name\":\"Lauraperezmacho.com\",\"description\":\"Web de autora Laura Perez Macho\",\"potentialAction\":[{\"@type\":\"SearchAction\",\"target\":{\"@type\":\"EntryPoint\",\"urlTemplate\":\"https:\/\/lauraperezmacho.com\/?s={search_term_string}\"},\"query-input\":\"required name=search_term_string\"}],\"inLanguage\":\"en-GB\"}]}<\/script>\n<!-- \/ Yoast SEO plugin. -->","yoast_head_json":{"title":"Librojuego basado en videojuego horror retro RPG","description":"La autora espa\u00f1ola Laura P\u00e9rez Macho ha creado su primer librojuego basado en un videojuego horror retro RPG: Ian, el benjam\u00edn arrugado","robots":{"index":"index","follow":"follow","max-snippet":"max-snippet:-1","max-image-preview":"max-image-preview:large","max-video-preview":"max-video-preview:-1"},"canonical":"https:\/\/lauraperezmacho.com\/en\/product\/librojuego-basado-en-videojuego-horror-retro-rpg\/","og_locale":"en_GB","og_type":"article","og_title":"Librojuego basado en videojuego horror retro RPG","og_description":"La autora espa\u00f1ola Laura P\u00e9rez Macho ha creado su primer librojuego basado en un videojuego horror retro RPG: Ian, el benjam\u00edn arrugado","og_url":"https:\/\/lauraperezmacho.com\/en\/product\/librojuego-basado-en-videojuego-horror-retro-rpg\/","og_site_name":"Lauraperezmacho.com","article_modified_time":"2025-10-09T10:26:30+00:00","og_image":[{"width":625,"height":1000,"url":"https:\/\/lauraperezmacho.com\/wp-content\/uploads\/2025\/07\/Portada-de-Ebook-Ian.jpg","type":"image\/jpeg"}],"twitter_card":"summary_large_image","twitter_misc":{"Estimated reading time":"1 minute"},"schema":{"@context":"https:\/\/schema.org","@graph":[{"@type":"WebPage","@id":"https:\/\/lauraperezmacho.com\/product\/librojuego-basado-en-videojuego-horror-retro-rpg\/","url":"https:\/\/lauraperezmacho.com\/product\/librojuego-basado-en-videojuego-horror-retro-rpg\/","name":"Librojuego basado en videojuego horror retro RPG","isPartOf":{"@id":"https:\/\/lauraperezmacho.com\/#website"},"datePublished":"2025-07-26T08:22:32+00:00","dateModified":"2025-10-09T10:26:30+00:00","description":"La autora espa\u00f1ola Laura P\u00e9rez Macho ha creado su primer librojuego basado en un videojuego horror retro RPG: Ian, el benjam\u00edn arrugado","breadcrumb":{"@id":"https:\/\/lauraperezmacho.com\/product\/librojuego-basado-en-videojuego-horror-retro-rpg\/#breadcrumb"},"inLanguage":"en-GB","potentialAction":[{"@type":"ReadAction","target":["https:\/\/lauraperezmacho.com\/product\/librojuego-basado-en-videojuego-horror-retro-rpg\/"]}]},{"@type":"BreadcrumbList","@id":"https:\/\/lauraperezmacho.com\/product\/librojuego-basado-en-videojuego-horror-retro-rpg\/#breadcrumb","itemListElement":[{"@type":"ListItem","position":1,"name":"Home","item":"https:\/\/lauraperezmacho.com\/"},{"@type":"ListItem","position":2,"name":"Mi tienda","item":"https:\/\/lauraperezmacho.com\/mi-tienda\/"},{"@type":"ListItem","position":3,"name":"Librojuego Ian, el benjam\u00edn arrugado"}]},{"@type":"WebSite","@id":"https:\/\/lauraperezmacho.com\/#website","url":"https:\/\/lauraperezmacho.com\/","name":"Lauraperezmacho.com","description":"Web de autora Laura Perez Macho","potentialAction":[{"@type":"SearchAction","target":{"@type":"EntryPoint","urlTemplate":"https:\/\/lauraperezmacho.com\/?s={search_term_string}"},"query-input":"required name=search_term_string"}],"inLanguage":"en-GB"}]}},"_links":{"self":[{"href":"https:\/\/lauraperezmacho.com\/en\/wp-json\/wp\/v2\/product\/3721"}],"collection":[{"href":"https:\/\/lauraperezmacho.com\/en\/wp-json\/wp\/v2\/product"}],"about":[{"href":"https:\/\/lauraperezmacho.com\/en\/wp-json\/wp\/v2\/types\/product"}],"replies":[{"embeddable":true,"href":"https:\/\/lauraperezmacho.com\/en\/wp-json\/wp\/v2\/comments?post=3721"}],"wp:featuredmedia":[{"embeddable":true,"href":"https:\/\/lauraperezmacho.com\/en\/wp-json\/wp\/v2\/media\/3722"}],"wp:attachment":[{"href":"https:\/\/lauraperezmacho.com\/en\/wp-json\/wp\/v2\/media?parent=3721"}],"wp:term":[{"taxonomy":"product_cat","embeddable":true,"href":"https:\/\/lauraperezmacho.com\/en\/wp-json\/wp\/v2\/product_cat?post=3721"},{"taxonomy":"product_tag","embeddable":true,"href":"https:\/\/lauraperezmacho.com\/en\/wp-json\/wp\/v2\/product_tag?post=3721"}],"curies":[{"name":"wp","href":"https:\/\/api.w.org\/{rel}","templated":true}]}}