{"id":3532,"date":"2025-03-24T19:50:58","date_gmt":"2025-03-24T18:50:58","guid":{"rendered":"https:\/\/lauraperezmacho.com\/?post_type=product&#038;p=3532"},"modified":"2025-03-24T20:48:07","modified_gmt":"2025-03-24T19:48:07","slug":"metodo-impopular-9-pasos-para-escribir-desde-cero-y-publicar","status":"publish","type":"product","link":"https:\/\/lauraperezmacho.com\/en\/product\/metodo-impopular-9-pasos-para-escribir-desde-cero-y-publicar\/","title":{"rendered":"M\u00c9TODO I.M.P.O.P.U.L.A.R. : 9 pasos para escribir desde cero y publicar"},"content":{"rendered":"<h2 id=\"title\" class=\"a-spacing-none a-text-normal\"><span id=\"productTitle\" class=\"a-size-large celwidget\" data-csa-c-id=\"kofsly-jxv2d2-24whd8-h3sw71\" data-cel-widget=\"productTitle\">M\u00c9TODO I.M.P.O.P.U.L.A.R. : 9 pasos para escribir desde cero y publicar\u00a0<\/span><\/h2>\n<p><strong>\u00a1Ya disponible en Amazon!<\/strong> <a href=\"https:\/\/amzn.eu\/d\/2EH4YSJ\">Ebook<\/a>, <a href=\"https:\/\/amzn.eu\/d\/bCChmTZ\">tapa dura<\/a> y\u00a0<a href=\"https:\/\/amzn.eu\/d\/6u6YECP\">tapa blanda\u00a0<\/a><\/p>\n<p>El <strong>M\u00e9todo <span class=\"a-text-bold\">I.M.P.O.P.U.L.A.R<\/span><\/strong>\u00a0es una gu\u00eda pr\u00e1ctica en 9 pasos dise\u00f1ada\u00a0<span class=\"a-text-bold\">para ayudar a escritores, desde principiantes hasta avanzados<\/span>, a<span class=\"a-text-bold\">\u00a0desarrollar, escribir y publicar sus novelas o relatos<\/span>. Basado en\u00a0<span class=\"a-text-bold\">mi experiencia como autora con publicaci\u00f3n tradicional y autopublicaci\u00f3n en diversos g\u00e9neros<\/span>\u00a0(<span class=\"a-text-italic\">fantas\u00eda hist\u00f3rica, terror, ciencia ficci\u00f3n, ensayo, relatos e infantil<\/span>), este libro complementa\u00a0<span class=\"a-text-bold\">mi curso online de escritura\u00a0<\/span><a href=\"https:\/\/hotmart.com\/es\/marketplace\/productos\/curso-online-de-escritura-convierte-tus-ideas-en-tu-novela-terminada\/C72606597B\"><strong><span class=\"a-text-bold a-text-italic\">\u00abConvierte tus ideas en tu novela terminada\u00bb en <em>Hotmart<\/em><\/span><\/strong><\/a>.<\/p>\n<p>Si deseas escribir una novela o un relato pero no sabes c\u00f3mo empezar, esta metodolog\u00eda te guiar\u00e1 paso a paso\u00a0<span class=\"a-text-bold\">desde la idea inicial hasta la publicaci\u00f3n y promoci\u00f3n de tu obra, sin importar tu nivel de experiencia<\/span>. La uso para mis libros y funciona.<\/p>\n<p>Este libro es una hoja de ruta clara y accesible para cualquier persona que quiera escribir y publicar su propia historia.<\/p>\n<h3><span class=\"a-text-bold\">Estructura del M\u00e9todo IMPOPULAR <\/span><span id=\"productTitle\" class=\"a-size-large celwidget\" data-csa-c-id=\"kofsly-jxv2d2-24whd8-h3sw71\" data-cel-widget=\"productTitle\">9 pasos para escribir desde cero y publicar:<\/span><\/h3>\n<p><strong><span class=\"a-text-bold\">Cap\u00edtulo 1: I de Idea<\/span><\/strong><br \/>\nC\u00f3mo encontrar inspiraci\u00f3n y generar ideas para una historia.<\/p>\n<p><strong><span class=\"a-text-bold\">Cap\u00edtulo 2: M de Motivaci\u00f3n<\/span><\/strong><br \/>\nEjercicio de autoconocimiento para definir por qu\u00e9 escribir esa historia.<\/p>\n<p><strong><span class=\"a-text-bold\">Cap\u00edtulo 3: P de Preguntas<\/span><\/strong><br \/>\n8 preguntas clave para estructurar la obra: g\u00e9nero, trama, personajes, conflicto, cl\u00edmax y m\u00e1s.<\/p>\n<p><strong><span class=\"a-text-bold\">Cap\u00edtulo 4: O de Organizaci\u00f3n<\/span><\/strong><br \/>\nConstrucci\u00f3n de la l\u00ednea de tiempo, elecci\u00f3n del narrador y documentaci\u00f3n seg\u00fan el g\u00e9nero.<\/p>\n<p><strong><span class=\"a-text-bold\">Cap\u00edtulo 5: P de Personajes<\/span><\/strong><br \/>\nCreaci\u00f3n de personajes principales y secundarios, tanto en lo f\u00edsico como en lo psicol\u00f3gico.<\/p>\n<p><strong><span class=\"a-text-bold\">Cap\u00edtulo 6: U de \u00datiles de Escritura<\/span><\/strong><br \/>\nT\u00e9cnicas para escribir cap\u00edtulos atractivos, manejar giros narrativos y superar bloqueos creativos.<\/p>\n<p><strong><span class=\"a-text-bold\">Cap\u00edtulo 7: L de Lectura y Pulido<\/span><\/strong><br \/>\nImportancia de la relectura, informes de lectura y correcci\u00f3n profesional. Consejos para elegir un t\u00edtulo.<\/p>\n<p><strong><span class=\"a-text-bold\">Cap\u00edtulo 8: A de Autor<\/span><\/strong><br \/>\nOpciones de publicaci\u00f3n: autopublicaci\u00f3n vs. editorial tradicional. Tambi\u00e9n se abordan herramientas digitales como blogs y webs de autor.<\/p>\n<p><strong><span class=\"a-text-bold\">Cap\u00edtulo 9: R de Redes Sociales y Marketing<\/span><\/strong><br \/>\nEstrategias para promocionar el libro en redes, ferias y eventos, y conseguir rese\u00f1as y visibilidad.<\/p>\n<p>Este libro es la gu\u00eda definitiva para todo escritor\u00a0 \u00a1Descubre el M\u00c9TODO IMPOPULAR 9 pasos para escribir desde cero y publicar!<\/p>\n<div class=\"single-post-content-inner special-first-letter mb-60\">\n<p><strong>\u00bfTe gustar\u00eda asistir a la feria del libro m\u00e1s grande del mundo?<\/strong>\u00a0<strong>\u00bfQu\u00e9 m\u00e1s razones necesitas para escribir esa historia que llevas dentro?<\/strong>\u00a0<strong><em><a href=\"https:\/\/hotmart.com\/es\/marketplace\/productos\/curso-online-de-escritura-convierte-tus-ideas-en-tu-novela-terminada\/C72606597B\">Ap\u00fantate aqu\u00ed al CURSO ONLINE DE ESCRITURA<\/a><\/em><\/strong><\/p>\n<p>Visita mi\u00a0<a href=\"https:\/\/www.youtube.com\/@MiBibliotecaOscura\">canal de YouTube.<\/a><\/p>\n<p><strong><em><a href=\"https:\/\/lauraperezmacho.com\/en\/como-escribo\/\">Descubre aqu\u00ed C\u00d3MO ESCRIBO<\/a><\/em><\/strong><\/p>\n<p><strong><em><a href=\"https:\/\/lauraperezmacho.com\/en\/mis-influencias\/\">MIS INFLUENCIAS<\/a><\/em><\/strong><\/p>\n<\/div>\n<div class=\"SinglePostFooter text-center mb-100\"><\/div>\n<div class=\"SimplifiedPosts AdjacentPosts is-matchheight-group text-center pos-r mb-60\">\n<div class=\"simplified-post-wrapper prev-post mb-40\">\n<div class=\"mb-40\"><\/div>\n<div class=\"simplified-post-meta\"><\/div>\n<\/div>\n<\/div>","protected":false},"excerpt":{"rendered":"<p>\u00bfQuieres escribir una novela o un relato pero no sabes c\u00f3mo hacerlo? \u00bfQuieres aprender en profundidad las bases para construir la obra de ficci\u00f3n desde las primeras ideas hasta su publicaci\u00f3n y promoci\u00f3n? \u00a1Si acabas de iniciarte en el mundo de la escritura o quieres hacerlo este libro es para ti!<\/p>\n<p>Tienes en tus manos una gu\u00eda sencilla, completa y pr\u00e1ctica que te llevar\u00e1 a recorrer todo el proceso creativo de la escritura de una novela. A trav\u00e9s de 9 etapas conocer\u00e1s las bases de c\u00f3mo construir tu obra de ficci\u00f3n desde cero de la manera m\u00e1s clara posible.<\/p>\n<p>Contiene el fruto de mi experiencia como escritora tras haber publicado obras de varios g\u00e9neros como fantas\u00eda hist\u00f3rica, terror y ciencia ficci\u00f3n, entre otros.<\/p>","protected":false},"featured_media":3540,"comment_status":"open","ping_status":"closed","template":"","meta":{"_monsterinsights_skip_tracking":false,"_monsterinsights_sitenote_active":false,"_monsterinsights_sitenote_note":"","_monsterinsights_sitenote_category":0},"product_cat":[143],"product_tag":[82,145,84,144],"yoast_head":"<!-- This site is optimized with the Yoast SEO plugin v20.1 - https:\/\/yoast.com\/wordpress\/plugins\/seo\/ -->\n<title>M\u00c9TODO IMPOPULAR 9 pasos para escribir desde cero y publicar<\/title>\n<meta name=\"description\" content=\"Este libro es la gu\u00eda definitiva para todo escritor. \u00a1Descubre el M\u00c9TODO IMPOPULAR 9 pasos para escribir desde cero y publicar!\" \/>\n<meta name=\"robots\" content=\"index, follow, max-snippet:-1, max-image-preview:large, max-video-preview:-1\" \/>\n<link rel=\"canonical\" href=\"https:\/\/lauraperezmacho.com\/en\/product\/metodo-impopular-9-pasos-para-escribir-desde-cero-y-publicar\/\" \/>\n<meta property=\"og:locale\" content=\"en_GB\" \/>\n<meta property=\"og:type\" content=\"article\" \/>\n<meta property=\"og:title\" content=\"M\u00c9TODO IMPOPULAR 9 pasos para escribir desde cero y publicar\" \/>\n<meta property=\"og:description\" content=\"Este libro es la gu\u00eda definitiva para todo escritor. \u00a1Descubre el M\u00c9TODO IMPOPULAR 9 pasos para escribir desde cero y publicar!\" \/>\n<meta property=\"og:url\" content=\"https:\/\/lauraperezmacho.com\/en\/product\/metodo-impopular-9-pasos-para-escribir-desde-cero-y-publicar\/\" \/>\n<meta property=\"og:site_name\" content=\"Lauraperezmacho.com\" \/>\n<meta property=\"article:modified_time\" content=\"2025-03-24T19:48:07+00:00\" \/>\n<meta property=\"og:image\" content=\"https:\/\/lauraperezmacho.com\/wp-content\/uploads\/2025\/03\/NUEVA-PORTADA-EBOOK-METODO.jpg\" \/>\n\t<meta property=\"og:image:width\" content=\"703\" \/>\n\t<meta property=\"og:image:height\" content=\"1078\" \/>\n\t<meta property=\"og:image:type\" content=\"image\/jpeg\" \/>\n<meta name=\"twitter:card\" content=\"summary_large_image\" \/>\n<meta name=\"twitter:label1\" content=\"Estimated reading time\" \/>\n\t<meta name=\"twitter:data1\" content=\"2 minutes\" \/>\n<script type=\"application\/ld+json\" class=\"yoast-schema-graph\">{\"@context\":\"https:\/\/schema.org\",\"@graph\":[{\"@type\":\"WebPage\",\"@id\":\"https:\/\/lauraperezmacho.com\/product\/metodo-impopular-9-pasos-para-escribir-desde-cero-y-publicar\/\",\"url\":\"https:\/\/lauraperezmacho.com\/product\/metodo-impopular-9-pasos-para-escribir-desde-cero-y-publicar\/\",\"name\":\"M\u00c9TODO IMPOPULAR 9 pasos para escribir desde cero y publicar\",\"isPartOf\":{\"@id\":\"https:\/\/lauraperezmacho.com\/#website\"},\"datePublished\":\"2025-03-24T18:50:58+00:00\",\"dateModified\":\"2025-03-24T19:48:07+00:00\",\"description\":\"Este libro es la gu\u00eda definitiva para todo escritor. \u00a1Descubre el M\u00c9TODO IMPOPULAR 9 pasos para escribir desde cero y publicar!\",\"breadcrumb\":{\"@id\":\"https:\/\/lauraperezmacho.com\/product\/metodo-impopular-9-pasos-para-escribir-desde-cero-y-publicar\/#breadcrumb\"},\"inLanguage\":\"en-GB\",\"potentialAction\":[{\"@type\":\"ReadAction\",\"target\":[\"https:\/\/lauraperezmacho.com\/product\/metodo-impopular-9-pasos-para-escribir-desde-cero-y-publicar\/\"]}]},{\"@type\":\"BreadcrumbList\",\"@id\":\"https:\/\/lauraperezmacho.com\/product\/metodo-impopular-9-pasos-para-escribir-desde-cero-y-publicar\/#breadcrumb\",\"itemListElement\":[{\"@type\":\"ListItem\",\"position\":1,\"name\":\"Home\",\"item\":\"https:\/\/lauraperezmacho.com\/\"},{\"@type\":\"ListItem\",\"position\":2,\"name\":\"Mi tienda\",\"item\":\"https:\/\/lauraperezmacho.com\/mi-tienda\/\"},{\"@type\":\"ListItem\",\"position\":3,\"name\":\"M\u00c9TODO I.M.P.O.P.U.L.A.R. : 9 pasos para escribir desde cero y publicar\"}]},{\"@type\":\"WebSite\",\"@id\":\"https:\/\/lauraperezmacho.com\/#website\",\"url\":\"https:\/\/lauraperezmacho.com\/\",\"name\":\"Lauraperezmacho.com\",\"description\":\"Web de autora Laura Perez Macho\",\"potentialAction\":[{\"@type\":\"SearchAction\",\"target\":{\"@type\":\"EntryPoint\",\"urlTemplate\":\"https:\/\/lauraperezmacho.com\/?s={search_term_string}\"},\"query-input\":\"required name=search_term_string\"}],\"inLanguage\":\"en-GB\"}]}<\/script>\n<!-- \/ Yoast SEO plugin. -->","yoast_head_json":{"title":"M\u00c9TODO IMPOPULAR 9 pasos para escribir desde cero y publicar","description":"Este libro es la gu\u00eda definitiva para todo escritor. \u00a1Descubre el M\u00c9TODO IMPOPULAR 9 pasos para escribir desde cero y publicar!","robots":{"index":"index","follow":"follow","max-snippet":"max-snippet:-1","max-image-preview":"max-image-preview:large","max-video-preview":"max-video-preview:-1"},"canonical":"https:\/\/lauraperezmacho.com\/en\/product\/metodo-impopular-9-pasos-para-escribir-desde-cero-y-publicar\/","og_locale":"en_GB","og_type":"article","og_title":"M\u00c9TODO IMPOPULAR 9 pasos para escribir desde cero y publicar","og_description":"Este libro es la gu\u00eda definitiva para todo escritor. \u00a1Descubre el M\u00c9TODO IMPOPULAR 9 pasos para escribir desde cero y publicar!","og_url":"https:\/\/lauraperezmacho.com\/en\/product\/metodo-impopular-9-pasos-para-escribir-desde-cero-y-publicar\/","og_site_name":"Lauraperezmacho.com","article_modified_time":"2025-03-24T19:48:07+00:00","og_image":[{"width":703,"height":1078,"url":"https:\/\/lauraperezmacho.com\/wp-content\/uploads\/2025\/03\/NUEVA-PORTADA-EBOOK-METODO.jpg","type":"image\/jpeg"}],"twitter_card":"summary_large_image","twitter_misc":{"Estimated reading time":"2 minutes"},"schema":{"@context":"https:\/\/schema.org","@graph":[{"@type":"WebPage","@id":"https:\/\/lauraperezmacho.com\/product\/metodo-impopular-9-pasos-para-escribir-desde-cero-y-publicar\/","url":"https:\/\/lauraperezmacho.com\/product\/metodo-impopular-9-pasos-para-escribir-desde-cero-y-publicar\/","name":"M\u00c9TODO IMPOPULAR 9 pasos para escribir desde cero y publicar","isPartOf":{"@id":"https:\/\/lauraperezmacho.com\/#website"},"datePublished":"2025-03-24T18:50:58+00:00","dateModified":"2025-03-24T19:48:07+00:00","description":"Este libro es la gu\u00eda definitiva para todo escritor. \u00a1Descubre el M\u00c9TODO IMPOPULAR 9 pasos para escribir desde cero y publicar!","breadcrumb":{"@id":"https:\/\/lauraperezmacho.com\/product\/metodo-impopular-9-pasos-para-escribir-desde-cero-y-publicar\/#breadcrumb"},"inLanguage":"en-GB","potentialAction":[{"@type":"ReadAction","target":["https:\/\/lauraperezmacho.com\/product\/metodo-impopular-9-pasos-para-escribir-desde-cero-y-publicar\/"]}]},{"@type":"BreadcrumbList","@id":"https:\/\/lauraperezmacho.com\/product\/metodo-impopular-9-pasos-para-escribir-desde-cero-y-publicar\/#breadcrumb","itemListElement":[{"@type":"ListItem","position":1,"name":"Home","item":"https:\/\/lauraperezmacho.com\/"},{"@type":"ListItem","position":2,"name":"Mi tienda","item":"https:\/\/lauraperezmacho.com\/mi-tienda\/"},{"@type":"ListItem","position":3,"name":"M\u00c9TODO I.M.P.O.P.U.L.A.R. : 9 pasos para escribir desde cero y publicar"}]},{"@type":"WebSite","@id":"https:\/\/lauraperezmacho.com\/#website","url":"https:\/\/lauraperezmacho.com\/","name":"Lauraperezmacho.com","description":"Web de autora Laura Perez Macho","potentialAction":[{"@type":"SearchAction","target":{"@type":"EntryPoint","urlTemplate":"https:\/\/lauraperezmacho.com\/?s={search_term_string}"},"query-input":"required name=search_term_string"}],"inLanguage":"en-GB"}]}},"_links":{"self":[{"href":"https:\/\/lauraperezmacho.com\/en\/wp-json\/wp\/v2\/product\/3532"}],"collection":[{"href":"https:\/\/lauraperezmacho.com\/en\/wp-json\/wp\/v2\/product"}],"about":[{"href":"https:\/\/lauraperezmacho.com\/en\/wp-json\/wp\/v2\/types\/product"}],"replies":[{"embeddable":true,"href":"https:\/\/lauraperezmacho.com\/en\/wp-json\/wp\/v2\/comments?post=3532"}],"wp:featuredmedia":[{"embeddable":true,"href":"https:\/\/lauraperezmacho.com\/en\/wp-json\/wp\/v2\/media\/3540"}],"wp:attachment":[{"href":"https:\/\/lauraperezmacho.com\/en\/wp-json\/wp\/v2\/media?parent=3532"}],"wp:term":[{"taxonomy":"product_cat","embeddable":true,"href":"https:\/\/lauraperezmacho.com\/en\/wp-json\/wp\/v2\/product_cat?post=3532"},{"taxonomy":"product_tag","embeddable":true,"href":"https:\/\/lauraperezmacho.com\/en\/wp-json\/wp\/v2\/product_tag?post=3532"}],"curies":[{"name":"wp","href":"https:\/\/api.w.org\/{rel}","templated":true}]}}