{"id":3268,"date":"2024-09-01T14:59:46","date_gmt":"2024-09-01T12:59:46","guid":{"rendered":"https:\/\/lauraperezmacho.com\/?post_type=product&#038;p=3268"},"modified":"2025-11-12T14:51:53","modified_gmt":"2025-11-12T13:51:53","slug":"el-tesoro-escondido-del-monte-bombon","status":"publish","type":"product","link":"https:\/\/lauraperezmacho.com\/en\/product\/el-tesoro-escondido-del-monte-bombon\/","title":{"rendered":"El Tesoro Escondido del Monte Bomb\u00f3n"},"content":{"rendered":"<p><strong>El Tesoro Escondido del Monte Bomb\u00f3n:<\/strong><\/p>\n<p>En el coraz\u00f3n del\u00a0<span class=\"a-text-bold\">Bosque M\u00e1gico<\/span>\u00a0viv\u00edan\u00a0<span class=\"a-text-bold\">cinco amigos<\/span>\u00a0muy especiales:\u00a0<span class=\"a-text-italic\">Cori la Conejita, Bruno el Burro, \u00d3scar el Oso, Gabi la Gata<\/span>\u00a0y<span class=\"a-text-italic\">\u00a0Pedro el Perro<\/span>. Cada uno\u00a0<span class=\"a-text-bold\">con su personalidad y habilidades \u00fanicas<\/span>\u00a0que hac\u00edan de ellos un grupo perfecto para cualquier aventura.<\/p>\n<p>Un d\u00eda\u00a0<span class=\"a-text-italic\">Cori<\/span>\u00a0encuentra una misteriosa carta que menciona un\u00a0<span class=\"a-text-bold\">tesoro escondido<\/span>\u00a0y decide ir a buscarlo con sus amigos.\u00a0<span class=\"a-text-bold\">\u00bfLograr\u00e1n encontrarlo?<\/span><\/p>\n<p>Descubre esta aventura que\u00a0<span class=\"a-text-bold\">ense\u00f1a la importancia de la <strong>colaboraci\u00f3n<\/strong>, la <strong>amistad\u00a0<\/strong><\/span>y c\u00f3mo las\u00a0<strong><span class=\"a-text-bold\">habilidades \u00fanicas<\/span>\u00a0de cada uno contribuyen al\u00a0<span class=\"a-text-bold\">\u00e9xito del grupo<\/span><\/strong>.<\/p>\n<p><span class=\"a-text-bold a-text-italic\">Adem\u00e1s,<strong> contiene pasatiempos<\/strong> para hacer en familia.<\/span><\/p>\n<p>Creado en <strong>coautor\u00eda con mi pareja Lars<\/strong> (<a href=\"https:\/\/lauraperezmacho.com\/en\/coautoria-libros-a-varias-manos\/\">descubre mis libros como coautora<\/a>)<\/p>\n<p>\u00a1Ya disponible en Amazon! <a href=\"https:\/\/amzn.eu\/d\/aLq2yjM\">Tapa dura<\/a> y <a href=\"https:\/\/amzn.eu\/d\/iAdurOh\">tapa blanda\u00a0<\/a><\/p>\n<p><strong>\u00a1Disponible en ingl\u00e9s!<\/strong> The Hidden Treasure of Mount Bombon (hardcover &amp; paperback)<\/p>\n<div style=\"width: 1280px;\" class=\"wp-video\"><!--[if lt IE 9]><script>document.createElement('video');<\/script><![endif]-->\n<video class=\"wp-video-shortcode\" id=\"video-3268-1\" width=\"1280\" height=\"720\" preload=\"metadata\" controls=\"controls\"><source type=\"video\/mp4\" src=\"https:\/\/lauraperezmacho.com\/wp-content\/uploads\/2024\/08\/Booktrailer-tesoro-ok.mp4?_=1\" \/><a href=\"https:\/\/lauraperezmacho.com\/wp-content\/uploads\/2024\/08\/Booktrailer-tesoro-ok.mp4\">https:\/\/lauraperezmacho.com\/wp-content\/uploads\/2024\/08\/Booktrailer-tesoro-ok.mp4<\/a><\/video><\/div>","protected":false},"excerpt":{"rendered":"<ul>\n<li>Est\u00e1 orientado para ni\u00f1os de 4 a 10 a\u00f1os<\/li>\n<li>Ense\u00f1a valores como la amistad y el trabajo en equipo<\/li>\n<li>Tiene 76 p\u00e1ginas<\/li>\n<li>Mi pareja Lars es coautor<\/li>\n<li>He creado todas las ilustraciones de portada y del interior<\/li>\n<li>Incluye pasatiempos al final<\/li>\n<li>Disponible en tapa dura y tapa blanda en Amazon<\/li>\n<li>Disponible en ingl\u00e9s en tapa dura y tapa blanda en Amazon bajo el nombre de: The Hidden Treasure of Mount Bombon<\/li>\n<\/ul>","protected":false},"featured_media":3270,"comment_status":"open","ping_status":"closed","template":"","meta":{"_monsterinsights_skip_tracking":false,"_monsterinsights_sitenote_active":false,"_monsterinsights_sitenote_note":"","_monsterinsights_sitenote_category":0},"product_cat":[137],"product_tag":[139,138],"yoast_head":"<!-- This site is optimized with the Yoast SEO plugin v20.1 - https:\/\/yoast.com\/wordpress\/plugins\/seo\/ -->\n<title>El Tesoro Escondido del Monte Bomb\u00f3n - Lauraperezmacho.com<\/title>\n<meta name=\"description\" content=\"Descubre el primer libro infantil que he creado junto con mi pareja, ense\u00f1a valores como la amistad y el trabajo en equipo. Incluye pasatiempos al final.\" \/>\n<meta name=\"robots\" content=\"index, follow, max-snippet:-1, max-image-preview:large, max-video-preview:-1\" \/>\n<link rel=\"canonical\" href=\"https:\/\/lauraperezmacho.com\/en\/product\/el-tesoro-escondido-del-monte-bombon\/\" \/>\n<meta property=\"og:locale\" content=\"en_GB\" \/>\n<meta property=\"og:type\" content=\"article\" \/>\n<meta property=\"og:title\" content=\"El Tesoro Escondido del Monte Bomb\u00f3n - Lauraperezmacho.com\" \/>\n<meta property=\"og:description\" content=\"Descubre el primer libro infantil que he creado junto con mi pareja, ense\u00f1a valores como la amistad y el trabajo en equipo. Incluye pasatiempos al final.\" \/>\n<meta property=\"og:url\" content=\"https:\/\/lauraperezmacho.com\/en\/product\/el-tesoro-escondido-del-monte-bombon\/\" \/>\n<meta property=\"og:site_name\" content=\"Lauraperezmacho.com\" \/>\n<meta property=\"article:modified_time\" content=\"2025-11-12T13:51:53+00:00\" \/>\n<meta property=\"og:image\" content=\"https:\/\/lauraperezmacho.com\/wp-content\/uploads\/2024\/09\/Laura-Perez-Macho-con-su-libro-infantil.jpg\" \/>\n\t<meta property=\"og:image:width\" content=\"2048\" \/>\n\t<meta property=\"og:image:height\" content=\"2048\" \/>\n\t<meta property=\"og:image:type\" content=\"image\/jpeg\" \/>\n<meta name=\"twitter:card\" content=\"summary_large_image\" \/>\n<meta name=\"twitter:label1\" content=\"Estimated reading time\" \/>\n\t<meta name=\"twitter:data1\" content=\"1 minute\" \/>\n<script type=\"application\/ld+json\" class=\"yoast-schema-graph\">{\"@context\":\"https:\/\/schema.org\",\"@graph\":[{\"@type\":\"WebPage\",\"@id\":\"https:\/\/lauraperezmacho.com\/product\/el-tesoro-escondido-del-monte-bombon\/\",\"url\":\"https:\/\/lauraperezmacho.com\/product\/el-tesoro-escondido-del-monte-bombon\/\",\"name\":\"El Tesoro Escondido del Monte Bomb\u00f3n - Lauraperezmacho.com\",\"isPartOf\":{\"@id\":\"https:\/\/lauraperezmacho.com\/#website\"},\"datePublished\":\"2024-09-01T12:59:46+00:00\",\"dateModified\":\"2025-11-12T13:51:53+00:00\",\"description\":\"Descubre el primer libro infantil que he creado junto con mi pareja, ense\u00f1a valores como la amistad y el trabajo en equipo. Incluye pasatiempos al final.\",\"breadcrumb\":{\"@id\":\"https:\/\/lauraperezmacho.com\/product\/el-tesoro-escondido-del-monte-bombon\/#breadcrumb\"},\"inLanguage\":\"en-GB\",\"potentialAction\":[{\"@type\":\"ReadAction\",\"target\":[\"https:\/\/lauraperezmacho.com\/product\/el-tesoro-escondido-del-monte-bombon\/\"]}]},{\"@type\":\"BreadcrumbList\",\"@id\":\"https:\/\/lauraperezmacho.com\/product\/el-tesoro-escondido-del-monte-bombon\/#breadcrumb\",\"itemListElement\":[{\"@type\":\"ListItem\",\"position\":1,\"name\":\"Home\",\"item\":\"https:\/\/lauraperezmacho.com\/\"},{\"@type\":\"ListItem\",\"position\":2,\"name\":\"Mi tienda\",\"item\":\"https:\/\/lauraperezmacho.com\/mi-tienda\/\"},{\"@type\":\"ListItem\",\"position\":3,\"name\":\"El Tesoro Escondido del Monte Bomb\u00f3n\"}]},{\"@type\":\"WebSite\",\"@id\":\"https:\/\/lauraperezmacho.com\/#website\",\"url\":\"https:\/\/lauraperezmacho.com\/\",\"name\":\"Lauraperezmacho.com\",\"description\":\"Web de autora Laura Perez Macho\",\"potentialAction\":[{\"@type\":\"SearchAction\",\"target\":{\"@type\":\"EntryPoint\",\"urlTemplate\":\"https:\/\/lauraperezmacho.com\/?s={search_term_string}\"},\"query-input\":\"required name=search_term_string\"}],\"inLanguage\":\"en-GB\"}]}<\/script>\n<!-- \/ Yoast SEO plugin. -->","yoast_head_json":{"title":"El Tesoro Escondido del Monte Bomb\u00f3n - Lauraperezmacho.com","description":"Descubre el primer libro infantil que he creado junto con mi pareja, ense\u00f1a valores como la amistad y el trabajo en equipo. Incluye pasatiempos al final.","robots":{"index":"index","follow":"follow","max-snippet":"max-snippet:-1","max-image-preview":"max-image-preview:large","max-video-preview":"max-video-preview:-1"},"canonical":"https:\/\/lauraperezmacho.com\/en\/product\/el-tesoro-escondido-del-monte-bombon\/","og_locale":"en_GB","og_type":"article","og_title":"El Tesoro Escondido del Monte Bomb\u00f3n - Lauraperezmacho.com","og_description":"Descubre el primer libro infantil que he creado junto con mi pareja, ense\u00f1a valores como la amistad y el trabajo en equipo. Incluye pasatiempos al final.","og_url":"https:\/\/lauraperezmacho.com\/en\/product\/el-tesoro-escondido-del-monte-bombon\/","og_site_name":"Lauraperezmacho.com","article_modified_time":"2025-11-12T13:51:53+00:00","og_image":[{"width":2048,"height":2048,"url":"https:\/\/lauraperezmacho.com\/wp-content\/uploads\/2024\/09\/Laura-Perez-Macho-con-su-libro-infantil.jpg","type":"image\/jpeg"}],"twitter_card":"summary_large_image","twitter_misc":{"Estimated reading time":"1 minute"},"schema":{"@context":"https:\/\/schema.org","@graph":[{"@type":"WebPage","@id":"https:\/\/lauraperezmacho.com\/product\/el-tesoro-escondido-del-monte-bombon\/","url":"https:\/\/lauraperezmacho.com\/product\/el-tesoro-escondido-del-monte-bombon\/","name":"El Tesoro Escondido del Monte Bomb\u00f3n - Lauraperezmacho.com","isPartOf":{"@id":"https:\/\/lauraperezmacho.com\/#website"},"datePublished":"2024-09-01T12:59:46+00:00","dateModified":"2025-11-12T13:51:53+00:00","description":"Descubre el primer libro infantil que he creado junto con mi pareja, ense\u00f1a valores como la amistad y el trabajo en equipo. Incluye pasatiempos al final.","breadcrumb":{"@id":"https:\/\/lauraperezmacho.com\/product\/el-tesoro-escondido-del-monte-bombon\/#breadcrumb"},"inLanguage":"en-GB","potentialAction":[{"@type":"ReadAction","target":["https:\/\/lauraperezmacho.com\/product\/el-tesoro-escondido-del-monte-bombon\/"]}]},{"@type":"BreadcrumbList","@id":"https:\/\/lauraperezmacho.com\/product\/el-tesoro-escondido-del-monte-bombon\/#breadcrumb","itemListElement":[{"@type":"ListItem","position":1,"name":"Home","item":"https:\/\/lauraperezmacho.com\/"},{"@type":"ListItem","position":2,"name":"Mi tienda","item":"https:\/\/lauraperezmacho.com\/mi-tienda\/"},{"@type":"ListItem","position":3,"name":"El Tesoro Escondido del Monte Bomb\u00f3n"}]},{"@type":"WebSite","@id":"https:\/\/lauraperezmacho.com\/#website","url":"https:\/\/lauraperezmacho.com\/","name":"Lauraperezmacho.com","description":"Web de autora Laura Perez Macho","potentialAction":[{"@type":"SearchAction","target":{"@type":"EntryPoint","urlTemplate":"https:\/\/lauraperezmacho.com\/?s={search_term_string}"},"query-input":"required name=search_term_string"}],"inLanguage":"en-GB"}]}},"_links":{"self":[{"href":"https:\/\/lauraperezmacho.com\/en\/wp-json\/wp\/v2\/product\/3268"}],"collection":[{"href":"https:\/\/lauraperezmacho.com\/en\/wp-json\/wp\/v2\/product"}],"about":[{"href":"https:\/\/lauraperezmacho.com\/en\/wp-json\/wp\/v2\/types\/product"}],"replies":[{"embeddable":true,"href":"https:\/\/lauraperezmacho.com\/en\/wp-json\/wp\/v2\/comments?post=3268"}],"wp:featuredmedia":[{"embeddable":true,"href":"https:\/\/lauraperezmacho.com\/en\/wp-json\/wp\/v2\/media\/3270"}],"wp:attachment":[{"href":"https:\/\/lauraperezmacho.com\/en\/wp-json\/wp\/v2\/media?parent=3268"}],"wp:term":[{"taxonomy":"product_cat","embeddable":true,"href":"https:\/\/lauraperezmacho.com\/en\/wp-json\/wp\/v2\/product_cat?post=3268"},{"taxonomy":"product_tag","embeddable":true,"href":"https:\/\/lauraperezmacho.com\/en\/wp-json\/wp\/v2\/product_tag?post=3268"}],"curies":[{"name":"wp","href":"https:\/\/api.w.org\/{rel}","templated":true}]}}