{"id":2662,"date":"2023-11-18T17:04:05","date_gmt":"2023-11-18T16:04:05","guid":{"rendered":"https:\/\/lauraperezmacho.com\/?post_type=product&#038;p=2662"},"modified":"2025-09-13T18:13:35","modified_gmt":"2025-09-13T16:13:35","slug":"dante-xxiii","status":"publish","type":"product","link":"http:\/\/lauraperezmacho.com\/en\/product\/dante-xxiii\/","title":{"rendered":"Dante XXIII"},"content":{"rendered":"<p><strong><em>\u00bfImaginas que te criogenizan y despiertas doscientos a\u00f1os despu\u00e9s? \u00bfQu\u00e9 sentir\u00edas? \u00bfC\u00f3mo ser\u00eda el mundo que te encuentras? Esta es la historia de Alexis Dante, de 39 a\u00f1os, que sufre una enfermedad terminal. La empresa tecnol\u00f3gica para la cual trabaja le da la opci\u00f3n de firmar una cl\u00e1usula especial: donar su cuerpo a la ciencia. Esto implica su criogenizaci\u00f3n\u2026 Y ser despertado doscientos a\u00f1os despu\u00e9s. Dante XXIII transcurre en un futuro decadente en el cual la alta tecnolog\u00eda hace posible la existencia del c\u00edborg humano-m\u00e1quina, con personajes marginales y una sociedad sometida a un r\u00e9gimen opresor dictado por las megacorporaciones, que lo controlan todo y forman dos facciones en guerra. Un mundo que, qui\u00e9n sabe, puede dejar de ser una distop\u00eda para convertirse en realidad.<\/em><\/strong><\/p>\n\r\n\r\n\t\t<a href=\"https:\/\/www.amazon.es\/Dante-XXIII-Laura-P%C3%A9rez-Macho\/dp\/B0CNJJXDKT\/ref=sr_1_1?__mk_es_ES=%C3%85M%C3%85%C5%BD%C3%95%C3%91&#038;crid=21MUAZ9PS9CPN&#038;keywords=dante+xxiii&#038;qid=1700664228&#038;sprefix=dante+xxiii%2Caps%2C81&#038;sr=8-1=8802616EA14D3F86A22BE0E4C10E447E.prodny_store01-atgap11?ean=2940167199033%20\" target=\"_blank\" class=\"shortcode-button btn btn-normal\" id=\"shortcode-37b6374a12a699a9889f23f6280e90c2\" >\r\n\t\t<span>Amazon<\/span>\r\n\t<\/a>\r\n\r\n\n\r\n\r\n\t\t<a href=\"https:\/\/lesen.amazon.de\/kp\/embed?asin=B0CPJFLR54&#038;preview=newtab&#038;linkCode=kpe&#038;ref_=cm_sw_r_kb_dp_8BVYE5F0F41JNDZTDVPE=2940167199033%20\" target=\"_blank\" class=\"shortcode-button btn btn-normal\" id=\"shortcode-37b6374a12a699a9889f23f6280e90c2\" >\r\n\t\t<span>Amazon EBOOK<\/span>\r\n\t<\/a>\r\n\r\n\n<p>&nbsp;<\/p>\n<p><em><strong>Dante XXIII<\/strong><\/em> <strong>ha recibido <em>Menci\u00f3n de Honor en los Premios International Latino Book Awards (ILBA) 2025<\/em> a la <em>Mejor novela de Ciencia ficci\u00f3n<\/em><\/strong><\/p>\n<figure id=\"attachment_3759\" aria-describedby=\"caption-attachment-3759\" style=\"width: 1000px\" class=\"wp-caption alignnone\"><img loading=\"lazy\" class=\"size-full wp-image-3759\" src=\"https:\/\/lauraperezmacho.com\/wp-content\/uploads\/2023\/11\/Honorable-Mention-ILBA-logo.png\" alt=\"Honorable-Mention-ILBA-logo\" width=\"1000\" height=\"1000\" srcset=\"https:\/\/lauraperezmacho.com\/wp-content\/uploads\/2023\/11\/Honorable-Mention-ILBA-logo.png 1000w, https:\/\/lauraperezmacho.com\/wp-content\/uploads\/2023\/11\/Honorable-Mention-ILBA-logo-300x300.png 300w, https:\/\/lauraperezmacho.com\/wp-content\/uploads\/2023\/11\/Honorable-Mention-ILBA-logo-150x150.png 150w, https:\/\/lauraperezmacho.com\/wp-content\/uploads\/2023\/11\/Honorable-Mention-ILBA-logo-768x768.png 768w, https:\/\/lauraperezmacho.com\/wp-content\/uploads\/2023\/11\/Honorable-Mention-ILBA-logo-12x12.png 12w, https:\/\/lauraperezmacho.com\/wp-content\/uploads\/2023\/11\/Honorable-Mention-ILBA-logo-400x400.png 400w, https:\/\/lauraperezmacho.com\/wp-content\/uploads\/2023\/11\/Honorable-Mention-ILBA-logo-700x700.png 700w, https:\/\/lauraperezmacho.com\/wp-content\/uploads\/2023\/11\/Honorable-Mention-ILBA-logo-100x100.png 100w, https:\/\/lauraperezmacho.com\/wp-content\/uploads\/2023\/11\/Honorable-Mention-ILBA-logo-50x50.png 50w\" sizes=\"(max-width: 1000px) 100vw, 1000px\" \/><figcaption id=\"caption-attachment-3759\" class=\"wp-caption-text\">Honorable-Mention-ILBA-logo<\/figcaption><\/figure>\n<p><strong>\u00abCon arranque asfixiante y una trama exquisitamente trabajada consigue trasladar la tensi\u00f3n del protagonista al lector, que no puede dejar de leer.\u00bb<\/strong><br \/>\nRoger Domingo, editor y mentor de autores<\/p>\n<p>&#8211;<a href=\"https:\/\/api.whatsapp.com\/send?phone=491788716106&amp;text=%C2%A1Hola,%20Laura!%20Me%20gustar%C3%ADa%20tener%20un%20libro%20dedicado\"><strong>CONTACTA CONMIGO AQU\u00cd SI QUIERES QUE TE ENV\u00cdE UN EJEMPLAR DEDICADO<\/strong><\/a><\/p>\n<p>-Descubre <a href=\"http:\/\/lauraperezmacho.com\/en\/como-escribo\/\">AQU\u00cd C\u00d3MO ESCRIBO<\/a><\/p>\n<p>&#8211;<a href=\"http:\/\/lauraperezmacho.com\/en\/mis-influencias\/\">AQU\u00cd te revelo MIS INFLUENCIAS<\/a><\/p>\n<p>-Temas que se abordan en esta novela:<\/p>\n<p><em>El transhumanismo y la criogenizaci\u00f3n. La muerte y la resurrecci\u00f3n.\u00a0 Amor y traici\u00f3n. LGTB<\/em><\/p>\n<h4>Ambientaci\u00f3n<\/h4>\n<p>Descubre un futuro tan lejano y dist\u00f3pico como posible<\/p>\n<div class=\"media-embedded\"><iframe loading=\"lazy\" title=\"DANTE XXIII BOOKTRAILER distop\u00eda ciberpunk\" width=\"1333\" height=\"1000\" src=\"https:\/\/www.youtube.com\/embed\/Kn7tX-vqnhg?feature=oembed\" frameborder=\"0\" allow=\"accelerometer; autoplay; clipboard-write; encrypted-media; gyroscope; picture-in-picture; web-share\" referrerpolicy=\"strict-origin-when-cross-origin\" allowfullscreen><\/iframe><\/div>\n<p>&nbsp;<\/p>\n<blockquote class=\"instagram-media\" style=\"background: #FFF; border: 0; border-radius: 3px; box-shadow: 0 0 1px 0 rgba(0,0,0,0.5),0 1px 10px 0 rgba(0,0,0,0.15); margin: 1px; max-width: 540px; min-width: 326px; padding: 0; width: calc(100% - 2px);\" data-instgrm-captioned=\"\" data-instgrm-permalink=\"https:\/\/www.instagram.com\/p\/C37bxxLIfn6\/?utm_source=ig_embed&amp;utm_campaign=loading\" data-instgrm-version=\"14\">\n<div style=\"padding: 16px;\">\n<p>&nbsp;<\/p>\n<div style=\"display: flex; flex-direction: row; align-items: center;\">\n<div style=\"background-color: #f4f4f4; border-radius: 50%; flex-grow: 0; height: 40px; margin-right: 14px; width: 40px;\"><\/div>\n<div style=\"display: flex; flex-direction: column; flex-grow: 1; justify-content: center;\">\n<div style=\"background-color: #f4f4f4; border-radius: 4px; flex-grow: 0; height: 14px; margin-bottom: 6px; width: 100px;\"><\/div>\n<div style=\"background-color: #f4f4f4; border-radius: 4px; flex-grow: 0; height: 14px; width: 60px;\"><\/div>\n<\/div>\n<\/div>\n<div style=\"padding: 19% 0;\"><\/div>\n<div style=\"display: block; height: 50px; margin: 0 auto 12px; width: 50px;\"><\/div>\n<div style=\"padding-top: 8px;\">\n<div style=\"color: #3897f0; font-family: Arial,sans-serif; font-size: 14px; font-style: normal; font-weight: 550; line-height: 18px;\">Ver esta publicaci\u00f3n en Instagram<\/div>\n<\/div>\n<div style=\"padding: 12.5% 0;\"><\/div>\n<div style=\"display: flex; flex-direction: row; margin-bottom: 14px; align-items: center;\">\n<div>\n<div style=\"background-color: #f4f4f4; border-radius: 50%; height: 12.5px; width: 12.5px; transform: translateX(0px) translateY(7px);\"><\/div>\n<div style=\"background-color: #f4f4f4; height: 12.5px; transform: rotate(-45deg) translateX(3px) translateY(1px); width: 12.5px; flex-grow: 0; margin-right: 14px; margin-left: 2px;\"><\/div>\n<div style=\"background-color: #f4f4f4; border-radius: 50%; height: 12.5px; width: 12.5px; transform: translateX(9px) translateY(-18px);\"><\/div>\n<\/div>\n<div style=\"margin-left: 8px;\">\n<div style=\"background-color: #f4f4f4; border-radius: 50%; flex-grow: 0; height: 20px; width: 20px;\"><\/div>\n<div style=\"width: 0; height: 0; border-top: 2px solid transparent; border-left: 6px solid #f4f4f4; border-bottom: 2px solid transparent; transform: translateX(16px) translateY(-4px) rotate(30deg);\"><\/div>\n<\/div>\n<div style=\"margin-left: auto;\">\n<div style=\"width: 0px; border-top: 8px solid #F4F4F4; border-right: 8px solid transparent; transform: translateY(16px);\"><\/div>\n<div style=\"background-color: #f4f4f4; flex-grow: 0; height: 12px; width: 16px; transform: translateY(-4px);\"><\/div>\n<div style=\"width: 0; height: 0; border-top: 8px solid #F4F4F4; border-left: 8px solid transparent; transform: translateY(-4px) translateX(8px);\"><\/div>\n<\/div>\n<\/div>\n<div style=\"display: flex; flex-direction: column; flex-grow: 1; justify-content: center; margin-bottom: 24px;\">\n<div style=\"background-color: #f4f4f4; border-radius: 4px; flex-grow: 0; height: 14px; margin-bottom: 6px; width: 224px;\"><\/div>\n<div style=\"background-color: #f4f4f4; border-radius: 4px; flex-grow: 0; height: 14px; width: 144px;\"><\/div>\n<\/div>\n<p>&nbsp;<\/p>\n<p style=\"color: #c9c8cd; font-family: Arial,sans-serif; font-size: 14px; line-height: 17px; margin-bottom: 0; margin-top: 8px; overflow: hidden; padding: 8px 0 7px; text-align: center; text-overflow: ellipsis; white-space: nowrap;\"><a style=\"color: #c9c8cd; font-family: Arial,sans-serif; font-size: 14px; font-style: normal; font-weight: normal; line-height: 17px; text-decoration: none;\" href=\"https:\/\/www.instagram.com\/p\/C37bxxLIfn6\/?utm_source=ig_embed&amp;utm_campaign=loading\" target=\"_blank\" rel=\"noopener\">Una publicaci\u00f3n compartida de Oihane\u00a0\u00a0The Bookaholic\u00a0\u00a0(@oceanos_de_tinta)<\/a><\/p>\n<\/div>\n<\/blockquote>\n<p><script async src=\"\/\/www.instagram.com\/embed.js\"><\/script><\/p>\n<blockquote class=\"instagram-media\" style=\"background: #FFF; border: 0; border-radius: 3px; box-shadow: 0 0 1px 0 rgba(0,0,0,0.5),0 1px 10px 0 rgba(0,0,0,0.15); margin: 1px; max-width: 540px; min-width: 326px; padding: 0; width: calc(100% - 2px);\" data-instgrm-captioned=\"\" data-instgrm-permalink=\"https:\/\/www.instagram.com\/p\/C5yGlswIIxf\/?utm_source=ig_embed&amp;utm_campaign=loading\" data-instgrm-version=\"14\">\n<div style=\"padding: 16px;\">\n<p>&nbsp;<\/p>\n<div style=\"display: flex; flex-direction: row; align-items: center;\">\n<div style=\"background-color: #f4f4f4; border-radius: 50%; flex-grow: 0; height: 40px; margin-right: 14px; width: 40px;\"><\/div>\n<div style=\"display: flex; flex-direction: column; flex-grow: 1; justify-content: center;\">\n<div style=\"background-color: #f4f4f4; border-radius: 4px; flex-grow: 0; height: 14px; margin-bottom: 6px; width: 100px;\"><\/div>\n<div style=\"background-color: #f4f4f4; border-radius: 4px; flex-grow: 0; height: 14px; width: 60px;\"><\/div>\n<\/div>\n<\/div>\n<div style=\"padding: 19% 0;\"><\/div>\n<div style=\"display: block; height: 50px; margin: 0 auto 12px; width: 50px;\"><\/div>\n<div style=\"padding-top: 8px;\">\n<div style=\"color: #3897f0; font-family: Arial,sans-serif; font-size: 14px; font-style: normal; font-weight: 550; line-height: 18px;\">Ver esta publicaci\u00f3n en Instagram<\/div>\n<\/div>\n<div style=\"padding: 12.5% 0;\"><\/div>\n<div style=\"display: flex; flex-direction: row; margin-bottom: 14px; align-items: center;\">\n<div>\n<div style=\"background-color: #f4f4f4; border-radius: 50%; height: 12.5px; width: 12.5px; transform: translateX(0px) translateY(7px);\"><\/div>\n<div style=\"background-color: #f4f4f4; height: 12.5px; transform: rotate(-45deg) translateX(3px) translateY(1px); width: 12.5px; flex-grow: 0; margin-right: 14px; margin-left: 2px;\"><\/div>\n<div style=\"background-color: #f4f4f4; border-radius: 50%; height: 12.5px; width: 12.5px; transform: translateX(9px) translateY(-18px);\"><\/div>\n<\/div>\n<div style=\"margin-left: 8px;\">\n<div style=\"background-color: #f4f4f4; border-radius: 50%; flex-grow: 0; height: 20px; width: 20px;\"><\/div>\n<div style=\"width: 0; height: 0; border-top: 2px solid transparent; border-left: 6px solid #f4f4f4; border-bottom: 2px solid transparent; transform: translateX(16px) translateY(-4px) rotate(30deg);\"><\/div>\n<\/div>\n<div style=\"margin-left: auto;\">\n<div style=\"width: 0px; border-top: 8px solid #F4F4F4; border-right: 8px solid transparent; transform: translateY(16px);\"><\/div>\n<div style=\"background-color: #f4f4f4; flex-grow: 0; height: 12px; width: 16px; transform: translateY(-4px);\"><\/div>\n<div style=\"width: 0; height: 0; border-top: 8px solid #F4F4F4; border-left: 8px solid transparent; transform: translateY(-4px) translateX(8px);\"><\/div>\n<\/div>\n<\/div>\n<div style=\"display: flex; flex-direction: column; flex-grow: 1; justify-content: center; margin-bottom: 24px;\">\n<div style=\"background-color: #f4f4f4; border-radius: 4px; flex-grow: 0; height: 14px; margin-bottom: 6px; width: 224px;\"><\/div>\n<div style=\"background-color: #f4f4f4; border-radius: 4px; flex-grow: 0; height: 14px; width: 144px;\"><\/div>\n<\/div>\n<p>&nbsp;<\/p>\n<p style=\"color: #c9c8cd; font-family: Arial,sans-serif; font-size: 14px; line-height: 17px; margin-bottom: 0; margin-top: 8px; overflow: hidden; padding: 8px 0 7px; text-align: center; text-overflow: ellipsis; white-space: nowrap;\"><a style=\"color: #c9c8cd; font-family: Arial,sans-serif; font-size: 14px; font-style: normal; font-weight: normal; line-height: 17px; text-decoration: none;\" href=\"https:\/\/www.instagram.com\/p\/C5yGlswIIxf\/?utm_source=ig_embed&amp;utm_campaign=loading\" target=\"_blank\" rel=\"noopener\">Una publicaci\u00f3n compartida de Bookstagrammer (@lectora_anais)<\/a><\/p>\n<\/div>\n<\/blockquote>\n<p><script async src=\"\/\/www.instagram.com\/embed.js\"><\/script><\/p>","protected":false},"excerpt":{"rendered":"<p>\u00abLa obra muestra un prometedor potencial dentro de su g\u00e9nero. Es una historia que engancha y resulta f\u00e1cil de leer.<\/p>\n<p>Algunos elementos iniciales evocan reminiscencias de obras destacadas como La Metamorfosis de Kafka, al presentar una situaci\u00f3n en la que el protagonista se despierta en un entorno desconocido.\u00bb<\/p>\n<p>-Editorial Letra Min\u00fascula-<\/p>\n<p>&nbsp;<\/p>\n<blockquote class=\"instagram-media\" style=\"background: #FFF; border: 0; border-radius: 3px; box-shadow: 0 0 1px 0 rgba(0,0,0,0.5),0 1px 10px 0 rgba(0,0,0,0.15); margin: 1px; max-width: 540px; min-width: 326px; padding: 0; width: calc(100% - 2px);\" data-instgrm-captioned=\"\" data-instgrm-permalink=\"https:\/\/www.instagram.com\/p\/C3uP7rDIsNN\/?utm_source=ig_embed&amp;utm_campaign=loading\" data-instgrm-version=\"14\">\n<div style=\"padding: 16px;\">\n<p>&nbsp;<\/p>\n<div style=\"display: flex; flex-direction: row; align-items: center;\">\n<div style=\"background-color: #f4f4f4; border-radius: 50%; flex-grow: 0; height: 40px; margin-right: 14px; width: 40px;\"><\/div>\n<div style=\"display: flex; flex-direction: column; flex-grow: 1; justify-content: center;\">\n<div style=\"background-color: #f4f4f4; border-radius: 4px; flex-grow: 0; height: 14px; margin-bottom: 6px; width: 100px;\"><\/div>\n<div style=\"background-color: #f4f4f4; border-radius: 4px; flex-grow: 0; height: 14px; width: 60px;\"><\/div>\n<\/div>\n<\/div>\n<div style=\"padding: 19% 0;\"><\/div>\n<div style=\"display: block; height: 50px; margin: 0 auto 12px; width: 50px;\"><\/div>\n<div style=\"padding-top: 8px;\">\n<div style=\"color: #3897f0; font-family: Arial,sans-serif; font-size: 14px; font-style: normal; font-weight: 550; line-height: 18px;\">Ver esta publicaci\u00f3n en Instagram<\/div>\n<\/div>\n<div style=\"padding: 12.5% 0;\"><\/div>\n<div style=\"display: flex; flex-direction: row; margin-bottom: 14px; align-items: center;\">\n<div>\n<div style=\"background-color: #f4f4f4; border-radius: 50%; height: 12.5px; width: 12.5px; transform: translateX(0px) translateY(7px);\"><\/div>\n<div style=\"background-color: #f4f4f4; height: 12.5px; transform: rotate(-45deg) translateX(3px) translateY(1px); width: 12.5px; flex-grow: 0; margin-right: 14px; margin-left: 2px;\"><\/div>\n<div style=\"background-color: #f4f4f4; border-radius: 50%; height: 12.5px; width: 12.5px; transform: translateX(9px) translateY(-18px);\"><\/div>\n<\/div>\n<div style=\"margin-left: 8px;\">\n<div style=\"background-color: #f4f4f4; border-radius: 50%; flex-grow: 0; height: 20px; width: 20px;\"><\/div>\n<div style=\"width: 0; height: 0; border-top: 2px solid transparent; border-left: 6px solid #f4f4f4; border-bottom: 2px solid transparent; transform: translateX(16px) translateY(-4px) rotate(30deg);\"><\/div>\n<\/div>\n<div style=\"margin-left: auto;\">\n<div style=\"width: 0px; border-top: 8px solid #F4F4F4; border-right: 8px solid transparent; transform: translateY(16px);\"><\/div>\n<div style=\"background-color: #f4f4f4; flex-grow: 0; height: 12px; width: 16px; transform: translateY(-4px);\"><\/div>\n<div style=\"width: 0; height: 0; border-top: 8px solid #F4F4F4; border-left: 8px solid transparent; transform: translateY(-4px) translateX(8px);\"><\/div>\n<\/div>\n<\/div>\n<div style=\"display: flex; flex-direction: column; flex-grow: 1; justify-content: center; margin-bottom: 24px;\">\n<div style=\"background-color: #f4f4f4; border-radius: 4px; flex-grow: 0; height: 14px; margin-bottom: 6px; width: 224px;\"><\/div>\n<div style=\"background-color: #f4f4f4; border-radius: 4px; flex-grow: 0; height: 14px; width: 144px;\"><\/div>\n<\/div>\n<p>&nbsp;<\/p>\n<p style=\"color: #c9c8cd; font-family: Arial,sans-serif; font-size: 14px; line-height: 17px; margin-bottom: 0; margin-top: 8px; overflow: hidden; padding: 8px 0 7px; text-align: center; text-overflow: ellipsis; white-space: nowrap;\"><a style=\"color: #c9c8cd; font-family: Arial,sans-serif; font-size: 14px; font-style: normal; font-weight: normal; line-height: 17px; text-decoration: none;\" href=\"https:\/\/www.instagram.com\/p\/C3uP7rDIsNN\/?utm_source=ig_embed&amp;utm_campaign=loading\" target=\"_blank\" rel=\"noopener\">Una publicaci\u00f3n compartida de Ana P\u00e9rez Llinares Libros, rese\u00f1as y frases (@letrasdecoloresoficial)<\/a><\/p>\n<\/div>\n<\/blockquote>\n<p><script async src=\"\/\/www.instagram.com\/embed.js\"><\/script><\/p>\n<p>&nbsp;<\/p>\n<p>&#8211;<a href=\"https:\/\/api.whatsapp.com\/send?phone=491788716106&amp;text=%C2%A1Hola,%20Laura!%20Me%20gustar%C3%ADa%20tener%20un%20libro%20dedicado\"><strong>CONTACTA CONMIGO AQU\u00cd SI QUIERES QUE TE ENV\u00cdE UN EJEMPLAR DEDICADO<\/strong><\/a><\/p>","protected":false},"featured_media":3758,"comment_status":"closed","ping_status":"closed","template":"","meta":{"_monsterinsights_skip_tracking":false,"_monsterinsights_sitenote_active":false,"_monsterinsights_sitenote_note":"","_monsterinsights_sitenote_category":0},"product_cat":[125,89],"product_tag":[58,127,128,126],"yoast_head":"<!-- This site is optimized with the Yoast SEO plugin v20.1 - https:\/\/yoast.com\/wordpress\/plugins\/seo\/ -->\n<title>Dante XXIII - Lauraperezmacho.com<\/title>\n<meta name=\"description\" content=\"Dante XXIII ha recibido Menci\u00f3n de Honor en los Premios International Latino Book Awards (ILBA) 2025 a la Mejor novela de Ciencia ficci\u00f3n\" \/>\n<meta name=\"robots\" content=\"index, follow, max-snippet:-1, max-image-preview:large, max-video-preview:-1\" \/>\n<link rel=\"canonical\" href=\"http:\/\/lauraperezmacho.com\/en\/product\/dante-xxiii\/\" \/>\n<meta property=\"og:locale\" content=\"en_GB\" \/>\n<meta property=\"og:type\" content=\"article\" \/>\n<meta property=\"og:title\" content=\"Dante XXIII - Lauraperezmacho.com\" \/>\n<meta property=\"og:description\" content=\"Dante XXIII ha recibido Menci\u00f3n de Honor en los Premios International Latino Book Awards (ILBA) 2025 a la Mejor novela de Ciencia ficci\u00f3n\" \/>\n<meta property=\"og:url\" content=\"http:\/\/lauraperezmacho.com\/en\/product\/dante-xxiii\/\" \/>\n<meta property=\"og:site_name\" content=\"Lauraperezmacho.com\" \/>\n<meta property=\"article:modified_time\" content=\"2025-09-13T16:13:35+00:00\" \/>\n<meta property=\"og:image\" content=\"https:\/\/lauraperezmacho.com\/wp-content\/uploads\/2023\/11\/EBOOK-DANTE-XXIII-MENCION-HONOR-ILBA-2025.jpg\" \/>\n\t<meta property=\"og:image:width\" content=\"625\" \/>\n\t<meta property=\"og:image:height\" content=\"1000\" \/>\n\t<meta property=\"og:image:type\" content=\"image\/jpeg\" \/>\n<meta name=\"twitter:card\" content=\"summary_large_image\" \/>\n<meta name=\"twitter:label1\" content=\"Estimated reading time\" \/>\n\t<meta name=\"twitter:data1\" content=\"2 minutes\" \/>\n<script type=\"application\/ld+json\" class=\"yoast-schema-graph\">{\"@context\":\"https:\/\/schema.org\",\"@graph\":[{\"@type\":\"WebPage\",\"@id\":\"https:\/\/lauraperezmacho.com\/product\/dante-xxiii\/\",\"url\":\"https:\/\/lauraperezmacho.com\/product\/dante-xxiii\/\",\"name\":\"Dante XXIII - Lauraperezmacho.com\",\"isPartOf\":{\"@id\":\"https:\/\/lauraperezmacho.com\/#website\"},\"datePublished\":\"2023-11-18T16:04:05+00:00\",\"dateModified\":\"2025-09-13T16:13:35+00:00\",\"description\":\"Dante XXIII ha recibido Menci\u00f3n de Honor en los Premios International Latino Book Awards (ILBA) 2025 a la Mejor novela de Ciencia ficci\u00f3n\",\"breadcrumb\":{\"@id\":\"https:\/\/lauraperezmacho.com\/product\/dante-xxiii\/#breadcrumb\"},\"inLanguage\":\"en-GB\",\"potentialAction\":[{\"@type\":\"ReadAction\",\"target\":[\"https:\/\/lauraperezmacho.com\/product\/dante-xxiii\/\"]}]},{\"@type\":\"BreadcrumbList\",\"@id\":\"https:\/\/lauraperezmacho.com\/product\/dante-xxiii\/#breadcrumb\",\"itemListElement\":[{\"@type\":\"ListItem\",\"position\":1,\"name\":\"Home\",\"item\":\"https:\/\/lauraperezmacho.com\/\"},{\"@type\":\"ListItem\",\"position\":2,\"name\":\"Mi tienda\",\"item\":\"https:\/\/lauraperezmacho.com\/mi-tienda\/\"},{\"@type\":\"ListItem\",\"position\":3,\"name\":\"Dante XXIII\"}]},{\"@type\":\"WebSite\",\"@id\":\"https:\/\/lauraperezmacho.com\/#website\",\"url\":\"https:\/\/lauraperezmacho.com\/\",\"name\":\"Lauraperezmacho.com\",\"description\":\"Web de autora Laura Perez Macho\",\"potentialAction\":[{\"@type\":\"SearchAction\",\"target\":{\"@type\":\"EntryPoint\",\"urlTemplate\":\"https:\/\/lauraperezmacho.com\/?s={search_term_string}\"},\"query-input\":\"required name=search_term_string\"}],\"inLanguage\":\"en-GB\"}]}<\/script>\n<!-- \/ Yoast SEO plugin. -->","yoast_head_json":{"title":"Dante XXIII - Lauraperezmacho.com","description":"Dante XXIII ha recibido Menci\u00f3n de Honor en los Premios International Latino Book Awards (ILBA) 2025 a la Mejor novela de Ciencia ficci\u00f3n","robots":{"index":"index","follow":"follow","max-snippet":"max-snippet:-1","max-image-preview":"max-image-preview:large","max-video-preview":"max-video-preview:-1"},"canonical":"http:\/\/lauraperezmacho.com\/en\/product\/dante-xxiii\/","og_locale":"en_GB","og_type":"article","og_title":"Dante XXIII - Lauraperezmacho.com","og_description":"Dante XXIII ha recibido Menci\u00f3n de Honor en los Premios International Latino Book Awards (ILBA) 2025 a la Mejor novela de Ciencia ficci\u00f3n","og_url":"http:\/\/lauraperezmacho.com\/en\/product\/dante-xxiii\/","og_site_name":"Lauraperezmacho.com","article_modified_time":"2025-09-13T16:13:35+00:00","og_image":[{"width":625,"height":1000,"url":"https:\/\/lauraperezmacho.com\/wp-content\/uploads\/2023\/11\/EBOOK-DANTE-XXIII-MENCION-HONOR-ILBA-2025.jpg","type":"image\/jpeg"}],"twitter_card":"summary_large_image","twitter_misc":{"Estimated reading time":"2 minutes"},"schema":{"@context":"https:\/\/schema.org","@graph":[{"@type":"WebPage","@id":"https:\/\/lauraperezmacho.com\/product\/dante-xxiii\/","url":"https:\/\/lauraperezmacho.com\/product\/dante-xxiii\/","name":"Dante XXIII - Lauraperezmacho.com","isPartOf":{"@id":"https:\/\/lauraperezmacho.com\/#website"},"datePublished":"2023-11-18T16:04:05+00:00","dateModified":"2025-09-13T16:13:35+00:00","description":"Dante XXIII ha recibido Menci\u00f3n de Honor en los Premios International Latino Book Awards (ILBA) 2025 a la Mejor novela de Ciencia ficci\u00f3n","breadcrumb":{"@id":"https:\/\/lauraperezmacho.com\/product\/dante-xxiii\/#breadcrumb"},"inLanguage":"en-GB","potentialAction":[{"@type":"ReadAction","target":["https:\/\/lauraperezmacho.com\/product\/dante-xxiii\/"]}]},{"@type":"BreadcrumbList","@id":"https:\/\/lauraperezmacho.com\/product\/dante-xxiii\/#breadcrumb","itemListElement":[{"@type":"ListItem","position":1,"name":"Home","item":"https:\/\/lauraperezmacho.com\/"},{"@type":"ListItem","position":2,"name":"Mi tienda","item":"https:\/\/lauraperezmacho.com\/mi-tienda\/"},{"@type":"ListItem","position":3,"name":"Dante XXIII"}]},{"@type":"WebSite","@id":"https:\/\/lauraperezmacho.com\/#website","url":"https:\/\/lauraperezmacho.com\/","name":"Lauraperezmacho.com","description":"Web de autora Laura Perez Macho","potentialAction":[{"@type":"SearchAction","target":{"@type":"EntryPoint","urlTemplate":"https:\/\/lauraperezmacho.com\/?s={search_term_string}"},"query-input":"required name=search_term_string"}],"inLanguage":"en-GB"}]}},"_links":{"self":[{"href":"http:\/\/lauraperezmacho.com\/en\/wp-json\/wp\/v2\/product\/2662"}],"collection":[{"href":"http:\/\/lauraperezmacho.com\/en\/wp-json\/wp\/v2\/product"}],"about":[{"href":"http:\/\/lauraperezmacho.com\/en\/wp-json\/wp\/v2\/types\/product"}],"replies":[{"embeddable":true,"href":"http:\/\/lauraperezmacho.com\/en\/wp-json\/wp\/v2\/comments?post=2662"}],"wp:featuredmedia":[{"embeddable":true,"href":"http:\/\/lauraperezmacho.com\/en\/wp-json\/wp\/v2\/media\/3758"}],"wp:attachment":[{"href":"http:\/\/lauraperezmacho.com\/en\/wp-json\/wp\/v2\/media?parent=2662"}],"wp:term":[{"taxonomy":"product_cat","embeddable":true,"href":"http:\/\/lauraperezmacho.com\/en\/wp-json\/wp\/v2\/product_cat?post=2662"},{"taxonomy":"product_tag","embeddable":true,"href":"http:\/\/lauraperezmacho.com\/en\/wp-json\/wp\/v2\/product_tag?post=2662"}],"curies":[{"name":"wp","href":"https:\/\/api.w.org\/{rel}","templated":true}]}}