{"id":658,"date":"2017-08-18T09:29:31","date_gmt":"2017-08-18T07:29:31","guid":{"rendered":"https:\/\/lauraperezmacho.com\/?page_id=658"},"modified":"2022-07-31T20:36:10","modified_gmt":"2022-07-31T18:36:10","slug":"contacto","status":"publish","type":"page","link":"http:\/\/lauraperezmacho.com\/en\/contacto\/","title":{"rendered":"Contacto"},"content":{"rendered":"<p>\r\n\r\n<div class=\"TextBlock\" id=\"shortcode-6555c08b055660c745ba43ecbf8187fd\" >\r\n\t<p><span style=\"font-weight: 400;\">Estar\u00e9 encantada de responder a tus preguntas sobre mis creaciones. O, si quieres comentarme alguna otra cosa, si\u00e9ntete libre. Responder\u00e9 lo antes que pueda.<\/span><\/p><p>Te invito a visitar y <strong><a href=\"https:\/\/www.youtube.com\/c\/MiBibliotecaOscura?sub_confirmation=1\">SUSCRIBIRTE<\/a><\/strong> a mi canal de <strong>YOUTUBE<\/strong>:<\/p><p><script src=\"https:\/\/apis.google.com\/js\/platform.js\"><\/script><\/p><div class=\"g-ytsubscribe\" data-channelid=\"UC8z7S2tRyFZCkSOcUJQS6yw\" data-layout=\"full\" data-count=\"default\"><\/div><\/div>\r\n\r\n<div class=\"spacer\" id=\"shortcode-17969b4e11417ab0a6c6af655a2da59f\"><\/div>\r\n\r\n<div class=\"BoxIcon box-icon-horizontal\" id=\"shortcode-a26b1c02f4f4c31890a8ef68980fe248\" >\r\n\t<div class=\"box-icon-header-wrapper pos-r\">\r\n\t\t\t\t\t\t\t\t\t<i class=\"icon-phone\"><\/i>\r\n\t\t\t\t<\/div>\r\n\t<div class=\"box-icon-content\">\r\n\t\t\t\t\t\t\t<h4 class=\"box-icon-title\">Tel\u00e9fono -WhatsApp<\/h4>\r\n\t\t\t\t\t\t\t\t\t<div class=\"box-icon-text\">+49 1788716106<\/div>\r\n\t\t\t<\/div>\r\n<\/div><!-- end BoxIcon -->\r\n\r\n\r\n<div class=\"BoxIcon box-icon-horizontal\" id=\"shortcode-baf8acd7db9701c702702793e409d243\" >\r\n\t<div class=\"box-icon-header-wrapper pos-r\">\r\n\t\t\t\t\t\t\t\t\t<i class=\"icon-envelope\"><\/i>\r\n\t\t\t\t<\/div>\r\n\t<div class=\"box-icon-content\">\r\n\t\t\t\t\t\t\t<h4 class=\"box-icon-title\">E-mail<\/h4>\r\n\t\t\t\t\t\t\t\t\t<div class=\"box-icon-text\">info@lauraperezmacho.com<\/div>\r\n\t\t\t<\/div>\r\n<\/div><!-- end BoxIcon -->\r\n\r\n\r\n<div class=\"fw-tabs-container tabs-justified tabs-horizontal hidden-md hidden-lg hidden-xs hidden-sm\" id=\"fw-tabs-69dff7cf74613\" >\r\n\t<div class=\"fw-tabs\">\r\n\t\t<ul>\r\n\t\t\t\t\t\t<li>\r\n\t\t\t\t<a class=\"font-heading element-title\" href=\"#fw-tabs-69dff7cf74613-1\">\r\n\t\t\t\t\t<i class=\"tabs-icon\"><\/i>\r\n\t\t\t\t\t<span><\/span>\r\n\t\t\t\t<\/a>\r\n\t\t\t<\/li>\r\n\t\t\t\t\t<\/ul>\r\n\t<\/div>\r\n\t\t\t<div class=\"fw-tab-content\" id=\"fw-tabs-69dff7cf74613-1\">\r\n\t\t\t<p><script src='https:\/\/storage.ko-fi.com\/cdn\/scripts\/overlay-widget.js'><\/script><br \/><script>  kofiWidgetOverlay.draw('lauryperezmacholibros', {    'type': 'floating-chat',    'floating-chat.donateButton.text': 'Me apoyas?',    'floating-chat.donateButton.background-color': '#794bc4',    'floating-chat.donateButton.text-color': '#fff'  });<\/script><\/p>\t\t<\/div>\r\n\t<\/div><\/p>","protected":false},"excerpt":{"rendered":"<p>Estar\u00e9 encantada de responder a tus preguntas sobre mis creaciones. O, si quieres comentarme alguna otra cosa, si\u00e9ntete libre. Responder\u00e9 lo antes que pueda.Te invito a visitar y SUSCRIBIRTE a mi canal de YOUTUBE: Tel\u00e9fono -WhatsApp +49 1788716106 E-mail info@lauraperezmacho.com<\/p>","protected":false},"author":1,"featured_media":0,"parent":0,"menu_order":0,"comment_status":"closed","ping_status":"closed","template":"template-contact.php","meta":{"_monsterinsights_skip_tracking":false,"_monsterinsights_sitenote_active":false,"_monsterinsights_sitenote_note":"","_monsterinsights_sitenote_category":0},"yoast_head":"<!-- This site is optimized with the Yoast SEO plugin v20.1 - https:\/\/yoast.com\/wordpress\/plugins\/seo\/ -->\n<title>Contacto - Laura P\u00e9rez Macho<\/title>\n<meta name=\"description\" content=\"Contacto: escr\u00edbeme, estar\u00e9 encantada de responder a tus dudas, comentarios y cualquier cosa que quieras comentarme.\" \/>\n<meta name=\"robots\" content=\"index, follow, max-snippet:-1, max-image-preview:large, max-video-preview:-1\" \/>\n<link rel=\"canonical\" href=\"http:\/\/lauraperezmacho.com\/en\/contacto\/\" \/>\n<meta property=\"og:locale\" content=\"en_GB\" \/>\n<meta property=\"og:type\" content=\"article\" \/>\n<meta property=\"og:title\" content=\"Contacto - Laura P\u00e9rez Macho\" \/>\n<meta property=\"og:description\" content=\"Contacto: escr\u00edbeme, estar\u00e9 encantada de responder a tus dudas, comentarios y cualquier cosa que quieras comentarme.\" \/>\n<meta property=\"og:url\" content=\"http:\/\/lauraperezmacho.com\/en\/contacto\/\" \/>\n<meta property=\"og:site_name\" content=\"Lauraperezmacho.com\" \/>\n<meta property=\"article:modified_time\" content=\"2022-07-31T18:36:10+00:00\" \/>\n<meta name=\"twitter:card\" content=\"summary_large_image\" \/>\n<meta name=\"twitter:label1\" content=\"Estimated reading time\" \/>\n\t<meta name=\"twitter:data1\" content=\"1 minute\" \/>\n<script type=\"application\/ld+json\" class=\"yoast-schema-graph\">{\"@context\":\"https:\/\/schema.org\",\"@graph\":[{\"@type\":\"WebPage\",\"@id\":\"https:\/\/lauraperezmacho.com\/contacto\/\",\"url\":\"https:\/\/lauraperezmacho.com\/contacto\/\",\"name\":\"Contacto - Laura P\u00e9rez Macho\",\"isPartOf\":{\"@id\":\"https:\/\/lauraperezmacho.com\/#website\"},\"datePublished\":\"2017-08-18T07:29:31+00:00\",\"dateModified\":\"2022-07-31T18:36:10+00:00\",\"description\":\"Contacto: escr\u00edbeme, estar\u00e9 encantada de responder a tus dudas, comentarios y cualquier cosa que quieras comentarme.\",\"breadcrumb\":{\"@id\":\"https:\/\/lauraperezmacho.com\/contacto\/#breadcrumb\"},\"inLanguage\":\"en-GB\",\"potentialAction\":[{\"@type\":\"ReadAction\",\"target\":[\"https:\/\/lauraperezmacho.com\/contacto\/\"]}]},{\"@type\":\"BreadcrumbList\",\"@id\":\"https:\/\/lauraperezmacho.com\/contacto\/#breadcrumb\",\"itemListElement\":[{\"@type\":\"ListItem\",\"position\":1,\"name\":\"Home\",\"item\":\"https:\/\/lauraperezmacho.com\/\"},{\"@type\":\"ListItem\",\"position\":2,\"name\":\"Contacto\"}]},{\"@type\":\"WebSite\",\"@id\":\"https:\/\/lauraperezmacho.com\/#website\",\"url\":\"https:\/\/lauraperezmacho.com\/\",\"name\":\"Lauraperezmacho.com\",\"description\":\"Web de autora Laura Perez Macho\",\"potentialAction\":[{\"@type\":\"SearchAction\",\"target\":{\"@type\":\"EntryPoint\",\"urlTemplate\":\"https:\/\/lauraperezmacho.com\/?s={search_term_string}\"},\"query-input\":\"required name=search_term_string\"}],\"inLanguage\":\"en-GB\"}]}<\/script>\n<!-- \/ Yoast SEO plugin. -->","yoast_head_json":{"title":"Contacto - Laura P\u00e9rez Macho","description":"Contacto: escr\u00edbeme, estar\u00e9 encantada de responder a tus dudas, comentarios y cualquier cosa que quieras comentarme.","robots":{"index":"index","follow":"follow","max-snippet":"max-snippet:-1","max-image-preview":"max-image-preview:large","max-video-preview":"max-video-preview:-1"},"canonical":"http:\/\/lauraperezmacho.com\/en\/contacto\/","og_locale":"en_GB","og_type":"article","og_title":"Contacto - Laura P\u00e9rez Macho","og_description":"Contacto: escr\u00edbeme, estar\u00e9 encantada de responder a tus dudas, comentarios y cualquier cosa que quieras comentarme.","og_url":"http:\/\/lauraperezmacho.com\/en\/contacto\/","og_site_name":"Lauraperezmacho.com","article_modified_time":"2022-07-31T18:36:10+00:00","twitter_card":"summary_large_image","twitter_misc":{"Estimated reading time":"1 minute"},"schema":{"@context":"https:\/\/schema.org","@graph":[{"@type":"WebPage","@id":"https:\/\/lauraperezmacho.com\/contacto\/","url":"https:\/\/lauraperezmacho.com\/contacto\/","name":"Contacto - Laura P\u00e9rez Macho","isPartOf":{"@id":"https:\/\/lauraperezmacho.com\/#website"},"datePublished":"2017-08-18T07:29:31+00:00","dateModified":"2022-07-31T18:36:10+00:00","description":"Contacto: escr\u00edbeme, estar\u00e9 encantada de responder a tus dudas, comentarios y cualquier cosa que quieras comentarme.","breadcrumb":{"@id":"https:\/\/lauraperezmacho.com\/contacto\/#breadcrumb"},"inLanguage":"en-GB","potentialAction":[{"@type":"ReadAction","target":["https:\/\/lauraperezmacho.com\/contacto\/"]}]},{"@type":"BreadcrumbList","@id":"https:\/\/lauraperezmacho.com\/contacto\/#breadcrumb","itemListElement":[{"@type":"ListItem","position":1,"name":"Home","item":"https:\/\/lauraperezmacho.com\/"},{"@type":"ListItem","position":2,"name":"Contacto"}]},{"@type":"WebSite","@id":"https:\/\/lauraperezmacho.com\/#website","url":"https:\/\/lauraperezmacho.com\/","name":"Lauraperezmacho.com","description":"Web de autora Laura Perez Macho","potentialAction":[{"@type":"SearchAction","target":{"@type":"EntryPoint","urlTemplate":"https:\/\/lauraperezmacho.com\/?s={search_term_string}"},"query-input":"required name=search_term_string"}],"inLanguage":"en-GB"}]}},"_links":{"self":[{"href":"http:\/\/lauraperezmacho.com\/en\/wp-json\/wp\/v2\/pages\/658"}],"collection":[{"href":"http:\/\/lauraperezmacho.com\/en\/wp-json\/wp\/v2\/pages"}],"about":[{"href":"http:\/\/lauraperezmacho.com\/en\/wp-json\/wp\/v2\/types\/page"}],"author":[{"embeddable":true,"href":"http:\/\/lauraperezmacho.com\/en\/wp-json\/wp\/v2\/users\/1"}],"replies":[{"embeddable":true,"href":"http:\/\/lauraperezmacho.com\/en\/wp-json\/wp\/v2\/comments?post=658"}],"version-history":[{"count":16,"href":"http:\/\/lauraperezmacho.com\/en\/wp-json\/wp\/v2\/pages\/658\/revisions"}],"predecessor-version":[{"id":1981,"href":"http:\/\/lauraperezmacho.com\/en\/wp-json\/wp\/v2\/pages\/658\/revisions\/1981"}],"wp:attachment":[{"href":"http:\/\/lauraperezmacho.com\/en\/wp-json\/wp\/v2\/media?parent=658"}],"curies":[{"name":"wp","href":"https:\/\/api.w.org\/{rel}","templated":true}]}}